{"id":11062,"date":"2023-01-16T15:05:35","date_gmt":"2023-01-16T15:05:35","guid":{"rendered":"https:\/\/leroux.qodeinteractive.com\/?page_id=3"},"modified":"2025-05-29T11:27:07","modified_gmt":"2025-05-29T09:27:07","slug":"politica-de-privacidad","status":"publish","type":"page","link":"https:\/\/www.lanalden.com\/en\/politica-de-privacidad\/","title":{"rendered":"Pol\u00edtica de Privacidad"},"content":{"rendered":"<div data-elementor-type=\"wp-page\" data-elementor-id=\"11062\" class=\"elementor elementor-11062\">\n\t\t\t\t\t\t<section class=\"elementor-section elementor-top-section elementor-element elementor-element-25434705 elementor-section-full_width elementor-section-height-default elementor-section-height-default\" data-id=\"25434705\" data-element_type=\"section\" data-e-type=\"section\">\n\t\t\t\t\t\t<div class=\"elementor-container elementor-column-gap-default\">\n\t\t\t\t\t<div class=\"elementor-column elementor-col-100 elementor-top-column elementor-element elementor-element-5aa2d5b3\" data-id=\"5aa2d5b3\" data-element_type=\"column\" data-e-type=\"column\">\n\t\t\t<div class=\"elementor-widget-wrap elementor-element-populated\">\n\t\t\t\t\t\t<div class=\"elementor-element elementor-element-4bb4e95 elementor-widget elementor-widget-text-editor\" data-id=\"4bb4e95\" data-element_type=\"widget\" data-e-type=\"widget\" data-widget_type=\"text-editor.default\">\n\t\t\t\t<div class=\"elementor-widget-container\">\n\t\t\t\t\t\t\t\t\t<p><b>POL\u00cdTICA DE PRIVACIDAD<\/b><\/p><p>LANALDEN S.A. est\u00e1 sensibilizada en la protecci\u00f3n de datos de car\u00e1cter personal. Mediante la presente Pol\u00edtica de Privacidad (o Pol\u00edtica de Protecci\u00f3n de Datos)<\/p><p>LANALDEN informa a los USUARIOS del sitio web: www.lanalden.com, de los usos a los que se someten los datos de car\u00e1cter personal que se recaban en sitio Web.<\/p><p>LANALDEN S.A se reserva la facultad de modificar esta Pol\u00edtica.<\/p><p><b>Responsable<\/b><\/p><p>El Responsable del Tratamiento de los datos de car\u00e1cter personal es:<br \/>LANALDEN S.A.<br \/>CIF: A48981641<br \/>C\/ Larrauri, 1-C, 1\u00ba, 48160 Derio<br \/>Tel\u00e9fono: 94 403 73 33 E-mail: lanaldendpd@lanalden.com<\/p><p><b>Finalidad<\/b><\/p><p>La finalidad de la recogida y tratamiento de los datos personales, a trav\u00e9s de los distintos formularios, puestos a disposici\u00f3n de los Usuarios, responden, seg\u00fan el caso concreto, para dar respuesta a la consulta planteada, o informaci\u00f3n solicitada, tener en cuenta las sugerencias realizadas por los usuarios de la Web, la gesti\u00f3n de su alta para recibir boletines, o avisos con informaci\u00f3n de su inter\u00e9s, as\u00ed como la comunicaci\u00f3n con los mismos para informarles sobre nuevas actividades\/ noticias, y adem\u00e1s, gestionar las solicitudes de empleo, mediante la recogida de curr\u00edculums, con el fin de poder contactar con el interesado y llevar a cabo un proceso de selecci\u00f3n.<\/p><p>Si desea recibir informaci\u00f3n sobre nuestros productos y servicios debe remitirnos un correo electr\u00f3nico a info@lanalden.com e indicarnos su voluntad para remitirle la misma. En las comunicaciones que reciba se le dar\u00e1 la posibilidad de darse de baja, para dejar de recibir nuestras comunicaciones, y siempre puede hacerlo remitiendo un correo electr\u00f3nico a la direcci\u00f3n lanaldendpd@lanalden.com<\/p><p><b>Plazo<\/b><\/p><p>Los datos personales proporcionados se conservar\u00e1n durante el plazo correspondiente para su tratamiento, mientras no se oponga al tratamiento o revoque el consentimiento.<\/p><p><b>Legitimaci\u00f3n<\/b><\/p><p>LANALDEN S.A. trata los datos personales de forma leg\u00edtima, en base a alguna de las siguientes bases jur\u00eddicas:<br \/>En base al consentimiento otorgado por el interesado mediante la firma o aceptaci\u00f3n de los pertinentes formularios, tal y como recoge el art\u00edculo 6.1 del Reglamento General de Protecci\u00f3n de datos personales, tratamiento necesario para la ejecuci\u00f3n de un contrato o para la aplicaci\u00f3n a petici\u00f3n de este de medidas precontractuales, tratamiento necesario para el cumplimiento de una obligaci\u00f3n legal, inter\u00e9s leg\u00edtimo, siempre que no prevalezcan los intereses o los derechos y libertades fundamentales del interesado que requieran la protecci\u00f3n de datos personales.<\/p><p><b>Exactitud de los datos<\/b><\/p><p>Se tratar\u00e1 de mantener actualizados los datos registrados en nuestros ficheros. De manera que el Usuario deber\u00e1 realizar los cambios comunic\u00e1ndolos, por medio fehaciente, al \u00e1rea Protecci\u00f3n de Datos de LANALDEN S.A.<\/p><p><b>Destinatarios<\/b><\/p><p>Los datos personales no ser\u00e1n cedidos o comunicados a terceros, salvo en los supuestos necesarios para el desarrollo, control y cumplimiento de las finalidad\/es expresada\/s, en los supuestos previstos en la legislaci\u00f3n.<\/p><p><b>Derechos de los Usuarios<\/b><\/p><p>El interesado puede ejercitar los derechos que le asisten, de acuerdo con el Reglamento General de Protecci\u00f3n de Datos, y que son:<\/p><p>Acceso a los datos personales relativos al interesado.<\/p><p>Rectificaci\u00f3n<\/p><p>Supresi\u00f3n<\/p><p>Limitaci\u00f3n de su tratamiento,<\/p><p>Oponerse al tratamiento,<\/p><p>Portabilidad de los datos<\/p><p>Estos derechos podr\u00e1n ejercitarse mediante escrito de solicitud del derecho solicitado, con prueba fehaciente de la identidad del peticionario, remitido a: LANALDEN S.A. &#8211; Dpto. Protecci\u00f3n de Datos, C\/ Larrauri, 1-C, 1\u00ba, 48160 Derio o por correo electr\u00f3nico lanaldendpd@lanalden.com<br \/>LANALDEN ha nombrado un Delegado de Protecci\u00f3n de Datos siendo comunicado a la Agencia de Protecci\u00f3n de Datos (AGPD) y la direcci\u00f3n de correo electr\u00f3nico es lanaldendpd@lanalden.com<br \/>En caso de considerar vulnerado su derecho a la protecci\u00f3n de datos personales, podr\u00e1 interponer una reclamaci\u00f3n ante la Agencia Espa\u00f1ola de Protecci\u00f3n de Datos (www.agpd.es).<\/p><p><b>Medidas de seguridad<\/b><\/p><p>LANALDEN S.A. adoptar\u00e1 en su sistema de informaci\u00f3n las medidas t\u00e9cnicas y organizativas adecuadas, dando cumplimiento al principio de responsabilidad proactiva, a fin de garantizar la seguridad y confidencialidad de los datos almacenados, evitando as\u00ed, su alteraci\u00f3n, p\u00e9rdida, tratamiento o acceso no autorizado; teniendo en cuenta el estado de la t\u00e9cnica, los costes de aplicaci\u00f3n, y la naturaleza, el alcance, el contexto y los fines del tratamiento, as\u00ed como riesgos de probabilidad y gravedad variables asociadas a cada uno de los tratamientos.<\/p>\t\t\t\t\t\t\t\t<\/div>\n\t\t\t\t<\/div>\n\t\t\t\t\t<\/div>\n\t\t<\/div>\n\t\t\t\t\t<\/div>\n\t\t<\/section>\n\t\t\t\t<\/div>","protected":false},"excerpt":{"rendered":"<p>POL\u00cdTICA DE PRIVACIDAD LANALDEN S.A. est\u00e1 sensibilizada en la protecci\u00f3n de datos de car\u00e1cter personal. Mediante la presente Pol\u00edtica de Privacidad (o Pol\u00edtica de Protecci\u00f3n de Datos) LANALDEN informa a los USUARIOS del sitio web: www.lanalden.com, de los usos a los que se someten los datos de car\u00e1cter personal que se recaban en sitio Web. [&hellip;]<\/p>\n","protected":false},"author":1,"featured_media":0,"parent":0,"menu_order":0,"comment_status":"closed","ping_status":"closed","template":"","meta":{"_eb_attr":"","footnotes":""},"class_list":["post-11062","page","type-page","status-publish","hentry"],"yoast_head":"<!-- This site is optimized with the Yoast SEO plugin v27.5 - https:\/\/yoast.com\/product\/yoast-seo-wordpress\/ -->\n<title>Pol\u00edtica de Privacidad - Lanalden<\/title>\n<meta name=\"description\" content=\"Consulta la pol\u00edtica de privacidad de Lanalden y conoce c\u00f3mo protegemos los datos con altos est\u00e1ndares de seguridad y cumplimiento.\" \/>\n<meta name=\"robots\" content=\"index, follow, max-snippet:-1, max-image-preview:large, max-video-preview:-1\" \/>\n<link rel=\"canonical\" href=\"https:\/\/www.lanalden.com\/en\/politica-de-privacidad\/\" \/>\n<meta property=\"og:locale\" content=\"en_GB\" \/>\n<meta property=\"og:type\" content=\"article\" \/>\n<meta property=\"og:title\" content=\"Pol\u00edtica de Privacidad - Lanalden\" \/>\n<meta property=\"og:description\" content=\"Consulta la pol\u00edtica de privacidad de Lanalden y conoce c\u00f3mo protegemos los datos con altos est\u00e1ndares de seguridad y cumplimiento.\" \/>\n<meta property=\"og:url\" content=\"https:\/\/www.lanalden.com\/en\/politica-de-privacidad\/\" \/>\n<meta property=\"og:site_name\" content=\"Lanalden\" \/>\n<meta property=\"article:publisher\" content=\"https:\/\/www.facebook.com\/lanalden\" \/>\n<meta property=\"article:modified_time\" content=\"2025-05-29T09:27:07+00:00\" \/>\n<meta name=\"twitter:card\" content=\"summary_large_image\" \/>\n<meta name=\"twitter:site\" content=\"@lanalden\" \/>\n<meta name=\"twitter:label1\" content=\"Estimated reading time\" \/>\n\t<meta name=\"twitter:data1\" content=\"3 minutes\" \/>\n<script type=\"application\/ld+json\" class=\"yoast-schema-graph\">{\"@context\":\"https:\\\/\\\/schema.org\",\"@graph\":[{\"@type\":\"WebPage\",\"@id\":\"https:\\\/\\\/www.lanalden.com\\\/politica-de-privacidad\\\/\",\"url\":\"https:\\\/\\\/www.lanalden.com\\\/politica-de-privacidad\\\/\",\"name\":\"Pol\u00edtica de Privacidad - Lanalden\",\"isPartOf\":{\"@id\":\"https:\\\/\\\/www.lanalden.com\\\/#website\"},\"datePublished\":\"2023-01-16T15:05:35+00:00\",\"dateModified\":\"2025-05-29T09:27:07+00:00\",\"description\":\"Consulta la pol\u00edtica de privacidad de Lanalden y conoce c\u00f3mo protegemos los datos con altos est\u00e1ndares de seguridad y cumplimiento.\",\"breadcrumb\":{\"@id\":\"https:\\\/\\\/www.lanalden.com\\\/politica-de-privacidad\\\/#breadcrumb\"},\"inLanguage\":\"en-GB\",\"potentialAction\":[{\"@type\":\"ReadAction\",\"target\":[\"https:\\\/\\\/www.lanalden.com\\\/politica-de-privacidad\\\/\"]}]},{\"@type\":\"BreadcrumbList\",\"@id\":\"https:\\\/\\\/www.lanalden.com\\\/politica-de-privacidad\\\/#breadcrumb\",\"itemListElement\":[{\"@type\":\"ListItem\",\"position\":1,\"name\":\"Home\",\"item\":\"https:\\\/\\\/www.lanalden.com\\\/\"},{\"@type\":\"ListItem\",\"position\":2,\"name\":\"Pol\u00edtica de Privacidad\"}]},{\"@type\":\"WebSite\",\"@id\":\"https:\\\/\\\/www.lanalden.com\\\/#website\",\"url\":\"https:\\\/\\\/www.lanalden.com\\\/\",\"name\":\"https:\\\/\\\/www.lanalden.com\\\/\",\"description\":\"\",\"publisher\":{\"@id\":\"https:\\\/\\\/www.lanalden.com\\\/#organization\"},\"potentialAction\":[{\"@type\":\"SearchAction\",\"target\":{\"@type\":\"EntryPoint\",\"urlTemplate\":\"https:\\\/\\\/www.lanalden.com\\\/?s={search_term_string}\"},\"query-input\":{\"@type\":\"PropertyValueSpecification\",\"valueRequired\":true,\"valueName\":\"search_term_string\"}}],\"inLanguage\":\"en-GB\"},{\"@type\":\"Organization\",\"@id\":\"https:\\\/\\\/www.lanalden.com\\\/#organization\",\"name\":\"Lanalden\",\"url\":\"https:\\\/\\\/www.lanalden.com\\\/\",\"logo\":{\"@type\":\"ImageObject\",\"inLanguage\":\"en-GB\",\"@id\":\"https:\\\/\\\/www.lanalden.com\\\/#\\\/schema\\\/logo\\\/image\\\/\",\"url\":\"https:\\\/\\\/www.lanalden.com\\\/wp-content\\\/uploads\\\/2025\\\/03\\\/cropped-logo-lanalden-removebg-preview.png\",\"contentUrl\":\"https:\\\/\\\/www.lanalden.com\\\/wp-content\\\/uploads\\\/2025\\\/03\\\/cropped-logo-lanalden-removebg-preview.png\",\"width\":150,\"height\":150,\"caption\":\"Lanalden\"},\"image\":{\"@id\":\"https:\\\/\\\/www.lanalden.com\\\/#\\\/schema\\\/logo\\\/image\\\/\"},\"sameAs\":[\"https:\\\/\\\/www.facebook.com\\\/lanalden\",\"https:\\\/\\\/x.com\\\/lanalden\",\"https:\\\/\\\/es.linkedin.com\\\/company\\\/lanalden\",\"https:\\\/\\\/www.instagram.com\\\/lanaldendb\\\/\"]}]}<\/script>\n<!-- \/ Yoast SEO plugin. -->","yoast_head_json":{"title":"Pol\u00edtica de Privacidad - Lanalden","description":"Consulta la pol\u00edtica de privacidad de Lanalden y conoce c\u00f3mo protegemos los datos con altos est\u00e1ndares de seguridad y cumplimiento.","robots":{"index":"index","follow":"follow","max-snippet":"max-snippet:-1","max-image-preview":"max-image-preview:large","max-video-preview":"max-video-preview:-1"},"canonical":"https:\/\/www.lanalden.com\/en\/politica-de-privacidad\/","og_locale":"en_GB","og_type":"article","og_title":"Pol\u00edtica de Privacidad - Lanalden","og_description":"Consulta la pol\u00edtica de privacidad de Lanalden y conoce c\u00f3mo protegemos los datos con altos est\u00e1ndares de seguridad y cumplimiento.","og_url":"https:\/\/www.lanalden.com\/en\/politica-de-privacidad\/","og_site_name":"Lanalden","article_publisher":"https:\/\/www.facebook.com\/lanalden","article_modified_time":"2025-05-29T09:27:07+00:00","twitter_card":"summary_large_image","twitter_site":"@lanalden","twitter_misc":{"Estimated reading time":"3 minutes"},"schema":{"@context":"https:\/\/schema.org","@graph":[{"@type":"WebPage","@id":"https:\/\/www.lanalden.com\/politica-de-privacidad\/","url":"https:\/\/www.lanalden.com\/politica-de-privacidad\/","name":"Pol\u00edtica de Privacidad - Lanalden","isPartOf":{"@id":"https:\/\/www.lanalden.com\/#website"},"datePublished":"2023-01-16T15:05:35+00:00","dateModified":"2025-05-29T09:27:07+00:00","description":"Consulta la pol\u00edtica de privacidad de Lanalden y conoce c\u00f3mo protegemos los datos con altos est\u00e1ndares de seguridad y cumplimiento.","breadcrumb":{"@id":"https:\/\/www.lanalden.com\/politica-de-privacidad\/#breadcrumb"},"inLanguage":"en-GB","potentialAction":[{"@type":"ReadAction","target":["https:\/\/www.lanalden.com\/politica-de-privacidad\/"]}]},{"@type":"BreadcrumbList","@id":"https:\/\/www.lanalden.com\/politica-de-privacidad\/#breadcrumb","itemListElement":[{"@type":"ListItem","position":1,"name":"Home","item":"https:\/\/www.lanalden.com\/"},{"@type":"ListItem","position":2,"name":"Pol\u00edtica de Privacidad"}]},{"@type":"WebSite","@id":"https:\/\/www.lanalden.com\/#website","url":"https:\/\/www.lanalden.com\/","name":"https:\/\/www.lanalden.com\/","description":"","publisher":{"@id":"https:\/\/www.lanalden.com\/#organization"},"potentialAction":[{"@type":"SearchAction","target":{"@type":"EntryPoint","urlTemplate":"https:\/\/www.lanalden.com\/?s={search_term_string}"},"query-input":{"@type":"PropertyValueSpecification","valueRequired":true,"valueName":"search_term_string"}}],"inLanguage":"en-GB"},{"@type":"Organization","@id":"https:\/\/www.lanalden.com\/#organization","name":"Lanalden","url":"https:\/\/www.lanalden.com\/","logo":{"@type":"ImageObject","inLanguage":"en-GB","@id":"https:\/\/www.lanalden.com\/#\/schema\/logo\/image\/","url":"https:\/\/www.lanalden.com\/wp-content\/uploads\/2025\/03\/cropped-logo-lanalden-removebg-preview.png","contentUrl":"https:\/\/www.lanalden.com\/wp-content\/uploads\/2025\/03\/cropped-logo-lanalden-removebg-preview.png","width":150,"height":150,"caption":"Lanalden"},"image":{"@id":"https:\/\/www.lanalden.com\/#\/schema\/logo\/image\/"},"sameAs":["https:\/\/www.facebook.com\/lanalden","https:\/\/x.com\/lanalden","https:\/\/es.linkedin.com\/company\/lanalden","https:\/\/www.instagram.com\/lanaldendb\/"]}]}},"_links":{"self":[{"href":"https:\/\/www.lanalden.com\/en\/wp-json\/wp\/v2\/pages\/11062","targetHints":{"allow":["GET"]}}],"collection":[{"href":"https:\/\/www.lanalden.com\/en\/wp-json\/wp\/v2\/pages"}],"about":[{"href":"https:\/\/www.lanalden.com\/en\/wp-json\/wp\/v2\/types\/page"}],"author":[{"embeddable":true,"href":"https:\/\/www.lanalden.com\/en\/wp-json\/wp\/v2\/users\/1"}],"replies":[{"embeddable":true,"href":"https:\/\/www.lanalden.com\/en\/wp-json\/wp\/v2\/comments?post=11062"}],"version-history":[{"count":32,"href":"https:\/\/www.lanalden.com\/en\/wp-json\/wp\/v2\/pages\/11062\/revisions"}],"predecessor-version":[{"id":28364,"href":"https:\/\/www.lanalden.com\/en\/wp-json\/wp\/v2\/pages\/11062\/revisions\/28364"}],"wp:attachment":[{"href":"https:\/\/www.lanalden.com\/en\/wp-json\/wp\/v2\/media?parent=11062"}],"curies":[{"name":"wp","href":"https:\/\/api.w.org\/{rel}","templated":true}]}}