{"id":12123,"date":"2024-04-29T13:03:10","date_gmt":"2024-04-29T11:03:10","guid":{"rendered":"https:\/\/pre.lanalden.com\/?page_id=12123"},"modified":"2025-05-29T10:06:47","modified_gmt":"2025-05-29T08:06:47","slug":"servicios-sector-administracion","status":"publish","type":"page","link":"https:\/\/www.lanalden.com\/en\/servicios-sector-administracion\/","title":{"rendered":"Administraci\u00f3n"},"content":{"rendered":"<div data-elementor-type=\"wp-page\" data-elementor-id=\"12123\" class=\"elementor elementor-12123\">\n\t\t\t\t<div class=\"elementor-element elementor-element-f4f3802 e-flex e-con-boxed e-con e-parent\" data-id=\"f4f3802\" data-element_type=\"container\" data-e-type=\"container\">\n\t\t\t\t\t<div class=\"e-con-inner\">\n\t\t<div class=\"elementor-element elementor-element-e791f3f e-con-full e-flex e-con e-child\" data-id=\"e791f3f\" data-element_type=\"container\" data-e-type=\"container\">\n\t\t\t\t<div class=\"elementor-element elementor-element-47fa445 elementor-widget elementor-widget-text-editor\" data-id=\"47fa445\" data-element_type=\"widget\" data-e-type=\"widget\" data-widget_type=\"text-editor.default\">\n\t\t\t\t<div class=\"elementor-widget-container\">\n\t\t\t\t\t\t\t\t\t<p>Tenemos una larga trayectoria en la administraci\u00f3n de servicios de atenci\u00f3n al cliente del sector p\u00fablico.<\/p><p>Proporcionamos a nuestros clientes capacidades multiling\u00fces y equipos con experiencia en varias disciplinas para mejorar la comunicaci\u00f3n con los ciudadanos a trav\u00e9s de m\u00faltiples canales.<\/p><p>Nuestros equipos se distinguen por su aut\u00e9ntica comprensi\u00f3n de la cultura del servicio p\u00fablico, lo que nos permite superar las expectativas de los ciudadanos mientras respetamos sus valores, compromisos y desaf\u00edos.<\/p>\t\t\t\t\t\t\t\t<\/div>\n\t\t\t\t<\/div>\n\t\t\t\t<\/div>\n\t\t<div class=\"elementor-element elementor-element-d72e2b8 e-con-full e-flex e-con e-child\" data-id=\"d72e2b8\" data-element_type=\"container\" data-e-type=\"container\">\n\t\t\t\t<div class=\"elementor-element elementor-element-e74510d elementor-widget elementor-widget-image\" data-id=\"e74510d\" data-element_type=\"widget\" data-e-type=\"widget\" data-widget_type=\"image.default\">\n\t\t\t\t<div class=\"elementor-widget-container\">\n\t\t\t\t\t\t\t\t\t\t\t\t\t\t\t<img fetchpriority=\"high\" decoding=\"async\" width=\"1368\" height=\"768\" src=\"https:\/\/www.lanalden.com\/wp-content\/uploads\/2024\/07\/sector-administracion-p.jpg\" class=\"attachment-full size-full wp-image-20453\" alt=\"Imagen relacionada con servicios tecnol\u00f3gicos para administraci\u00f3n.\" srcset=\"https:\/\/www.lanalden.com\/wp-content\/uploads\/2024\/07\/sector-administracion-p.jpg 1368w, https:\/\/www.lanalden.com\/wp-content\/uploads\/2024\/07\/sector-administracion-p-300x168.jpg 300w, https:\/\/www.lanalden.com\/wp-content\/uploads\/2024\/07\/sector-administracion-p-1024x575.jpg 1024w, https:\/\/www.lanalden.com\/wp-content\/uploads\/2024\/07\/sector-administracion-p-768x431.jpg 768w, https:\/\/www.lanalden.com\/wp-content\/uploads\/2024\/07\/sector-administracion-p-18x10.jpg 18w\" sizes=\"(max-width: 1368px) 100vw, 1368px\" \/>\t\t\t\t\t\t\t\t\t\t\t\t\t\t\t<\/div>\n\t\t\t\t<\/div>\n\t\t\t\t<\/div>\n\t\t<div class=\"elementor-element elementor-element-f24430e e-con-full e-flex e-con e-child\" data-id=\"f24430e\" data-element_type=\"container\" data-e-type=\"container\">\n\t\t\t\t<div class=\"elementor-element elementor-element-6023806 elementor-widget elementor-widget-spacer\" data-id=\"6023806\" data-element_type=\"widget\" data-e-type=\"widget\" data-widget_type=\"spacer.default\">\n\t\t\t\t<div class=\"elementor-widget-container\">\n\t\t\t\t\t\t\t<div class=\"elementor-spacer\">\n\t\t\t<div class=\"elementor-spacer-inner\"><\/div>\n\t\t<\/div>\n\t\t\t\t\t\t<\/div>\n\t\t\t\t<\/div>\n\t\t\t\t<\/div>\n\t\t\t\t\t<\/div>\n\t\t\t\t<\/div>\n\t\t<div class=\"elementor-element elementor-element-7cce598 e-grid e-con-boxed e-con e-parent\" data-id=\"7cce598\" data-element_type=\"container\" data-e-type=\"container\">\n\t\t\t\t\t<div class=\"e-con-inner\">\n\t\t\t\t<div class=\"elementor-element elementor-element-ebe3684 elementor-widget elementor-widget-image\" data-id=\"ebe3684\" data-element_type=\"widget\" data-e-type=\"widget\" data-widget_type=\"image.default\">\n\t\t\t\t<div class=\"elementor-widget-container\">\n\t\t\t\t\t\t\t\t\t\t\t\t\t\t\t<img decoding=\"async\" width=\"1024\" height=\"575\" src=\"https:\/\/www.lanalden.com\/wp-content\/uploads\/2024\/07\/servicios-sector-administracion-1024x575.jpg\" class=\"attachment-large size-large wp-image-20449\" alt=\"Profesional de Lanalden prestando servicio a un cliente empresa del sector administraci\u00f3n.\" srcset=\"https:\/\/www.lanalden.com\/wp-content\/uploads\/2024\/07\/servicios-sector-administracion-1024x575.jpg 1024w, https:\/\/www.lanalden.com\/wp-content\/uploads\/2024\/07\/servicios-sector-administracion-300x168.jpg 300w, https:\/\/www.lanalden.com\/wp-content\/uploads\/2024\/07\/servicios-sector-administracion-768x431.jpg 768w, https:\/\/www.lanalden.com\/wp-content\/uploads\/2024\/07\/servicios-sector-administracion-18x10.jpg 18w, https:\/\/www.lanalden.com\/wp-content\/uploads\/2024\/07\/servicios-sector-administracion.jpg 1368w\" sizes=\"(max-width: 1024px) 100vw, 1024px\" \/>\t\t\t\t\t\t\t\t\t\t\t\t\t\t\t<\/div>\n\t\t\t\t<\/div>\n\t\t\t\t<div class=\"elementor-element elementor-element-a027e9b elementor-widget elementor-widget-text-editor\" data-id=\"a027e9b\" data-element_type=\"widget\" data-e-type=\"widget\" data-widget_type=\"text-editor.default\">\n\t\t\t\t<div class=\"elementor-widget-container\">\n\t\t\t\t\t\t\t\t\t<h3><strong>Servicios<\/strong><\/h3><ul><li>Servicios de atenci\u00f3n al ciudadano.<\/li><li>Apoyo a la acci\u00f3n social.<\/li><li>Gesti\u00f3n de emergencias.<\/li><li>Administraci\u00f3n electr\u00f3nica.<\/li><\/ul>\t\t\t\t\t\t\t\t<\/div>\n\t\t\t\t<\/div>\n\t\t\t\t\t<\/div>\n\t\t\t\t<\/div>\n\t\t<div class=\"elementor-element elementor-element-9f24668 e-flex e-con-boxed e-con e-parent\" data-id=\"9f24668\" data-element_type=\"container\" data-e-type=\"container\">\n\t\t\t\t\t<div class=\"e-con-inner\">\n\t\t\t\t<div class=\"elementor-element elementor-element-60c311b elementor-widget elementor-widget-spacer\" data-id=\"60c311b\" data-element_type=\"widget\" data-e-type=\"widget\" data-widget_type=\"spacer.default\">\n\t\t\t\t<div class=\"elementor-widget-container\">\n\t\t\t\t\t\t\t<div class=\"elementor-spacer\">\n\t\t\t<div class=\"elementor-spacer-inner\"><\/div>\n\t\t<\/div>\n\t\t\t\t\t\t<\/div>\n\t\t\t\t<\/div>\n\t\t\t\t\t<\/div>\n\t\t\t\t<\/div>\n\t\t\t\t<\/div>","protected":false},"excerpt":{"rendered":"<p>Tenemos una larga trayectoria en la administraci\u00f3n de servicios de atenci\u00f3n al cliente del sector p\u00fablico. Proporcionamos a nuestros clientes capacidades multiling\u00fces y equipos con experiencia en varias disciplinas para mejorar la comunicaci\u00f3n con los ciudadanos a trav\u00e9s de m\u00faltiples canales. Nuestros equipos se distinguen por su aut\u00e9ntica comprensi\u00f3n de la cultura del servicio p\u00fablico, [&hellip;]<\/p>\n","protected":false},"author":1,"featured_media":0,"parent":0,"menu_order":0,"comment_status":"closed","ping_status":"closed","template":"","meta":{"_eb_attr":"","footnotes":""},"class_list":["post-12123","page","type-page","status-publish","hentry"],"yoast_head":"<!-- This site is optimized with the Yoast SEO plugin v27.5 - https:\/\/yoast.com\/product\/yoast-seo-wordpress\/ -->\n<title>Administraci\u00f3n - Lanalden<\/title>\n<meta name=\"description\" content=\"Soluciones que ofrecemos en Lanalden para optimizar los procesos y los servicios en el sector administraci\u00f3n.\" \/>\n<meta name=\"robots\" content=\"index, follow, max-snippet:-1, max-image-preview:large, max-video-preview:-1\" \/>\n<link rel=\"canonical\" href=\"https:\/\/www.lanalden.com\/en\/servicios-sector-administracion\/\" \/>\n<meta property=\"og:locale\" content=\"en_GB\" \/>\n<meta property=\"og:type\" content=\"article\" \/>\n<meta property=\"og:title\" content=\"Administraci\u00f3n - Lanalden\" \/>\n<meta property=\"og:description\" content=\"Soluciones que ofrecemos en Lanalden para optimizar los procesos y los servicios en el sector administraci\u00f3n.\" \/>\n<meta property=\"og:url\" content=\"https:\/\/www.lanalden.com\/en\/servicios-sector-administracion\/\" \/>\n<meta property=\"og:site_name\" content=\"Lanalden\" \/>\n<meta property=\"article:publisher\" content=\"https:\/\/www.facebook.com\/lanalden\" \/>\n<meta property=\"article:modified_time\" content=\"2025-05-29T08:06:47+00:00\" \/>\n<meta property=\"og:image\" content=\"https:\/\/www.lanalden.com\/wp-content\/uploads\/2024\/07\/sector-administracion-p.jpg\" \/>\n\t<meta property=\"og:image:width\" content=\"1368\" \/>\n\t<meta property=\"og:image:height\" content=\"768\" \/>\n\t<meta property=\"og:image:type\" content=\"image\/jpeg\" \/>\n<meta name=\"twitter:card\" content=\"summary_large_image\" \/>\n<meta name=\"twitter:site\" content=\"@lanalden\" \/>\n<meta name=\"twitter:label1\" content=\"Estimated reading time\" \/>\n\t<meta name=\"twitter:data1\" content=\"1 minute\" \/>\n<script type=\"application\/ld+json\" class=\"yoast-schema-graph\">{\"@context\":\"https:\\\/\\\/schema.org\",\"@graph\":[{\"@type\":\"WebPage\",\"@id\":\"https:\\\/\\\/www.lanalden.com\\\/servicios-sector-administracion\\\/\",\"url\":\"https:\\\/\\\/www.lanalden.com\\\/servicios-sector-administracion\\\/\",\"name\":\"Administraci\u00f3n - Lanalden\",\"isPartOf\":{\"@id\":\"https:\\\/\\\/www.lanalden.com\\\/#website\"},\"primaryImageOfPage\":{\"@id\":\"https:\\\/\\\/www.lanalden.com\\\/servicios-sector-administracion\\\/#primaryimage\"},\"image\":{\"@id\":\"https:\\\/\\\/www.lanalden.com\\\/servicios-sector-administracion\\\/#primaryimage\"},\"thumbnailUrl\":\"https:\\\/\\\/www.lanalden.com\\\/wp-content\\\/uploads\\\/2024\\\/07\\\/sector-administracion-p.jpg\",\"datePublished\":\"2024-04-29T11:03:10+00:00\",\"dateModified\":\"2025-05-29T08:06:47+00:00\",\"description\":\"Soluciones que ofrecemos en Lanalden para optimizar los procesos y los servicios en el sector administraci\u00f3n.\",\"breadcrumb\":{\"@id\":\"https:\\\/\\\/www.lanalden.com\\\/servicios-sector-administracion\\\/#breadcrumb\"},\"inLanguage\":\"en-GB\",\"potentialAction\":[{\"@type\":\"ReadAction\",\"target\":[\"https:\\\/\\\/www.lanalden.com\\\/servicios-sector-administracion\\\/\"]}]},{\"@type\":\"ImageObject\",\"inLanguage\":\"en-GB\",\"@id\":\"https:\\\/\\\/www.lanalden.com\\\/servicios-sector-administracion\\\/#primaryimage\",\"url\":\"https:\\\/\\\/www.lanalden.com\\\/wp-content\\\/uploads\\\/2024\\\/07\\\/sector-administracion-p.jpg\",\"contentUrl\":\"https:\\\/\\\/www.lanalden.com\\\/wp-content\\\/uploads\\\/2024\\\/07\\\/sector-administracion-p.jpg\"},{\"@type\":\"BreadcrumbList\",\"@id\":\"https:\\\/\\\/www.lanalden.com\\\/servicios-sector-administracion\\\/#breadcrumb\",\"itemListElement\":[{\"@type\":\"ListItem\",\"position\":1,\"name\":\"Home\",\"item\":\"https:\\\/\\\/www.lanalden.com\\\/\"},{\"@type\":\"ListItem\",\"position\":2,\"name\":\"Administraci\u00f3n\"}]},{\"@type\":\"WebSite\",\"@id\":\"https:\\\/\\\/www.lanalden.com\\\/#website\",\"url\":\"https:\\\/\\\/www.lanalden.com\\\/\",\"name\":\"https:\\\/\\\/www.lanalden.com\\\/\",\"description\":\"\",\"publisher\":{\"@id\":\"https:\\\/\\\/www.lanalden.com\\\/#organization\"},\"potentialAction\":[{\"@type\":\"SearchAction\",\"target\":{\"@type\":\"EntryPoint\",\"urlTemplate\":\"https:\\\/\\\/www.lanalden.com\\\/?s={search_term_string}\"},\"query-input\":{\"@type\":\"PropertyValueSpecification\",\"valueRequired\":true,\"valueName\":\"search_term_string\"}}],\"inLanguage\":\"en-GB\"},{\"@type\":\"Organization\",\"@id\":\"https:\\\/\\\/www.lanalden.com\\\/#organization\",\"name\":\"Lanalden\",\"url\":\"https:\\\/\\\/www.lanalden.com\\\/\",\"logo\":{\"@type\":\"ImageObject\",\"inLanguage\":\"en-GB\",\"@id\":\"https:\\\/\\\/www.lanalden.com\\\/#\\\/schema\\\/logo\\\/image\\\/\",\"url\":\"https:\\\/\\\/www.lanalden.com\\\/wp-content\\\/uploads\\\/2025\\\/03\\\/cropped-logo-lanalden-removebg-preview.png\",\"contentUrl\":\"https:\\\/\\\/www.lanalden.com\\\/wp-content\\\/uploads\\\/2025\\\/03\\\/cropped-logo-lanalden-removebg-preview.png\",\"width\":150,\"height\":150,\"caption\":\"Lanalden\"},\"image\":{\"@id\":\"https:\\\/\\\/www.lanalden.com\\\/#\\\/schema\\\/logo\\\/image\\\/\"},\"sameAs\":[\"https:\\\/\\\/www.facebook.com\\\/lanalden\",\"https:\\\/\\\/x.com\\\/lanalden\",\"https:\\\/\\\/es.linkedin.com\\\/company\\\/lanalden\",\"https:\\\/\\\/www.instagram.com\\\/lanaldendb\\\/\"]}]}<\/script>\n<!-- \/ Yoast SEO plugin. -->","yoast_head_json":{"title":"Administraci\u00f3n - Lanalden","description":"Soluciones que ofrecemos en Lanalden para optimizar los procesos y los servicios en el sector administraci\u00f3n.","robots":{"index":"index","follow":"follow","max-snippet":"max-snippet:-1","max-image-preview":"max-image-preview:large","max-video-preview":"max-video-preview:-1"},"canonical":"https:\/\/www.lanalden.com\/en\/servicios-sector-administracion\/","og_locale":"en_GB","og_type":"article","og_title":"Administraci\u00f3n - Lanalden","og_description":"Soluciones que ofrecemos en Lanalden para optimizar los procesos y los servicios en el sector administraci\u00f3n.","og_url":"https:\/\/www.lanalden.com\/en\/servicios-sector-administracion\/","og_site_name":"Lanalden","article_publisher":"https:\/\/www.facebook.com\/lanalden","article_modified_time":"2025-05-29T08:06:47+00:00","og_image":[{"width":1368,"height":768,"url":"https:\/\/www.lanalden.com\/wp-content\/uploads\/2024\/07\/sector-administracion-p.jpg","type":"image\/jpeg"}],"twitter_card":"summary_large_image","twitter_site":"@lanalden","twitter_misc":{"Estimated reading time":"1 minute"},"schema":{"@context":"https:\/\/schema.org","@graph":[{"@type":"WebPage","@id":"https:\/\/www.lanalden.com\/servicios-sector-administracion\/","url":"https:\/\/www.lanalden.com\/servicios-sector-administracion\/","name":"Administraci\u00f3n - Lanalden","isPartOf":{"@id":"https:\/\/www.lanalden.com\/#website"},"primaryImageOfPage":{"@id":"https:\/\/www.lanalden.com\/servicios-sector-administracion\/#primaryimage"},"image":{"@id":"https:\/\/www.lanalden.com\/servicios-sector-administracion\/#primaryimage"},"thumbnailUrl":"https:\/\/www.lanalden.com\/wp-content\/uploads\/2024\/07\/sector-administracion-p.jpg","datePublished":"2024-04-29T11:03:10+00:00","dateModified":"2025-05-29T08:06:47+00:00","description":"Soluciones que ofrecemos en Lanalden para optimizar los procesos y los servicios en el sector administraci\u00f3n.","breadcrumb":{"@id":"https:\/\/www.lanalden.com\/servicios-sector-administracion\/#breadcrumb"},"inLanguage":"en-GB","potentialAction":[{"@type":"ReadAction","target":["https:\/\/www.lanalden.com\/servicios-sector-administracion\/"]}]},{"@type":"ImageObject","inLanguage":"en-GB","@id":"https:\/\/www.lanalden.com\/servicios-sector-administracion\/#primaryimage","url":"https:\/\/www.lanalden.com\/wp-content\/uploads\/2024\/07\/sector-administracion-p.jpg","contentUrl":"https:\/\/www.lanalden.com\/wp-content\/uploads\/2024\/07\/sector-administracion-p.jpg"},{"@type":"BreadcrumbList","@id":"https:\/\/www.lanalden.com\/servicios-sector-administracion\/#breadcrumb","itemListElement":[{"@type":"ListItem","position":1,"name":"Home","item":"https:\/\/www.lanalden.com\/"},{"@type":"ListItem","position":2,"name":"Administraci\u00f3n"}]},{"@type":"WebSite","@id":"https:\/\/www.lanalden.com\/#website","url":"https:\/\/www.lanalden.com\/","name":"https:\/\/www.lanalden.com\/","description":"","publisher":{"@id":"https:\/\/www.lanalden.com\/#organization"},"potentialAction":[{"@type":"SearchAction","target":{"@type":"EntryPoint","urlTemplate":"https:\/\/www.lanalden.com\/?s={search_term_string}"},"query-input":{"@type":"PropertyValueSpecification","valueRequired":true,"valueName":"search_term_string"}}],"inLanguage":"en-GB"},{"@type":"Organization","@id":"https:\/\/www.lanalden.com\/#organization","name":"Lanalden","url":"https:\/\/www.lanalden.com\/","logo":{"@type":"ImageObject","inLanguage":"en-GB","@id":"https:\/\/www.lanalden.com\/#\/schema\/logo\/image\/","url":"https:\/\/www.lanalden.com\/wp-content\/uploads\/2025\/03\/cropped-logo-lanalden-removebg-preview.png","contentUrl":"https:\/\/www.lanalden.com\/wp-content\/uploads\/2025\/03\/cropped-logo-lanalden-removebg-preview.png","width":150,"height":150,"caption":"Lanalden"},"image":{"@id":"https:\/\/www.lanalden.com\/#\/schema\/logo\/image\/"},"sameAs":["https:\/\/www.facebook.com\/lanalden","https:\/\/x.com\/lanalden","https:\/\/es.linkedin.com\/company\/lanalden","https:\/\/www.instagram.com\/lanaldendb\/"]}]}},"_links":{"self":[{"href":"https:\/\/www.lanalden.com\/en\/wp-json\/wp\/v2\/pages\/12123","targetHints":{"allow":["GET"]}}],"collection":[{"href":"https:\/\/www.lanalden.com\/en\/wp-json\/wp\/v2\/pages"}],"about":[{"href":"https:\/\/www.lanalden.com\/en\/wp-json\/wp\/v2\/types\/page"}],"author":[{"embeddable":true,"href":"https:\/\/www.lanalden.com\/en\/wp-json\/wp\/v2\/users\/1"}],"replies":[{"embeddable":true,"href":"https:\/\/www.lanalden.com\/en\/wp-json\/wp\/v2\/comments?post=12123"}],"version-history":[{"count":153,"href":"https:\/\/www.lanalden.com\/en\/wp-json\/wp\/v2\/pages\/12123\/revisions"}],"predecessor-version":[{"id":28275,"href":"https:\/\/www.lanalden.com\/en\/wp-json\/wp\/v2\/pages\/12123\/revisions\/28275"}],"wp:attachment":[{"href":"https:\/\/www.lanalden.com\/en\/wp-json\/wp\/v2\/media?parent=12123"}],"curies":[{"name":"wp","href":"https:\/\/api.w.org\/{rel}","templated":true}]}}