{"id":12317,"date":"2024-04-30T13:15:23","date_gmt":"2024-04-30T11:15:23","guid":{"rendered":"https:\/\/pre.lanalden.com\/?page_id=12317"},"modified":"2025-05-29T10:53:26","modified_gmt":"2025-05-29T08:53:26","slug":"servicios-sector-banca-seguros","status":"publish","type":"page","link":"https:\/\/www.lanalden.com\/en\/servicios-sector-banca-seguros\/","title":{"rendered":"Banca \/ Seguros"},"content":{"rendered":"<div data-elementor-type=\"wp-page\" data-elementor-id=\"12317\" class=\"elementor elementor-12317\">\n\t\t\t\t<div class=\"elementor-element elementor-element-f4f3802 e-flex e-con-boxed e-con e-parent\" data-id=\"f4f3802\" data-element_type=\"container\" data-e-type=\"container\">\n\t\t\t\t\t<div class=\"e-con-inner\">\n\t\t<div class=\"elementor-element elementor-element-e791f3f e-con-full e-flex e-con e-child\" data-id=\"e791f3f\" data-element_type=\"container\" data-e-type=\"container\">\n\t\t\t\t<div class=\"elementor-element elementor-element-48681fa elementor-widget elementor-widget-image\" data-id=\"48681fa\" data-element_type=\"widget\" data-e-type=\"widget\" data-widget_type=\"image.default\">\n\t\t\t\t<div class=\"elementor-widget-container\">\n\t\t\t\t\t\t\t\t\t\t\t\t\t\t\t<img fetchpriority=\"high\" decoding=\"async\" width=\"1368\" height=\"768\" src=\"https:\/\/www.lanalden.com\/wp-content\/uploads\/2024\/07\/sector-banca.jpg\" class=\"attachment-full size-full wp-image-20438\" alt=\"\" srcset=\"https:\/\/www.lanalden.com\/wp-content\/uploads\/2024\/07\/sector-banca.jpg 1368w, https:\/\/www.lanalden.com\/wp-content\/uploads\/2024\/07\/sector-banca-300x168.jpg 300w, https:\/\/www.lanalden.com\/wp-content\/uploads\/2024\/07\/sector-banca-1024x575.jpg 1024w, https:\/\/www.lanalden.com\/wp-content\/uploads\/2024\/07\/sector-banca-768x431.jpg 768w, https:\/\/www.lanalden.com\/wp-content\/uploads\/2024\/07\/sector-banca-18x10.jpg 18w\" sizes=\"(max-width: 1368px) 100vw, 1368px\" \/>\t\t\t\t\t\t\t\t\t\t\t\t\t\t\t<\/div>\n\t\t\t\t<\/div>\n\t\t\t\t<div class=\"elementor-element elementor-element-47fa445 elementor-widget__width-initial elementor-widget elementor-widget-text-editor\" data-id=\"47fa445\" data-element_type=\"widget\" data-e-type=\"widget\" data-widget_type=\"text-editor.default\">\n\t\t\t\t<div class=\"elementor-widget-container\">\n\t\t\t\t\t\t\t\t\t<p>Abarcamos una amplia gama de servicios, desde las operaciones t\u00edpicas que involucran a clientes individuales, como la compra de <strong>valores burs\u00e1tiles<\/strong>, <strong>transferencias<\/strong> y <strong>contrataci\u00f3n de productos financieros<\/strong>, hasta <strong>servicios transaccionales dirigidos a empresas<\/strong>. Nuestro objetivo es ofrecer soluciones completas que cubran todas las necesidades financieras de nuestros clientes, tanto particulares como corporativos, con eficiencia, seguridad y personalizaci\u00f3n.<\/p><p>Este proyecto se presenta como una plataforma integral que optimiza la experiencia del cliente en todas las etapas de su relaci\u00f3n con la entidad bancaria, desde la consulta de informaci\u00f3n b\u00e1sica hasta la realizaci\u00f3n de transacciones complejas. Todo ello respaldado por un servicio de Contact Center especializado, dise\u00f1ado para satisfacer las necesidades espec\u00edficas del sector financiero. Nuestro equipo capacitado no solo resuelve dudas, sino que tambi\u00e9n asesora y gu\u00eda a los clientes, garantizando un servicio claro y adaptado a sus necesidades.<\/p><p>Con un enfoque centrado en la experiencia del cliente, ofrecemos una atenci\u00f3n fluida y consistente a trav\u00e9s de diversos canales, asegurando que nuestros usuarios accedan a la informaci\u00f3n y servicios que necesitan en todo momento.<\/p>\t\t\t\t\t\t\t\t<\/div>\n\t\t\t\t<\/div>\n\t\t\t\t<\/div>\n\t\t<div class=\"elementor-element elementor-element-f24430e e-con-full e-flex e-con e-child\" data-id=\"f24430e\" data-element_type=\"container\" data-e-type=\"container\">\n\t\t\t\t<div class=\"elementor-element elementor-element-6023806 elementor-widget elementor-widget-spacer\" data-id=\"6023806\" data-element_type=\"widget\" data-e-type=\"widget\" data-widget_type=\"spacer.default\">\n\t\t\t\t<div class=\"elementor-widget-container\">\n\t\t\t\t\t\t\t<div class=\"elementor-spacer\">\n\t\t\t<div class=\"elementor-spacer-inner\"><\/div>\n\t\t<\/div>\n\t\t\t\t\t\t<\/div>\n\t\t\t\t<\/div>\n\t\t\t\t<\/div>\n\t\t\t\t\t<\/div>\n\t\t\t\t<\/div>\n\t\t<div class=\"elementor-element elementor-element-7cce598 e-grid e-con-boxed e-con e-parent\" data-id=\"7cce598\" data-element_type=\"container\" data-e-type=\"container\">\n\t\t\t\t\t<div class=\"e-con-inner\">\n\t\t\t\t<div class=\"elementor-element elementor-element-ebe3684 elementor-widget elementor-widget-image\" data-id=\"ebe3684\" data-element_type=\"widget\" data-e-type=\"widget\" data-widget_type=\"image.default\">\n\t\t\t\t<div class=\"elementor-widget-container\">\n\t\t\t\t\t\t\t\t\t\t\t\t\t\t\t<img decoding=\"async\" width=\"1024\" height=\"575\" src=\"https:\/\/www.lanalden.com\/wp-content\/uploads\/2024\/07\/servicio-sector-banca-1024x575.jpg\" class=\"attachment-large size-large wp-image-20445\" alt=\"\" srcset=\"https:\/\/www.lanalden.com\/wp-content\/uploads\/2024\/07\/servicio-sector-banca-1024x575.jpg 1024w, https:\/\/www.lanalden.com\/wp-content\/uploads\/2024\/07\/servicio-sector-banca-300x168.jpg 300w, https:\/\/www.lanalden.com\/wp-content\/uploads\/2024\/07\/servicio-sector-banca-768x431.jpg 768w, https:\/\/www.lanalden.com\/wp-content\/uploads\/2024\/07\/servicio-sector-banca-18x10.jpg 18w, https:\/\/www.lanalden.com\/wp-content\/uploads\/2024\/07\/servicio-sector-banca.jpg 1368w\" sizes=\"(max-width: 1024px) 100vw, 1024px\" \/>\t\t\t\t\t\t\t\t\t\t\t\t\t\t\t<\/div>\n\t\t\t\t<\/div>\n\t\t\t\t<div class=\"elementor-element elementor-element-a027e9b elementor-widget elementor-widget-text-editor\" data-id=\"a027e9b\" data-element_type=\"widget\" data-e-type=\"widget\" data-widget_type=\"text-editor.default\">\n\t\t\t\t<div class=\"elementor-widget-container\">\n\t\t\t\t\t\t\t\t\t<h2><strong>Servicios<\/strong><\/h2>\n<ul>\n  <li>Adquisici\u00f3n de activos financieros.<\/li>\n \t<li>Transferencias de fondos.<\/li>\n \t<li>Gesti\u00f3n de n\u00f3minas.<\/li>\n \t<li>Confirmaci\u00f3n de pagos.<\/li>\n \t<li>Gesti\u00f3n de p\u00f3lizas.<\/li>\n<\/ul>\t\t\t\t\t\t\t\t<\/div>\n\t\t\t\t<\/div>\n\t\t\t\t\t<\/div>\n\t\t\t\t<\/div>\n\t\t<div class=\"elementor-element elementor-element-1ae17f9 e-flex e-con-boxed e-con e-parent\" data-id=\"1ae17f9\" data-element_type=\"container\" data-e-type=\"container\">\n\t\t\t\t\t<div class=\"e-con-inner\">\n\t\t\t\t<div class=\"elementor-element elementor-element-e584c1b elementor-widget elementor-widget-spacer\" data-id=\"e584c1b\" data-element_type=\"widget\" data-e-type=\"widget\" data-widget_type=\"spacer.default\">\n\t\t\t\t<div class=\"elementor-widget-container\">\n\t\t\t\t\t\t\t<div class=\"elementor-spacer\">\n\t\t\t<div class=\"elementor-spacer-inner\"><\/div>\n\t\t<\/div>\n\t\t\t\t\t\t<\/div>\n\t\t\t\t<\/div>\n\t\t\t\t\t<\/div>\n\t\t\t\t<\/div>\n\t\t\t\t<\/div>","protected":false},"excerpt":{"rendered":"<p>Abarcamos una amplia gama de servicios, desde las operaciones t\u00edpicas que involucran a clientes individuales, como la compra de valores burs\u00e1tiles, transferencias y contrataci\u00f3n de productos financieros, hasta servicios transaccionales dirigidos a empresas. Nuestro objetivo es ofrecer soluciones completas que cubran todas las necesidades financieras de nuestros clientes, tanto particulares como corporativos, con eficiencia, seguridad [&hellip;]<\/p>\n","protected":false},"author":1,"featured_media":0,"parent":0,"menu_order":0,"comment_status":"closed","ping_status":"closed","template":"","meta":{"_eb_attr":"","footnotes":""},"class_list":["post-12317","page","type-page","status-publish","hentry"],"yoast_head":"<!-- This site is optimized with the Yoast SEO plugin v27.5 - https:\/\/yoast.com\/product\/yoast-seo-wordpress\/ -->\n<title>Banca \/ Seguros - Lanalden<\/title>\n<meta name=\"description\" content=\"Descubre las soluciones de Lanalden, seguras y adaptadas, para optimizar procesos y mejorar la experiencia en banca y seguros.\" \/>\n<meta name=\"robots\" content=\"index, follow, max-snippet:-1, max-image-preview:large, max-video-preview:-1\" \/>\n<link rel=\"canonical\" href=\"https:\/\/www.lanalden.com\/en\/servicios-sector-banca-seguros\/\" \/>\n<meta property=\"og:locale\" content=\"en_GB\" \/>\n<meta property=\"og:type\" content=\"article\" \/>\n<meta property=\"og:title\" content=\"Banca \/ Seguros - Lanalden\" \/>\n<meta property=\"og:description\" content=\"Descubre las soluciones de Lanalden, seguras y adaptadas, para optimizar procesos y mejorar la experiencia en banca y seguros.\" \/>\n<meta property=\"og:url\" content=\"https:\/\/www.lanalden.com\/en\/servicios-sector-banca-seguros\/\" \/>\n<meta property=\"og:site_name\" content=\"Lanalden\" \/>\n<meta property=\"article:publisher\" content=\"https:\/\/www.facebook.com\/lanalden\" \/>\n<meta property=\"article:modified_time\" content=\"2025-05-29T08:53:26+00:00\" \/>\n<meta property=\"og:image\" content=\"https:\/\/www.lanalden.com\/wp-content\/uploads\/2024\/07\/sector-banca.jpg\" \/>\n<meta name=\"twitter:card\" content=\"summary_large_image\" \/>\n<meta name=\"twitter:site\" content=\"@lanalden\" \/>\n<meta name=\"twitter:label1\" content=\"Estimated reading time\" \/>\n\t<meta name=\"twitter:data1\" content=\"2 minutes\" \/>\n<script type=\"application\/ld+json\" class=\"yoast-schema-graph\">{\"@context\":\"https:\\\/\\\/schema.org\",\"@graph\":[{\"@type\":\"WebPage\",\"@id\":\"https:\\\/\\\/www.lanalden.com\\\/servicios-sector-banca-seguros\\\/\",\"url\":\"https:\\\/\\\/www.lanalden.com\\\/servicios-sector-banca-seguros\\\/\",\"name\":\"Banca \\\/ Seguros - Lanalden\",\"isPartOf\":{\"@id\":\"https:\\\/\\\/www.lanalden.com\\\/#website\"},\"primaryImageOfPage\":{\"@id\":\"https:\\\/\\\/www.lanalden.com\\\/servicios-sector-banca-seguros\\\/#primaryimage\"},\"image\":{\"@id\":\"https:\\\/\\\/www.lanalden.com\\\/servicios-sector-banca-seguros\\\/#primaryimage\"},\"thumbnailUrl\":\"https:\\\/\\\/www.lanalden.com\\\/wp-content\\\/uploads\\\/2024\\\/07\\\/sector-banca.jpg\",\"datePublished\":\"2024-04-30T11:15:23+00:00\",\"dateModified\":\"2025-05-29T08:53:26+00:00\",\"description\":\"Descubre las soluciones de Lanalden, seguras y adaptadas, para optimizar procesos y mejorar la experiencia en banca y seguros.\",\"breadcrumb\":{\"@id\":\"https:\\\/\\\/www.lanalden.com\\\/servicios-sector-banca-seguros\\\/#breadcrumb\"},\"inLanguage\":\"en-GB\",\"potentialAction\":[{\"@type\":\"ReadAction\",\"target\":[\"https:\\\/\\\/www.lanalden.com\\\/servicios-sector-banca-seguros\\\/\"]}]},{\"@type\":\"ImageObject\",\"inLanguage\":\"en-GB\",\"@id\":\"https:\\\/\\\/www.lanalden.com\\\/servicios-sector-banca-seguros\\\/#primaryimage\",\"url\":\"https:\\\/\\\/www.lanalden.com\\\/wp-content\\\/uploads\\\/2024\\\/07\\\/sector-banca.jpg\",\"contentUrl\":\"https:\\\/\\\/www.lanalden.com\\\/wp-content\\\/uploads\\\/2024\\\/07\\\/sector-banca.jpg\"},{\"@type\":\"BreadcrumbList\",\"@id\":\"https:\\\/\\\/www.lanalden.com\\\/servicios-sector-banca-seguros\\\/#breadcrumb\",\"itemListElement\":[{\"@type\":\"ListItem\",\"position\":1,\"name\":\"Home\",\"item\":\"https:\\\/\\\/www.lanalden.com\\\/\"},{\"@type\":\"ListItem\",\"position\":2,\"name\":\"Banca \\\/ Seguros\"}]},{\"@type\":\"WebSite\",\"@id\":\"https:\\\/\\\/www.lanalden.com\\\/#website\",\"url\":\"https:\\\/\\\/www.lanalden.com\\\/\",\"name\":\"https:\\\/\\\/www.lanalden.com\\\/\",\"description\":\"\",\"publisher\":{\"@id\":\"https:\\\/\\\/www.lanalden.com\\\/#organization\"},\"potentialAction\":[{\"@type\":\"SearchAction\",\"target\":{\"@type\":\"EntryPoint\",\"urlTemplate\":\"https:\\\/\\\/www.lanalden.com\\\/?s={search_term_string}\"},\"query-input\":{\"@type\":\"PropertyValueSpecification\",\"valueRequired\":true,\"valueName\":\"search_term_string\"}}],\"inLanguage\":\"en-GB\"},{\"@type\":\"Organization\",\"@id\":\"https:\\\/\\\/www.lanalden.com\\\/#organization\",\"name\":\"Lanalden\",\"url\":\"https:\\\/\\\/www.lanalden.com\\\/\",\"logo\":{\"@type\":\"ImageObject\",\"inLanguage\":\"en-GB\",\"@id\":\"https:\\\/\\\/www.lanalden.com\\\/#\\\/schema\\\/logo\\\/image\\\/\",\"url\":\"https:\\\/\\\/www.lanalden.com\\\/wp-content\\\/uploads\\\/2025\\\/03\\\/cropped-logo-lanalden-removebg-preview.png\",\"contentUrl\":\"https:\\\/\\\/www.lanalden.com\\\/wp-content\\\/uploads\\\/2025\\\/03\\\/cropped-logo-lanalden-removebg-preview.png\",\"width\":150,\"height\":150,\"caption\":\"Lanalden\"},\"image\":{\"@id\":\"https:\\\/\\\/www.lanalden.com\\\/#\\\/schema\\\/logo\\\/image\\\/\"},\"sameAs\":[\"https:\\\/\\\/www.facebook.com\\\/lanalden\",\"https:\\\/\\\/x.com\\\/lanalden\",\"https:\\\/\\\/es.linkedin.com\\\/company\\\/lanalden\",\"https:\\\/\\\/www.instagram.com\\\/lanaldendb\\\/\"]}]}<\/script>\n<!-- \/ Yoast SEO plugin. -->","yoast_head_json":{"title":"Banca \/ Seguros - Lanalden","description":"Descubre las soluciones de Lanalden, seguras y adaptadas, para optimizar procesos y mejorar la experiencia en banca y seguros.","robots":{"index":"index","follow":"follow","max-snippet":"max-snippet:-1","max-image-preview":"max-image-preview:large","max-video-preview":"max-video-preview:-1"},"canonical":"https:\/\/www.lanalden.com\/en\/servicios-sector-banca-seguros\/","og_locale":"en_GB","og_type":"article","og_title":"Banca \/ Seguros - Lanalden","og_description":"Descubre las soluciones de Lanalden, seguras y adaptadas, para optimizar procesos y mejorar la experiencia en banca y seguros.","og_url":"https:\/\/www.lanalden.com\/en\/servicios-sector-banca-seguros\/","og_site_name":"Lanalden","article_publisher":"https:\/\/www.facebook.com\/lanalden","article_modified_time":"2025-05-29T08:53:26+00:00","og_image":[{"url":"https:\/\/www.lanalden.com\/wp-content\/uploads\/2024\/07\/sector-banca.jpg","type":"","width":"","height":""}],"twitter_card":"summary_large_image","twitter_site":"@lanalden","twitter_misc":{"Estimated reading time":"2 minutes"},"schema":{"@context":"https:\/\/schema.org","@graph":[{"@type":"WebPage","@id":"https:\/\/www.lanalden.com\/servicios-sector-banca-seguros\/","url":"https:\/\/www.lanalden.com\/servicios-sector-banca-seguros\/","name":"Banca \/ Seguros - Lanalden","isPartOf":{"@id":"https:\/\/www.lanalden.com\/#website"},"primaryImageOfPage":{"@id":"https:\/\/www.lanalden.com\/servicios-sector-banca-seguros\/#primaryimage"},"image":{"@id":"https:\/\/www.lanalden.com\/servicios-sector-banca-seguros\/#primaryimage"},"thumbnailUrl":"https:\/\/www.lanalden.com\/wp-content\/uploads\/2024\/07\/sector-banca.jpg","datePublished":"2024-04-30T11:15:23+00:00","dateModified":"2025-05-29T08:53:26+00:00","description":"Descubre las soluciones de Lanalden, seguras y adaptadas, para optimizar procesos y mejorar la experiencia en banca y seguros.","breadcrumb":{"@id":"https:\/\/www.lanalden.com\/servicios-sector-banca-seguros\/#breadcrumb"},"inLanguage":"en-GB","potentialAction":[{"@type":"ReadAction","target":["https:\/\/www.lanalden.com\/servicios-sector-banca-seguros\/"]}]},{"@type":"ImageObject","inLanguage":"en-GB","@id":"https:\/\/www.lanalden.com\/servicios-sector-banca-seguros\/#primaryimage","url":"https:\/\/www.lanalden.com\/wp-content\/uploads\/2024\/07\/sector-banca.jpg","contentUrl":"https:\/\/www.lanalden.com\/wp-content\/uploads\/2024\/07\/sector-banca.jpg"},{"@type":"BreadcrumbList","@id":"https:\/\/www.lanalden.com\/servicios-sector-banca-seguros\/#breadcrumb","itemListElement":[{"@type":"ListItem","position":1,"name":"Home","item":"https:\/\/www.lanalden.com\/"},{"@type":"ListItem","position":2,"name":"Banca \/ Seguros"}]},{"@type":"WebSite","@id":"https:\/\/www.lanalden.com\/#website","url":"https:\/\/www.lanalden.com\/","name":"https:\/\/www.lanalden.com\/","description":"","publisher":{"@id":"https:\/\/www.lanalden.com\/#organization"},"potentialAction":[{"@type":"SearchAction","target":{"@type":"EntryPoint","urlTemplate":"https:\/\/www.lanalden.com\/?s={search_term_string}"},"query-input":{"@type":"PropertyValueSpecification","valueRequired":true,"valueName":"search_term_string"}}],"inLanguage":"en-GB"},{"@type":"Organization","@id":"https:\/\/www.lanalden.com\/#organization","name":"Lanalden","url":"https:\/\/www.lanalden.com\/","logo":{"@type":"ImageObject","inLanguage":"en-GB","@id":"https:\/\/www.lanalden.com\/#\/schema\/logo\/image\/","url":"https:\/\/www.lanalden.com\/wp-content\/uploads\/2025\/03\/cropped-logo-lanalden-removebg-preview.png","contentUrl":"https:\/\/www.lanalden.com\/wp-content\/uploads\/2025\/03\/cropped-logo-lanalden-removebg-preview.png","width":150,"height":150,"caption":"Lanalden"},"image":{"@id":"https:\/\/www.lanalden.com\/#\/schema\/logo\/image\/"},"sameAs":["https:\/\/www.facebook.com\/lanalden","https:\/\/x.com\/lanalden","https:\/\/es.linkedin.com\/company\/lanalden","https:\/\/www.instagram.com\/lanaldendb\/"]}]}},"_links":{"self":[{"href":"https:\/\/www.lanalden.com\/en\/wp-json\/wp\/v2\/pages\/12317","targetHints":{"allow":["GET"]}}],"collection":[{"href":"https:\/\/www.lanalden.com\/en\/wp-json\/wp\/v2\/pages"}],"about":[{"href":"https:\/\/www.lanalden.com\/en\/wp-json\/wp\/v2\/types\/page"}],"author":[{"embeddable":true,"href":"https:\/\/www.lanalden.com\/en\/wp-json\/wp\/v2\/users\/1"}],"replies":[{"embeddable":true,"href":"https:\/\/www.lanalden.com\/en\/wp-json\/wp\/v2\/comments?post=12317"}],"version-history":[{"count":95,"href":"https:\/\/www.lanalden.com\/en\/wp-json\/wp\/v2\/pages\/12317\/revisions"}],"predecessor-version":[{"id":27856,"href":"https:\/\/www.lanalden.com\/en\/wp-json\/wp\/v2\/pages\/12317\/revisions\/27856"}],"wp:attachment":[{"href":"https:\/\/www.lanalden.com\/en\/wp-json\/wp\/v2\/media?parent=12317"}],"curies":[{"name":"wp","href":"https:\/\/api.w.org\/{rel}","templated":true}]}}