{"id":20511,"date":"2024-07-24T14:44:55","date_gmt":"2024-07-24T12:44:55","guid":{"rendered":"https:\/\/pre.lanalden.com\/?page_id=20511"},"modified":"2025-05-29T11:15:45","modified_gmt":"2025-05-29T09:15:45","slug":"servicios-sector-energia","status":"publish","type":"page","link":"https:\/\/www.lanalden.com\/en\/servicios-sector-energia\/","title":{"rendered":"Energ\u00eda"},"content":{"rendered":"<div data-elementor-type=\"wp-page\" data-elementor-id=\"20511\" class=\"elementor elementor-20511\">\n\t\t\t\t<div class=\"elementor-element elementor-element-f4f3802 e-flex e-con-boxed e-con e-parent\" data-id=\"f4f3802\" data-element_type=\"container\" data-e-type=\"container\">\n\t\t\t\t\t<div class=\"e-con-inner\">\n\t\t\t\t<div class=\"elementor-element elementor-element-e74510d elementor-widget elementor-widget-image\" data-id=\"e74510d\" data-element_type=\"widget\" data-e-type=\"widget\" data-widget_type=\"image.default\">\n\t\t\t\t<div class=\"elementor-widget-container\">\n\t\t\t\t\t\t\t\t\t\t\t\t\t\t\t<img fetchpriority=\"high\" decoding=\"async\" width=\"1368\" height=\"768\" src=\"https:\/\/www.lanalden.com\/wp-content\/uploads\/2024\/07\/sector-energia.jpg\" class=\"attachment-full size-full wp-image-20527\" alt=\"\" srcset=\"https:\/\/www.lanalden.com\/wp-content\/uploads\/2024\/07\/sector-energia.jpg 1368w, https:\/\/www.lanalden.com\/wp-content\/uploads\/2024\/07\/sector-energia-300x168.jpg 300w, https:\/\/www.lanalden.com\/wp-content\/uploads\/2024\/07\/sector-energia-1024x575.jpg 1024w, https:\/\/www.lanalden.com\/wp-content\/uploads\/2024\/07\/sector-energia-768x431.jpg 768w, https:\/\/www.lanalden.com\/wp-content\/uploads\/2024\/07\/sector-energia-18x10.jpg 18w\" sizes=\"(max-width: 1368px) 100vw, 1368px\" \/>\t\t\t\t\t\t\t\t\t\t\t\t\t\t\t<\/div>\n\t\t\t\t<\/div>\n\t\t\t\t<div class=\"elementor-element elementor-element-a027e9b elementor-widget elementor-widget-text-editor\" data-id=\"a027e9b\" data-element_type=\"widget\" data-e-type=\"widget\" data-widget_type=\"text-editor.default\">\n\t\t\t\t<div class=\"elementor-widget-container\">\n\t\t\t\t\t\t\t\t\t<p data-start=\"0\" data-end=\"513\">\u00a0<\/p><p class=\"\" data-start=\"0\" data-end=\"513\">Ofrecemos soluciones diversificadas que abarcan una amplia gama de necesidades, desde la atenci\u00f3n personalizada para clientes residenciales hasta servicios especializados para empresas. Estos incluyen <strong>asesor\u00eda<\/strong> en <strong>eficiencia energ\u00e9tica<\/strong>, <strong>implementaci\u00f3n<\/strong> de <strong>energ\u00edas renovables<\/strong> y <strong>an\u00e1lisis detallados<\/strong> <strong>de consumo<\/strong>. Nuestro enfoque integral est\u00e1 dise\u00f1ado para adaptarse a los distintos perfiles de nuestros clientes, garantizando soluciones que optimizan su consumo energ\u00e9tico y contribuyen al cuidado del medio ambiente.<\/p><p class=\"\" data-start=\"515\" data-end=\"1188\">Buscamos transformar la relaci\u00f3n entre los proveedores de energ\u00eda y sus usuarios, ofreciendo una experiencia fluida, transparente y centrada en las necesidades espec\u00edficas de cada cliente. Nos comprometemos a brindar un servicio que no solo resuelva las dudas o problemas cotidianos, sino que tambi\u00e9n eduque y asesore en estrategias energ\u00e9ticas que fomenten un uso m\u00e1s eficiente y sostenible de la energ\u00eda. Para lograrlo, combinamos plataformas digitales intuitivas y de f\u00e1cil acceso, junto con atenci\u00f3n especializada que permite ofrecer soporte eficaz tanto en gestiones b\u00e1sicas como en la planificaci\u00f3n de soluciones energ\u00e9ticas personalizadas.<\/p><p class=\"\" data-start=\"1190\" data-end=\"1663\">Nuestro objetivo es mejorar la conexi\u00f3n entre el sector energ\u00e9tico y los usuarios, ofreciendo un servicio que no solo se limita a la gesti\u00f3n de la energ\u00eda, sino que tambi\u00e9n facilita un acompa\u00f1amiento continuo en el camino hacia la optimizaci\u00f3n de su consumo. Al integrar tecnolog\u00edas avanzadas y un enfoque proactivo, nos aseguramos de que cada cliente reciba el m\u00e1ximo valor de nuestros servicios, contribuyendo a un futuro energ\u00e9tico m\u00e1s sostenible y eficiente para todos.<\/p>\t\t\t\t\t\t\t\t<\/div>\n\t\t\t\t<\/div>\n\t\t<div class=\"elementor-element elementor-element-f24430e e-con-full e-flex e-con e-child\" data-id=\"f24430e\" data-element_type=\"container\" data-e-type=\"container\">\n\t\t\t\t<div class=\"elementor-element elementor-element-6023806 elementor-widget elementor-widget-spacer\" data-id=\"6023806\" data-element_type=\"widget\" data-e-type=\"widget\" data-widget_type=\"spacer.default\">\n\t\t\t\t<div class=\"elementor-widget-container\">\n\t\t\t\t\t\t\t<div class=\"elementor-spacer\">\n\t\t\t<div class=\"elementor-spacer-inner\"><\/div>\n\t\t<\/div>\n\t\t\t\t\t\t<\/div>\n\t\t\t\t<\/div>\n\t\t\t\t<\/div>\n\t\t\t\t\t<\/div>\n\t\t\t\t<\/div>\n\t\t<div class=\"elementor-element elementor-element-309c266 e-grid e-con-boxed e-con e-parent\" data-id=\"309c266\" data-element_type=\"container\" data-e-type=\"container\">\n\t\t\t\t\t<div class=\"e-con-inner\">\n\t\t\t\t<div class=\"elementor-element elementor-element-ebe3684 elementor-widget elementor-widget-image\" data-id=\"ebe3684\" data-element_type=\"widget\" data-e-type=\"widget\" data-widget_type=\"image.default\">\n\t\t\t\t<div class=\"elementor-widget-container\">\n\t\t\t\t\t\t\t\t\t\t\t\t\t\t\t<img decoding=\"async\" width=\"1024\" height=\"575\" src=\"https:\/\/www.lanalden.com\/wp-content\/uploads\/2024\/07\/sector-energia-servicio-1024x575.jpg\" class=\"attachment-large size-large wp-image-20532\" alt=\"\" srcset=\"https:\/\/www.lanalden.com\/wp-content\/uploads\/2024\/07\/sector-energia-servicio-1024x575.jpg 1024w, https:\/\/www.lanalden.com\/wp-content\/uploads\/2024\/07\/sector-energia-servicio-300x168.jpg 300w, https:\/\/www.lanalden.com\/wp-content\/uploads\/2024\/07\/sector-energia-servicio-768x431.jpg 768w, https:\/\/www.lanalden.com\/wp-content\/uploads\/2024\/07\/sector-energia-servicio-18x10.jpg 18w, https:\/\/www.lanalden.com\/wp-content\/uploads\/2024\/07\/sector-energia-servicio.jpg 1368w\" sizes=\"(max-width: 1024px) 100vw, 1024px\" \/>\t\t\t\t\t\t\t\t\t\t\t\t\t\t\t<\/div>\n\t\t\t\t<\/div>\n\t\t\t\t<div class=\"elementor-element elementor-element-7d005e4 elementor-widget elementor-widget-text-editor\" data-id=\"7d005e4\" data-element_type=\"widget\" data-e-type=\"widget\" data-widget_type=\"text-editor.default\">\n\t\t\t\t<div class=\"elementor-widget-container\">\n\t\t\t\t\t\t\t\t\t<h2><strong>Servicios<\/strong><\/h2><ul><li>Consultas sobre consumo energ\u00e9tico.<\/li><li>Gesti\u00f3n de contratos de suministro.<\/li><li>Implementaci\u00f3n de energ\u00edas renovables.<\/li><li>Asesor\u00eda en eficiencia energ\u00e9tica.<\/li><li>Atenci\u00f3n especializada a trav\u00e9s de plataformas digitales.<\/li><\/ul>\t\t\t\t\t\t\t\t<\/div>\n\t\t\t\t<\/div>\n\t\t\t\t\t<\/div>\n\t\t\t\t<\/div>\n\t\t\t\t<\/div>","protected":false},"excerpt":{"rendered":"<p>\u00a0 Ofrecemos soluciones diversificadas que abarcan una amplia gama de necesidades, desde la atenci\u00f3n personalizada para clientes residenciales hasta servicios especializados para empresas. Estos incluyen asesor\u00eda en eficiencia energ\u00e9tica, implementaci\u00f3n de energ\u00edas renovables y an\u00e1lisis detallados de consumo. Nuestro enfoque integral est\u00e1 dise\u00f1ado para adaptarse a los distintos perfiles de nuestros clientes, garantizando soluciones que [&hellip;]<\/p>\n","protected":false},"author":1,"featured_media":0,"parent":0,"menu_order":0,"comment_status":"closed","ping_status":"closed","template":"","meta":{"_eb_attr":"","footnotes":""},"class_list":["post-20511","page","type-page","status-publish","hentry"],"yoast_head":"<!-- This site is optimized with the Yoast SEO plugin v27.5 - https:\/\/yoast.com\/product\/yoast-seo-wordpress\/ -->\n<title>Energ\u00eda - Lanalden<\/title>\n<meta name=\"description\" content=\"Descubre las soluciones personalizadas de Lanalden para el sector energ\u00eda, creadas para mejorar potenciar el crecimiento de tu negocio.\" \/>\n<meta name=\"robots\" content=\"index, follow, max-snippet:-1, max-image-preview:large, max-video-preview:-1\" \/>\n<link rel=\"canonical\" href=\"https:\/\/www.lanalden.com\/en\/servicios-sector-energia\/\" \/>\n<meta property=\"og:locale\" content=\"en_GB\" \/>\n<meta property=\"og:type\" content=\"article\" \/>\n<meta property=\"og:title\" content=\"Energ\u00eda - Lanalden\" \/>\n<meta property=\"og:description\" content=\"Descubre las soluciones personalizadas de Lanalden para el sector energ\u00eda, creadas para mejorar potenciar el crecimiento de tu negocio.\" \/>\n<meta property=\"og:url\" content=\"https:\/\/www.lanalden.com\/en\/servicios-sector-energia\/\" \/>\n<meta property=\"og:site_name\" content=\"Lanalden\" \/>\n<meta property=\"article:publisher\" content=\"https:\/\/www.facebook.com\/lanalden\" \/>\n<meta property=\"article:modified_time\" content=\"2025-05-29T09:15:45+00:00\" \/>\n<meta property=\"og:image\" content=\"https:\/\/www.lanalden.com\/wp-content\/uploads\/2024\/07\/sector-energia.jpg\" \/>\n<meta name=\"twitter:card\" content=\"summary_large_image\" \/>\n<meta name=\"twitter:site\" content=\"@lanalden\" \/>\n<meta name=\"twitter:label1\" content=\"Estimated reading time\" \/>\n\t<meta name=\"twitter:data1\" content=\"2 minutes\" \/>\n<script type=\"application\/ld+json\" class=\"yoast-schema-graph\">{\"@context\":\"https:\\\/\\\/schema.org\",\"@graph\":[{\"@type\":\"WebPage\",\"@id\":\"https:\\\/\\\/www.lanalden.com\\\/servicios-sector-energia\\\/\",\"url\":\"https:\\\/\\\/www.lanalden.com\\\/servicios-sector-energia\\\/\",\"name\":\"Energ\u00eda - Lanalden\",\"isPartOf\":{\"@id\":\"https:\\\/\\\/www.lanalden.com\\\/#website\"},\"primaryImageOfPage\":{\"@id\":\"https:\\\/\\\/www.lanalden.com\\\/servicios-sector-energia\\\/#primaryimage\"},\"image\":{\"@id\":\"https:\\\/\\\/www.lanalden.com\\\/servicios-sector-energia\\\/#primaryimage\"},\"thumbnailUrl\":\"https:\\\/\\\/www.lanalden.com\\\/wp-content\\\/uploads\\\/2024\\\/07\\\/sector-energia.jpg\",\"datePublished\":\"2024-07-24T12:44:55+00:00\",\"dateModified\":\"2025-05-29T09:15:45+00:00\",\"description\":\"Descubre las soluciones personalizadas de Lanalden para el sector energ\u00eda, creadas para mejorar potenciar el crecimiento de tu negocio.\",\"breadcrumb\":{\"@id\":\"https:\\\/\\\/www.lanalden.com\\\/servicios-sector-energia\\\/#breadcrumb\"},\"inLanguage\":\"en-GB\",\"potentialAction\":[{\"@type\":\"ReadAction\",\"target\":[\"https:\\\/\\\/www.lanalden.com\\\/servicios-sector-energia\\\/\"]}]},{\"@type\":\"ImageObject\",\"inLanguage\":\"en-GB\",\"@id\":\"https:\\\/\\\/www.lanalden.com\\\/servicios-sector-energia\\\/#primaryimage\",\"url\":\"https:\\\/\\\/www.lanalden.com\\\/wp-content\\\/uploads\\\/2024\\\/07\\\/sector-energia.jpg\",\"contentUrl\":\"https:\\\/\\\/www.lanalden.com\\\/wp-content\\\/uploads\\\/2024\\\/07\\\/sector-energia.jpg\"},{\"@type\":\"BreadcrumbList\",\"@id\":\"https:\\\/\\\/www.lanalden.com\\\/servicios-sector-energia\\\/#breadcrumb\",\"itemListElement\":[{\"@type\":\"ListItem\",\"position\":1,\"name\":\"Home\",\"item\":\"https:\\\/\\\/www.lanalden.com\\\/\"},{\"@type\":\"ListItem\",\"position\":2,\"name\":\"Energ\u00eda\"}]},{\"@type\":\"WebSite\",\"@id\":\"https:\\\/\\\/www.lanalden.com\\\/#website\",\"url\":\"https:\\\/\\\/www.lanalden.com\\\/\",\"name\":\"https:\\\/\\\/www.lanalden.com\\\/\",\"description\":\"\",\"publisher\":{\"@id\":\"https:\\\/\\\/www.lanalden.com\\\/#organization\"},\"potentialAction\":[{\"@type\":\"SearchAction\",\"target\":{\"@type\":\"EntryPoint\",\"urlTemplate\":\"https:\\\/\\\/www.lanalden.com\\\/?s={search_term_string}\"},\"query-input\":{\"@type\":\"PropertyValueSpecification\",\"valueRequired\":true,\"valueName\":\"search_term_string\"}}],\"inLanguage\":\"en-GB\"},{\"@type\":\"Organization\",\"@id\":\"https:\\\/\\\/www.lanalden.com\\\/#organization\",\"name\":\"Lanalden\",\"url\":\"https:\\\/\\\/www.lanalden.com\\\/\",\"logo\":{\"@type\":\"ImageObject\",\"inLanguage\":\"en-GB\",\"@id\":\"https:\\\/\\\/www.lanalden.com\\\/#\\\/schema\\\/logo\\\/image\\\/\",\"url\":\"https:\\\/\\\/www.lanalden.com\\\/wp-content\\\/uploads\\\/2025\\\/03\\\/cropped-logo-lanalden-removebg-preview.png\",\"contentUrl\":\"https:\\\/\\\/www.lanalden.com\\\/wp-content\\\/uploads\\\/2025\\\/03\\\/cropped-logo-lanalden-removebg-preview.png\",\"width\":150,\"height\":150,\"caption\":\"Lanalden\"},\"image\":{\"@id\":\"https:\\\/\\\/www.lanalden.com\\\/#\\\/schema\\\/logo\\\/image\\\/\"},\"sameAs\":[\"https:\\\/\\\/www.facebook.com\\\/lanalden\",\"https:\\\/\\\/x.com\\\/lanalden\",\"https:\\\/\\\/es.linkedin.com\\\/company\\\/lanalden\",\"https:\\\/\\\/www.instagram.com\\\/lanaldendb\\\/\"]}]}<\/script>\n<!-- \/ Yoast SEO plugin. -->","yoast_head_json":{"title":"Energ\u00eda - Lanalden","description":"Descubre las soluciones personalizadas de Lanalden para el sector energ\u00eda, creadas para mejorar potenciar el crecimiento de tu negocio.","robots":{"index":"index","follow":"follow","max-snippet":"max-snippet:-1","max-image-preview":"max-image-preview:large","max-video-preview":"max-video-preview:-1"},"canonical":"https:\/\/www.lanalden.com\/en\/servicios-sector-energia\/","og_locale":"en_GB","og_type":"article","og_title":"Energ\u00eda - Lanalden","og_description":"Descubre las soluciones personalizadas de Lanalden para el sector energ\u00eda, creadas para mejorar potenciar el crecimiento de tu negocio.","og_url":"https:\/\/www.lanalden.com\/en\/servicios-sector-energia\/","og_site_name":"Lanalden","article_publisher":"https:\/\/www.facebook.com\/lanalden","article_modified_time":"2025-05-29T09:15:45+00:00","og_image":[{"url":"https:\/\/www.lanalden.com\/wp-content\/uploads\/2024\/07\/sector-energia.jpg","type":"","width":"","height":""}],"twitter_card":"summary_large_image","twitter_site":"@lanalden","twitter_misc":{"Estimated reading time":"2 minutes"},"schema":{"@context":"https:\/\/schema.org","@graph":[{"@type":"WebPage","@id":"https:\/\/www.lanalden.com\/servicios-sector-energia\/","url":"https:\/\/www.lanalden.com\/servicios-sector-energia\/","name":"Energ\u00eda - Lanalden","isPartOf":{"@id":"https:\/\/www.lanalden.com\/#website"},"primaryImageOfPage":{"@id":"https:\/\/www.lanalden.com\/servicios-sector-energia\/#primaryimage"},"image":{"@id":"https:\/\/www.lanalden.com\/servicios-sector-energia\/#primaryimage"},"thumbnailUrl":"https:\/\/www.lanalden.com\/wp-content\/uploads\/2024\/07\/sector-energia.jpg","datePublished":"2024-07-24T12:44:55+00:00","dateModified":"2025-05-29T09:15:45+00:00","description":"Descubre las soluciones personalizadas de Lanalden para el sector energ\u00eda, creadas para mejorar potenciar el crecimiento de tu negocio.","breadcrumb":{"@id":"https:\/\/www.lanalden.com\/servicios-sector-energia\/#breadcrumb"},"inLanguage":"en-GB","potentialAction":[{"@type":"ReadAction","target":["https:\/\/www.lanalden.com\/servicios-sector-energia\/"]}]},{"@type":"ImageObject","inLanguage":"en-GB","@id":"https:\/\/www.lanalden.com\/servicios-sector-energia\/#primaryimage","url":"https:\/\/www.lanalden.com\/wp-content\/uploads\/2024\/07\/sector-energia.jpg","contentUrl":"https:\/\/www.lanalden.com\/wp-content\/uploads\/2024\/07\/sector-energia.jpg"},{"@type":"BreadcrumbList","@id":"https:\/\/www.lanalden.com\/servicios-sector-energia\/#breadcrumb","itemListElement":[{"@type":"ListItem","position":1,"name":"Home","item":"https:\/\/www.lanalden.com\/"},{"@type":"ListItem","position":2,"name":"Energ\u00eda"}]},{"@type":"WebSite","@id":"https:\/\/www.lanalden.com\/#website","url":"https:\/\/www.lanalden.com\/","name":"https:\/\/www.lanalden.com\/","description":"","publisher":{"@id":"https:\/\/www.lanalden.com\/#organization"},"potentialAction":[{"@type":"SearchAction","target":{"@type":"EntryPoint","urlTemplate":"https:\/\/www.lanalden.com\/?s={search_term_string}"},"query-input":{"@type":"PropertyValueSpecification","valueRequired":true,"valueName":"search_term_string"}}],"inLanguage":"en-GB"},{"@type":"Organization","@id":"https:\/\/www.lanalden.com\/#organization","name":"Lanalden","url":"https:\/\/www.lanalden.com\/","logo":{"@type":"ImageObject","inLanguage":"en-GB","@id":"https:\/\/www.lanalden.com\/#\/schema\/logo\/image\/","url":"https:\/\/www.lanalden.com\/wp-content\/uploads\/2025\/03\/cropped-logo-lanalden-removebg-preview.png","contentUrl":"https:\/\/www.lanalden.com\/wp-content\/uploads\/2025\/03\/cropped-logo-lanalden-removebg-preview.png","width":150,"height":150,"caption":"Lanalden"},"image":{"@id":"https:\/\/www.lanalden.com\/#\/schema\/logo\/image\/"},"sameAs":["https:\/\/www.facebook.com\/lanalden","https:\/\/x.com\/lanalden","https:\/\/es.linkedin.com\/company\/lanalden","https:\/\/www.instagram.com\/lanaldendb\/"]}]}},"_links":{"self":[{"href":"https:\/\/www.lanalden.com\/en\/wp-json\/wp\/v2\/pages\/20511","targetHints":{"allow":["GET"]}}],"collection":[{"href":"https:\/\/www.lanalden.com\/en\/wp-json\/wp\/v2\/pages"}],"about":[{"href":"https:\/\/www.lanalden.com\/en\/wp-json\/wp\/v2\/types\/page"}],"author":[{"embeddable":true,"href":"https:\/\/www.lanalden.com\/en\/wp-json\/wp\/v2\/users\/1"}],"replies":[{"embeddable":true,"href":"https:\/\/www.lanalden.com\/en\/wp-json\/wp\/v2\/comments?post=20511"}],"version-history":[{"count":34,"href":"https:\/\/www.lanalden.com\/en\/wp-json\/wp\/v2\/pages\/20511\/revisions"}],"predecessor-version":[{"id":27865,"href":"https:\/\/www.lanalden.com\/en\/wp-json\/wp\/v2\/pages\/20511\/revisions\/27865"}],"wp:attachment":[{"href":"https:\/\/www.lanalden.com\/en\/wp-json\/wp\/v2\/media?parent=20511"}],"curies":[{"name":"wp","href":"https:\/\/api.w.org\/{rel}","templated":true}]}}