{"id":20519,"date":"2024-07-24T14:49:15","date_gmt":"2024-07-24T12:49:15","guid":{"rendered":"https:\/\/pre.lanalden.com\/?page_id=20519"},"modified":"2025-05-29T11:16:39","modified_gmt":"2025-05-29T09:16:39","slug":"servicios-sector-industria","status":"publish","type":"page","link":"https:\/\/www.lanalden.com\/en\/servicios-sector-industria\/","title":{"rendered":"Industria"},"content":{"rendered":"<div data-elementor-type=\"wp-page\" data-elementor-id=\"20519\" class=\"elementor elementor-20519\">\n\t\t\t\t<div class=\"elementor-element elementor-element-f4f3802 e-flex e-con-boxed e-con e-parent\" data-id=\"f4f3802\" data-element_type=\"container\" data-e-type=\"container\">\n\t\t\t\t\t<div class=\"e-con-inner\">\n\t\t<div class=\"elementor-element elementor-element-e791f3f e-con-full e-flex e-con e-child\" data-id=\"e791f3f\" data-element_type=\"container\" data-e-type=\"container\">\n\t\t\t\t<div class=\"elementor-element elementor-element-e74510d elementor-widget elementor-widget-image\" data-id=\"e74510d\" data-element_type=\"widget\" data-e-type=\"widget\" data-widget_type=\"image.default\">\n\t\t\t\t<div class=\"elementor-widget-container\">\n\t\t\t\t\t\t\t\t\t\t\t\t\t\t\t<img fetchpriority=\"high\" decoding=\"async\" width=\"1368\" height=\"768\" src=\"https:\/\/www.lanalden.com\/wp-content\/uploads\/2024\/07\/servicio-industria.jpg\" class=\"attachment-full size-full wp-image-20556\" alt=\"\" srcset=\"https:\/\/www.lanalden.com\/wp-content\/uploads\/2024\/07\/servicio-industria.jpg 1368w, https:\/\/www.lanalden.com\/wp-content\/uploads\/2024\/07\/servicio-industria-300x168.jpg 300w, https:\/\/www.lanalden.com\/wp-content\/uploads\/2024\/07\/servicio-industria-1024x575.jpg 1024w, https:\/\/www.lanalden.com\/wp-content\/uploads\/2024\/07\/servicio-industria-768x431.jpg 768w, https:\/\/www.lanalden.com\/wp-content\/uploads\/2024\/07\/servicio-industria-18x10.jpg 18w\" sizes=\"(max-width: 1368px) 100vw, 1368px\" \/>\t\t\t\t\t\t\t\t\t\t\t\t\t\t\t<\/div>\n\t\t\t\t<\/div>\n\t\t\t\t<div class=\"elementor-element elementor-element-a027e9b elementor-widget elementor-widget-text-editor\" data-id=\"a027e9b\" data-element_type=\"widget\" data-e-type=\"widget\" data-widget_type=\"text-editor.default\">\n\t\t\t\t<div class=\"elementor-widget-container\">\n\t\t\t\t\t\t\t\t\t<p data-start=\"0\" data-end=\"393\">\u00a0<\/p><p class=\"\" data-start=\"0\" data-end=\"393\">Ofrecemos una amplia variedad de servicios que cubren tanto las operaciones fundamentales de las empresas como soluciones avanzadas orientadas a mejorar la eficiencia, sostenibilidad y competitividad de sus procesos. Nuestro enfoque est\u00e1 dise\u00f1ado para atender las necesidades m\u00e1s b\u00e1sicas, pero tambi\u00e9n para ofrecer herramientas estrat\u00e9gicas que optimicen cada fase de la operaci\u00f3n empresarial.<\/p><p class=\"\" data-start=\"395\" data-end=\"962\">Este proyecto se presenta como una <strong>soluci\u00f3n integral<\/strong>, pensada para <strong>mejorar<\/strong> la <strong>eficiencia operativa<\/strong> de las industrias en todas las fases de su producci\u00f3n. Desde la planificaci\u00f3n y control de recursos, hasta la ejecuci\u00f3n e implementaci\u00f3n de proyectos complejos, trabajamos para asegurar que cada aspecto del proceso est\u00e9 optimizado para obtener los mejores resultados. Nuestro sistema de soporte personalizado se adapta a las necesidades espec\u00edficas de cada cliente, garantizando que las soluciones sean tanto eficientes como pr\u00e1cticas en el contexto de cada industria.<\/p><p class=\"\" data-start=\"964\" data-end=\"1450\">Adem\u00e1s, contamos con un <strong>equipo de atenci\u00f3n altamente especializado<\/strong>, preparado para ofrecer asesoramiento y apoyo constante. Este equipo est\u00e1 comprometido con la satisfacci\u00f3n de nuestros clientes, proporcionando un servicio proactivo que responde de manera r\u00e1pida y efectiva a cualquier desaf\u00edo o requerimiento. Con este enfoque, nos aseguramos de que las empresas no solo cumplan con sus objetivos operativos, sino que tambi\u00e9n logren un crecimiento sostenible y eficiente a largo plazo.<\/p>\t\t\t\t\t\t\t\t<\/div>\n\t\t\t\t<\/div>\n\t\t\t\t<div class=\"elementor-element elementor-element-df04708 elementor-widget elementor-widget-spacer\" data-id=\"df04708\" data-element_type=\"widget\" data-e-type=\"widget\" data-widget_type=\"spacer.default\">\n\t\t\t\t<div class=\"elementor-widget-container\">\n\t\t\t\t\t\t\t<div class=\"elementor-spacer\">\n\t\t\t<div class=\"elementor-spacer-inner\"><\/div>\n\t\t<\/div>\n\t\t\t\t\t\t<\/div>\n\t\t\t\t<\/div>\n\t\t\t\t<\/div>\n\t\t\t\t\t<\/div>\n\t\t\t\t<\/div>\n\t\t<div class=\"elementor-element elementor-element-309c266 e-grid e-con-boxed e-con e-parent\" data-id=\"309c266\" data-element_type=\"container\" data-e-type=\"container\">\n\t\t\t\t\t<div class=\"e-con-inner\">\n\t\t\t\t<div class=\"elementor-element elementor-element-ebe3684 elementor-widget elementor-widget-image\" data-id=\"ebe3684\" data-element_type=\"widget\" data-e-type=\"widget\" data-widget_type=\"image.default\">\n\t\t\t\t<div class=\"elementor-widget-container\">\n\t\t\t\t\t\t\t\t\t\t\t\t\t\t\t<img decoding=\"async\" width=\"1024\" height=\"575\" src=\"https:\/\/www.lanalden.com\/wp-content\/uploads\/2024\/07\/servicio-sector-industria-1024x575.jpg\" class=\"attachment-large size-large wp-image-20548\" alt=\"\" srcset=\"https:\/\/www.lanalden.com\/wp-content\/uploads\/2024\/07\/servicio-sector-industria-1024x575.jpg 1024w, https:\/\/www.lanalden.com\/wp-content\/uploads\/2024\/07\/servicio-sector-industria-300x168.jpg 300w, https:\/\/www.lanalden.com\/wp-content\/uploads\/2024\/07\/servicio-sector-industria-768x431.jpg 768w, https:\/\/www.lanalden.com\/wp-content\/uploads\/2024\/07\/servicio-sector-industria-18x10.jpg 18w, https:\/\/www.lanalden.com\/wp-content\/uploads\/2024\/07\/servicio-sector-industria.jpg 1368w\" sizes=\"(max-width: 1024px) 100vw, 1024px\" \/>\t\t\t\t\t\t\t\t\t\t\t\t\t\t\t<\/div>\n\t\t\t\t<\/div>\n\t\t\t\t<div class=\"elementor-element elementor-element-7d005e4 elementor-widget elementor-widget-text-editor\" data-id=\"7d005e4\" data-element_type=\"widget\" data-e-type=\"widget\" data-widget_type=\"text-editor.default\">\n\t\t\t\t<div class=\"elementor-widget-container\">\n\t\t\t\t\t\t\t\t\t<h2><strong>Servicios<\/strong><\/h2>\n<ul>\n \t<li>Soporte especializado para proyectos complejos.<\/li>\n \t<li><span style=\"text-align: var(--text-align);\">Gesti\u00f3n de operaciones.<\/span><\/li>\n \t<li><span style=\"text-align: var(--text-align);\">Optimizaci\u00f3n de la planificaci\u00f3n y control de recursos.<\/span><\/li>\n \t<li>Sistema integral de soporte.<\/li>\n \t<li>Automatizaci\u00f3n de procesos industriales.<\/li>\n<\/ul>\t\t\t\t\t\t\t\t<\/div>\n\t\t\t\t<\/div>\n\t\t\t\t\t<\/div>\n\t\t\t\t<\/div>\n\t\t\t\t<\/div>","protected":false},"excerpt":{"rendered":"<p>\u00a0 Ofrecemos una amplia variedad de servicios que cubren tanto las operaciones fundamentales de las empresas como soluciones avanzadas orientadas a mejorar la eficiencia, sostenibilidad y competitividad de sus procesos. Nuestro enfoque est\u00e1 dise\u00f1ado para atender las necesidades m\u00e1s b\u00e1sicas, pero tambi\u00e9n para ofrecer herramientas estrat\u00e9gicas que optimicen cada fase de la operaci\u00f3n empresarial. Este [&hellip;]<\/p>\n","protected":false},"author":1,"featured_media":0,"parent":0,"menu_order":0,"comment_status":"closed","ping_status":"closed","template":"","meta":{"_eb_attr":"","footnotes":""},"class_list":["post-20519","page","type-page","status-publish","hentry"],"yoast_head":"<!-- This site is optimized with the Yoast SEO plugin v27.5 - https:\/\/yoast.com\/product\/yoast-seo-wordpress\/ -->\n<title>Industria - Lanalden<\/title>\n<meta name=\"description\" content=\"Descubre las soluciones personalizadas de Lanalden para el sector industria, dise\u00f1adas para potenciar tu negocio.\" \/>\n<meta name=\"robots\" content=\"index, follow, max-snippet:-1, max-image-preview:large, max-video-preview:-1\" \/>\n<link rel=\"canonical\" href=\"https:\/\/www.lanalden.com\/en\/servicios-sector-industria\/\" \/>\n<meta property=\"og:locale\" content=\"en_GB\" \/>\n<meta property=\"og:type\" content=\"article\" \/>\n<meta property=\"og:title\" content=\"Industria - Lanalden\" \/>\n<meta property=\"og:description\" content=\"Descubre las soluciones personalizadas de Lanalden para el sector industria, dise\u00f1adas para potenciar tu negocio.\" \/>\n<meta property=\"og:url\" content=\"https:\/\/www.lanalden.com\/en\/servicios-sector-industria\/\" \/>\n<meta property=\"og:site_name\" content=\"Lanalden\" \/>\n<meta property=\"article:publisher\" content=\"https:\/\/www.facebook.com\/lanalden\" \/>\n<meta property=\"article:modified_time\" content=\"2025-05-29T09:16:39+00:00\" \/>\n<meta property=\"og:image\" content=\"https:\/\/www.lanalden.com\/wp-content\/uploads\/2024\/07\/servicio-industria.jpg\" \/>\n<meta name=\"twitter:card\" content=\"summary_large_image\" \/>\n<meta name=\"twitter:site\" content=\"@lanalden\" \/>\n<meta name=\"twitter:label1\" content=\"Estimated reading time\" \/>\n\t<meta name=\"twitter:data1\" content=\"2 minutes\" \/>\n<script type=\"application\/ld+json\" class=\"yoast-schema-graph\">{\"@context\":\"https:\\\/\\\/schema.org\",\"@graph\":[{\"@type\":\"WebPage\",\"@id\":\"https:\\\/\\\/www.lanalden.com\\\/servicios-sector-industria\\\/\",\"url\":\"https:\\\/\\\/www.lanalden.com\\\/servicios-sector-industria\\\/\",\"name\":\"Industria - Lanalden\",\"isPartOf\":{\"@id\":\"https:\\\/\\\/www.lanalden.com\\\/#website\"},\"primaryImageOfPage\":{\"@id\":\"https:\\\/\\\/www.lanalden.com\\\/servicios-sector-industria\\\/#primaryimage\"},\"image\":{\"@id\":\"https:\\\/\\\/www.lanalden.com\\\/servicios-sector-industria\\\/#primaryimage\"},\"thumbnailUrl\":\"https:\\\/\\\/www.lanalden.com\\\/wp-content\\\/uploads\\\/2024\\\/07\\\/servicio-industria.jpg\",\"datePublished\":\"2024-07-24T12:49:15+00:00\",\"dateModified\":\"2025-05-29T09:16:39+00:00\",\"description\":\"Descubre las soluciones personalizadas de Lanalden para el sector industria, dise\u00f1adas para potenciar tu negocio.\",\"breadcrumb\":{\"@id\":\"https:\\\/\\\/www.lanalden.com\\\/servicios-sector-industria\\\/#breadcrumb\"},\"inLanguage\":\"en-GB\",\"potentialAction\":[{\"@type\":\"ReadAction\",\"target\":[\"https:\\\/\\\/www.lanalden.com\\\/servicios-sector-industria\\\/\"]}]},{\"@type\":\"ImageObject\",\"inLanguage\":\"en-GB\",\"@id\":\"https:\\\/\\\/www.lanalden.com\\\/servicios-sector-industria\\\/#primaryimage\",\"url\":\"https:\\\/\\\/www.lanalden.com\\\/wp-content\\\/uploads\\\/2024\\\/07\\\/servicio-industria.jpg\",\"contentUrl\":\"https:\\\/\\\/www.lanalden.com\\\/wp-content\\\/uploads\\\/2024\\\/07\\\/servicio-industria.jpg\"},{\"@type\":\"BreadcrumbList\",\"@id\":\"https:\\\/\\\/www.lanalden.com\\\/servicios-sector-industria\\\/#breadcrumb\",\"itemListElement\":[{\"@type\":\"ListItem\",\"position\":1,\"name\":\"Home\",\"item\":\"https:\\\/\\\/www.lanalden.com\\\/\"},{\"@type\":\"ListItem\",\"position\":2,\"name\":\"Industria\"}]},{\"@type\":\"WebSite\",\"@id\":\"https:\\\/\\\/www.lanalden.com\\\/#website\",\"url\":\"https:\\\/\\\/www.lanalden.com\\\/\",\"name\":\"https:\\\/\\\/www.lanalden.com\\\/\",\"description\":\"\",\"publisher\":{\"@id\":\"https:\\\/\\\/www.lanalden.com\\\/#organization\"},\"potentialAction\":[{\"@type\":\"SearchAction\",\"target\":{\"@type\":\"EntryPoint\",\"urlTemplate\":\"https:\\\/\\\/www.lanalden.com\\\/?s={search_term_string}\"},\"query-input\":{\"@type\":\"PropertyValueSpecification\",\"valueRequired\":true,\"valueName\":\"search_term_string\"}}],\"inLanguage\":\"en-GB\"},{\"@type\":\"Organization\",\"@id\":\"https:\\\/\\\/www.lanalden.com\\\/#organization\",\"name\":\"Lanalden\",\"url\":\"https:\\\/\\\/www.lanalden.com\\\/\",\"logo\":{\"@type\":\"ImageObject\",\"inLanguage\":\"en-GB\",\"@id\":\"https:\\\/\\\/www.lanalden.com\\\/#\\\/schema\\\/logo\\\/image\\\/\",\"url\":\"https:\\\/\\\/www.lanalden.com\\\/wp-content\\\/uploads\\\/2025\\\/03\\\/cropped-logo-lanalden-removebg-preview.png\",\"contentUrl\":\"https:\\\/\\\/www.lanalden.com\\\/wp-content\\\/uploads\\\/2025\\\/03\\\/cropped-logo-lanalden-removebg-preview.png\",\"width\":150,\"height\":150,\"caption\":\"Lanalden\"},\"image\":{\"@id\":\"https:\\\/\\\/www.lanalden.com\\\/#\\\/schema\\\/logo\\\/image\\\/\"},\"sameAs\":[\"https:\\\/\\\/www.facebook.com\\\/lanalden\",\"https:\\\/\\\/x.com\\\/lanalden\",\"https:\\\/\\\/es.linkedin.com\\\/company\\\/lanalden\",\"https:\\\/\\\/www.instagram.com\\\/lanaldendb\\\/\"]}]}<\/script>\n<!-- \/ Yoast SEO plugin. -->","yoast_head_json":{"title":"Industria - Lanalden","description":"Descubre las soluciones personalizadas de Lanalden para el sector industria, dise\u00f1adas para potenciar tu negocio.","robots":{"index":"index","follow":"follow","max-snippet":"max-snippet:-1","max-image-preview":"max-image-preview:large","max-video-preview":"max-video-preview:-1"},"canonical":"https:\/\/www.lanalden.com\/en\/servicios-sector-industria\/","og_locale":"en_GB","og_type":"article","og_title":"Industria - Lanalden","og_description":"Descubre las soluciones personalizadas de Lanalden para el sector industria, dise\u00f1adas para potenciar tu negocio.","og_url":"https:\/\/www.lanalden.com\/en\/servicios-sector-industria\/","og_site_name":"Lanalden","article_publisher":"https:\/\/www.facebook.com\/lanalden","article_modified_time":"2025-05-29T09:16:39+00:00","og_image":[{"url":"https:\/\/www.lanalden.com\/wp-content\/uploads\/2024\/07\/servicio-industria.jpg","type":"","width":"","height":""}],"twitter_card":"summary_large_image","twitter_site":"@lanalden","twitter_misc":{"Estimated reading time":"2 minutes"},"schema":{"@context":"https:\/\/schema.org","@graph":[{"@type":"WebPage","@id":"https:\/\/www.lanalden.com\/servicios-sector-industria\/","url":"https:\/\/www.lanalden.com\/servicios-sector-industria\/","name":"Industria - Lanalden","isPartOf":{"@id":"https:\/\/www.lanalden.com\/#website"},"primaryImageOfPage":{"@id":"https:\/\/www.lanalden.com\/servicios-sector-industria\/#primaryimage"},"image":{"@id":"https:\/\/www.lanalden.com\/servicios-sector-industria\/#primaryimage"},"thumbnailUrl":"https:\/\/www.lanalden.com\/wp-content\/uploads\/2024\/07\/servicio-industria.jpg","datePublished":"2024-07-24T12:49:15+00:00","dateModified":"2025-05-29T09:16:39+00:00","description":"Descubre las soluciones personalizadas de Lanalden para el sector industria, dise\u00f1adas para potenciar tu negocio.","breadcrumb":{"@id":"https:\/\/www.lanalden.com\/servicios-sector-industria\/#breadcrumb"},"inLanguage":"en-GB","potentialAction":[{"@type":"ReadAction","target":["https:\/\/www.lanalden.com\/servicios-sector-industria\/"]}]},{"@type":"ImageObject","inLanguage":"en-GB","@id":"https:\/\/www.lanalden.com\/servicios-sector-industria\/#primaryimage","url":"https:\/\/www.lanalden.com\/wp-content\/uploads\/2024\/07\/servicio-industria.jpg","contentUrl":"https:\/\/www.lanalden.com\/wp-content\/uploads\/2024\/07\/servicio-industria.jpg"},{"@type":"BreadcrumbList","@id":"https:\/\/www.lanalden.com\/servicios-sector-industria\/#breadcrumb","itemListElement":[{"@type":"ListItem","position":1,"name":"Home","item":"https:\/\/www.lanalden.com\/"},{"@type":"ListItem","position":2,"name":"Industria"}]},{"@type":"WebSite","@id":"https:\/\/www.lanalden.com\/#website","url":"https:\/\/www.lanalden.com\/","name":"https:\/\/www.lanalden.com\/","description":"","publisher":{"@id":"https:\/\/www.lanalden.com\/#organization"},"potentialAction":[{"@type":"SearchAction","target":{"@type":"EntryPoint","urlTemplate":"https:\/\/www.lanalden.com\/?s={search_term_string}"},"query-input":{"@type":"PropertyValueSpecification","valueRequired":true,"valueName":"search_term_string"}}],"inLanguage":"en-GB"},{"@type":"Organization","@id":"https:\/\/www.lanalden.com\/#organization","name":"Lanalden","url":"https:\/\/www.lanalden.com\/","logo":{"@type":"ImageObject","inLanguage":"en-GB","@id":"https:\/\/www.lanalden.com\/#\/schema\/logo\/image\/","url":"https:\/\/www.lanalden.com\/wp-content\/uploads\/2025\/03\/cropped-logo-lanalden-removebg-preview.png","contentUrl":"https:\/\/www.lanalden.com\/wp-content\/uploads\/2025\/03\/cropped-logo-lanalden-removebg-preview.png","width":150,"height":150,"caption":"Lanalden"},"image":{"@id":"https:\/\/www.lanalden.com\/#\/schema\/logo\/image\/"},"sameAs":["https:\/\/www.facebook.com\/lanalden","https:\/\/x.com\/lanalden","https:\/\/es.linkedin.com\/company\/lanalden","https:\/\/www.instagram.com\/lanaldendb\/"]}]}},"_links":{"self":[{"href":"https:\/\/www.lanalden.com\/en\/wp-json\/wp\/v2\/pages\/20519","targetHints":{"allow":["GET"]}}],"collection":[{"href":"https:\/\/www.lanalden.com\/en\/wp-json\/wp\/v2\/pages"}],"about":[{"href":"https:\/\/www.lanalden.com\/en\/wp-json\/wp\/v2\/types\/page"}],"author":[{"embeddable":true,"href":"https:\/\/www.lanalden.com\/en\/wp-json\/wp\/v2\/users\/1"}],"replies":[{"embeddable":true,"href":"https:\/\/www.lanalden.com\/en\/wp-json\/wp\/v2\/comments?post=20519"}],"version-history":[{"count":16,"href":"https:\/\/www.lanalden.com\/en\/wp-json\/wp\/v2\/pages\/20519\/revisions"}],"predecessor-version":[{"id":27871,"href":"https:\/\/www.lanalden.com\/en\/wp-json\/wp\/v2\/pages\/20519\/revisions\/27871"}],"wp:attachment":[{"href":"https:\/\/www.lanalden.com\/en\/wp-json\/wp\/v2\/media?parent=20519"}],"curies":[{"name":"wp","href":"https:\/\/api.w.org\/{rel}","templated":true}]}}