{"id":20521,"date":"2024-07-24T14:50:47","date_gmt":"2024-07-24T12:50:47","guid":{"rendered":"https:\/\/pre.lanalden.com\/?page_id=20521"},"modified":"2025-05-29T11:14:50","modified_gmt":"2025-05-29T09:14:50","slug":"servicios-sector-distribucion","status":"publish","type":"page","link":"https:\/\/www.lanalden.com\/en\/servicios-sector-distribucion\/","title":{"rendered":"Distribuci\u00f3n"},"content":{"rendered":"<div data-elementor-type=\"wp-page\" data-elementor-id=\"20521\" class=\"elementor elementor-20521\">\n\t\t\t\t<div class=\"elementor-element elementor-element-f4f3802 e-flex e-con-boxed e-con e-parent\" data-id=\"f4f3802\" data-element_type=\"container\" data-e-type=\"container\">\n\t\t\t\t\t<div class=\"e-con-inner\">\n\t\t<div class=\"elementor-element elementor-element-e791f3f e-con-full e-flex e-con e-child\" data-id=\"e791f3f\" data-element_type=\"container\" data-e-type=\"container\">\n\t\t\t\t<div class=\"elementor-element elementor-element-e74510d elementor-widget elementor-widget-image\" data-id=\"e74510d\" data-element_type=\"widget\" data-e-type=\"widget\" data-widget_type=\"image.default\">\n\t\t\t\t<div class=\"elementor-widget-container\">\n\t\t\t\t\t\t\t\t\t\t\t\t\t\t\t<img fetchpriority=\"high\" decoding=\"async\" width=\"1368\" height=\"768\" src=\"https:\/\/www.lanalden.com\/wp-content\/uploads\/2024\/07\/sector-distribucion.jpg.jpg\" class=\"attachment-full size-full wp-image-20560\" alt=\"\" srcset=\"https:\/\/www.lanalden.com\/wp-content\/uploads\/2024\/07\/sector-distribucion.jpg.jpg 1368w, https:\/\/www.lanalden.com\/wp-content\/uploads\/2024\/07\/sector-distribucion.jpg-300x168.jpg 300w, https:\/\/www.lanalden.com\/wp-content\/uploads\/2024\/07\/sector-distribucion.jpg-1024x575.jpg 1024w, https:\/\/www.lanalden.com\/wp-content\/uploads\/2024\/07\/sector-distribucion.jpg-768x431.jpg 768w, https:\/\/www.lanalden.com\/wp-content\/uploads\/2024\/07\/sector-distribucion.jpg-18x10.jpg 18w\" sizes=\"(max-width: 1368px) 100vw, 1368px\" \/>\t\t\t\t\t\t\t\t\t\t\t\t\t\t\t<\/div>\n\t\t\t\t<\/div>\n\t\t\t\t<div class=\"elementor-element elementor-element-a027e9b elementor-widget__width-initial elementor-widget elementor-widget-text-editor\" data-id=\"a027e9b\" data-element_type=\"widget\" data-e-type=\"widget\" data-widget_type=\"text-editor.default\">\n\t\t\t\t<div class=\"elementor-widget-container\">\n\t\t\t\t\t\t\t\t\t<p class=\"\" data-start=\"0\" data-end=\"500\">Proporcionamos una amplia variedad de servicios que cubren tanto las operaciones clave en el sector de la distribuci\u00f3n como soluciones especializadas orientadas a mejorar la eficiencia, sostenibilidad y competitividad en las cadenas de suministro. Nuestro enfoque est\u00e1 dise\u00f1ado para atender las necesidades m\u00e1s fundamentales de la industria, pero tambi\u00e9n para ofrecer soluciones innovadoras que optimicen cada fase del proceso de distribuci\u00f3n, desde el origen de los productos hasta su entrega final.<\/p><p class=\"\" data-start=\"502\" data-end=\"1173\">Este proyecto se concibe como una<strong> plataforma integral<\/strong> que no solo optimiza las operaciones en t<strong>odas las etapas del proceso de distribuci\u00f3n<\/strong>, sino que tambi\u00e9n se adapta a las particularidades de cada cliente y cada sector. Desde la gesti\u00f3n de inventarios, la planificaci\u00f3n log\u00edstica y la optimizaci\u00f3n de rutas, hasta la implementaci\u00f3n de soluciones avanzadas como la automatizaci\u00f3n de procesos y el uso de tecnolog\u00edas de vanguardia para mejorar el seguimiento y control de la cadena de suministro. Cada una de nuestras soluciones est\u00e1 pensada para aumentar la eficiencia, reducir costos y minimizar el impacto ambiental, contribuyendo as\u00ed a la sostenibilidad a largo plazo.<\/p><p class=\"\" data-start=\"1175\" data-end=\"1758\">Adem\u00e1s, ofrecemos un soporte personalizado que se ajusta a las demandas y caracter\u00edsticas espec\u00edficas del sector, garantizando una atenci\u00f3n adaptada a las necesidades de cada cliente. Nuestro equipo de atenci\u00f3n est\u00e1 compuesto por profesionales altamente especializados que cuentan con una amplia experiencia en la gesti\u00f3n de cadenas de suministro y distribuci\u00f3n. Estos expertos est\u00e1n comprometidos con ofrecer un servicio de alta calidad, proporcionando asesoramiento, soporte t\u00e9cnico y soluciones innovadoras para resolver cualquier desaf\u00edo o mejorar cualquier aspecto del proceso.<\/p><p class=\"\" data-start=\"1760\" data-end=\"2061\">Con este enfoque integral y personalizado, buscamos no solo <strong>optimizar las operaciones de distribuci\u00f3n<\/strong>, sino tambi\u00e9n <strong>mejorar la competitividad de nuestros clientes<\/strong>, ayud\u00e1ndolos a adaptarse a los constantes cambios del mercado y a cumplir con los est\u00e1ndares de eficiencia y sostenibilidad m\u00e1s exigentes.<\/p>\t\t\t\t\t\t\t\t<\/div>\n\t\t\t\t<\/div>\n\t\t\t\t<\/div>\n\t\t\t\t\t<\/div>\n\t\t\t\t<\/div>\n\t\t<div class=\"elementor-element elementor-element-309c266 e-grid e-con-boxed e-con e-parent\" data-id=\"309c266\" data-element_type=\"container\" data-e-type=\"container\">\n\t\t\t\t\t<div class=\"e-con-inner\">\n\t\t\t\t<div class=\"elementor-element elementor-element-ebe3684 elementor-widget elementor-widget-image\" data-id=\"ebe3684\" data-element_type=\"widget\" data-e-type=\"widget\" data-widget_type=\"image.default\">\n\t\t\t\t<div class=\"elementor-widget-container\">\n\t\t\t\t\t\t\t\t\t\t\t\t\t\t\t<img decoding=\"async\" width=\"1024\" height=\"575\" src=\"https:\/\/www.lanalden.com\/wp-content\/uploads\/2024\/07\/servicio-sector-distribucion-1024x575.jpg\" class=\"attachment-large size-large wp-image-20565\" alt=\"\" srcset=\"https:\/\/www.lanalden.com\/wp-content\/uploads\/2024\/07\/servicio-sector-distribucion-1024x575.jpg 1024w, https:\/\/www.lanalden.com\/wp-content\/uploads\/2024\/07\/servicio-sector-distribucion-300x168.jpg 300w, https:\/\/www.lanalden.com\/wp-content\/uploads\/2024\/07\/servicio-sector-distribucion-768x431.jpg 768w, https:\/\/www.lanalden.com\/wp-content\/uploads\/2024\/07\/servicio-sector-distribucion-18x10.jpg 18w, https:\/\/www.lanalden.com\/wp-content\/uploads\/2024\/07\/servicio-sector-distribucion.jpg 1368w\" sizes=\"(max-width: 1024px) 100vw, 1024px\" \/>\t\t\t\t\t\t\t\t\t\t\t\t\t\t\t<\/div>\n\t\t\t\t<\/div>\n\t\t\t\t<div class=\"elementor-element elementor-element-7d005e4 elementor-widget elementor-widget-text-editor\" data-id=\"7d005e4\" data-element_type=\"widget\" data-e-type=\"widget\" data-widget_type=\"text-editor.default\">\n\t\t\t\t<div class=\"elementor-widget-container\">\n\t\t\t\t\t\t\t\t\t<h2><strong>Servicios<\/strong><\/h2><ul><li>Gesti\u00f3n de operaciones clave en distribuci\u00f3n.<\/li><li>Soluciones especializadas para la eficiencia log\u00edstica.<\/li><li>Mejora continua de procesos de distribuci\u00f3n.<\/li><li>Atenci\u00f3n especializada en operaciones complejas<\/li><li>Soporte personalizado para el sector de distribuci\u00f3n.<\/li><\/ul>\t\t\t\t\t\t\t\t<\/div>\n\t\t\t\t<\/div>\n\t\t\t\t\t<\/div>\n\t\t\t\t<\/div>\n\t\t<div class=\"elementor-element elementor-element-0252c23 e-flex e-con-boxed e-con e-parent\" data-id=\"0252c23\" data-element_type=\"container\" data-e-type=\"container\">\n\t\t\t\t\t<div class=\"e-con-inner\">\n\t\t\t\t<div class=\"elementor-element elementor-element-71deb96 elementor-widget elementor-widget-spacer\" data-id=\"71deb96\" data-element_type=\"widget\" data-e-type=\"widget\" data-widget_type=\"spacer.default\">\n\t\t\t\t<div class=\"elementor-widget-container\">\n\t\t\t\t\t\t\t<div class=\"elementor-spacer\">\n\t\t\t<div class=\"elementor-spacer-inner\"><\/div>\n\t\t<\/div>\n\t\t\t\t\t\t<\/div>\n\t\t\t\t<\/div>\n\t\t\t\t\t<\/div>\n\t\t\t\t<\/div>\n\t\t\t\t<\/div>","protected":false},"excerpt":{"rendered":"<p>Proporcionamos una amplia variedad de servicios que cubren tanto las operaciones clave en el sector de la distribuci\u00f3n como soluciones especializadas orientadas a mejorar la eficiencia, sostenibilidad y competitividad en las cadenas de suministro. Nuestro enfoque est\u00e1 dise\u00f1ado para atender las necesidades m\u00e1s fundamentales de la industria, pero tambi\u00e9n para ofrecer soluciones innovadoras que optimicen [&hellip;]<\/p>\n","protected":false},"author":1,"featured_media":0,"parent":0,"menu_order":0,"comment_status":"closed","ping_status":"closed","template":"","meta":{"_eb_attr":"","footnotes":""},"class_list":["post-20521","page","type-page","status-publish","hentry"],"yoast_head":"<!-- This site is optimized with the Yoast SEO plugin v27.5 - https:\/\/yoast.com\/product\/yoast-seo-wordpress\/ -->\n<title>Distribuci\u00f3n - Lanalden<\/title>\n<meta name=\"description\" content=\"Descubre las soluciones personalizadas de Lanalden para el sector distribuci\u00f3n, dise\u00f1adas para mejorar la eficiencia y potenciar tu negocio.\" \/>\n<meta name=\"robots\" content=\"index, follow, max-snippet:-1, max-image-preview:large, max-video-preview:-1\" \/>\n<link rel=\"canonical\" href=\"https:\/\/www.lanalden.com\/en\/servicios-sector-distribucion\/\" \/>\n<meta property=\"og:locale\" content=\"en_GB\" \/>\n<meta property=\"og:type\" content=\"article\" \/>\n<meta property=\"og:title\" content=\"Distribuci\u00f3n - Lanalden\" \/>\n<meta property=\"og:description\" content=\"Descubre las soluciones personalizadas de Lanalden para el sector distribuci\u00f3n, dise\u00f1adas para mejorar la eficiencia y potenciar tu negocio.\" \/>\n<meta property=\"og:url\" content=\"https:\/\/www.lanalden.com\/en\/servicios-sector-distribucion\/\" \/>\n<meta property=\"og:site_name\" content=\"Lanalden\" \/>\n<meta property=\"article:publisher\" content=\"https:\/\/www.facebook.com\/lanalden\" \/>\n<meta property=\"article:modified_time\" content=\"2025-05-29T09:14:50+00:00\" \/>\n<meta property=\"og:image\" content=\"https:\/\/www.lanalden.com\/wp-content\/uploads\/2024\/07\/sector-distribucion.jpg.jpg\" \/>\n<meta name=\"twitter:card\" content=\"summary_large_image\" \/>\n<meta name=\"twitter:site\" content=\"@lanalden\" \/>\n<meta name=\"twitter:label1\" content=\"Estimated reading time\" \/>\n\t<meta name=\"twitter:data1\" content=\"2 minutes\" \/>\n<script type=\"application\/ld+json\" class=\"yoast-schema-graph\">{\"@context\":\"https:\\\/\\\/schema.org\",\"@graph\":[{\"@type\":\"WebPage\",\"@id\":\"https:\\\/\\\/www.lanalden.com\\\/servicios-sector-distribucion\\\/\",\"url\":\"https:\\\/\\\/www.lanalden.com\\\/servicios-sector-distribucion\\\/\",\"name\":\"Distribuci\u00f3n - Lanalden\",\"isPartOf\":{\"@id\":\"https:\\\/\\\/www.lanalden.com\\\/#website\"},\"primaryImageOfPage\":{\"@id\":\"https:\\\/\\\/www.lanalden.com\\\/servicios-sector-distribucion\\\/#primaryimage\"},\"image\":{\"@id\":\"https:\\\/\\\/www.lanalden.com\\\/servicios-sector-distribucion\\\/#primaryimage\"},\"thumbnailUrl\":\"https:\\\/\\\/www.lanalden.com\\\/wp-content\\\/uploads\\\/2024\\\/07\\\/sector-distribucion.jpg.jpg\",\"datePublished\":\"2024-07-24T12:50:47+00:00\",\"dateModified\":\"2025-05-29T09:14:50+00:00\",\"description\":\"Descubre las soluciones personalizadas de Lanalden para el sector distribuci\u00f3n, dise\u00f1adas para mejorar la eficiencia y potenciar tu negocio.\",\"breadcrumb\":{\"@id\":\"https:\\\/\\\/www.lanalden.com\\\/servicios-sector-distribucion\\\/#breadcrumb\"},\"inLanguage\":\"en-GB\",\"potentialAction\":[{\"@type\":\"ReadAction\",\"target\":[\"https:\\\/\\\/www.lanalden.com\\\/servicios-sector-distribucion\\\/\"]}]},{\"@type\":\"ImageObject\",\"inLanguage\":\"en-GB\",\"@id\":\"https:\\\/\\\/www.lanalden.com\\\/servicios-sector-distribucion\\\/#primaryimage\",\"url\":\"https:\\\/\\\/www.lanalden.com\\\/wp-content\\\/uploads\\\/2024\\\/07\\\/sector-distribucion.jpg.jpg\",\"contentUrl\":\"https:\\\/\\\/www.lanalden.com\\\/wp-content\\\/uploads\\\/2024\\\/07\\\/sector-distribucion.jpg.jpg\"},{\"@type\":\"BreadcrumbList\",\"@id\":\"https:\\\/\\\/www.lanalden.com\\\/servicios-sector-distribucion\\\/#breadcrumb\",\"itemListElement\":[{\"@type\":\"ListItem\",\"position\":1,\"name\":\"Home\",\"item\":\"https:\\\/\\\/www.lanalden.com\\\/\"},{\"@type\":\"ListItem\",\"position\":2,\"name\":\"Distribuci\u00f3n\"}]},{\"@type\":\"WebSite\",\"@id\":\"https:\\\/\\\/www.lanalden.com\\\/#website\",\"url\":\"https:\\\/\\\/www.lanalden.com\\\/\",\"name\":\"https:\\\/\\\/www.lanalden.com\\\/\",\"description\":\"\",\"publisher\":{\"@id\":\"https:\\\/\\\/www.lanalden.com\\\/#organization\"},\"potentialAction\":[{\"@type\":\"SearchAction\",\"target\":{\"@type\":\"EntryPoint\",\"urlTemplate\":\"https:\\\/\\\/www.lanalden.com\\\/?s={search_term_string}\"},\"query-input\":{\"@type\":\"PropertyValueSpecification\",\"valueRequired\":true,\"valueName\":\"search_term_string\"}}],\"inLanguage\":\"en-GB\"},{\"@type\":\"Organization\",\"@id\":\"https:\\\/\\\/www.lanalden.com\\\/#organization\",\"name\":\"Lanalden\",\"url\":\"https:\\\/\\\/www.lanalden.com\\\/\",\"logo\":{\"@type\":\"ImageObject\",\"inLanguage\":\"en-GB\",\"@id\":\"https:\\\/\\\/www.lanalden.com\\\/#\\\/schema\\\/logo\\\/image\\\/\",\"url\":\"https:\\\/\\\/www.lanalden.com\\\/wp-content\\\/uploads\\\/2025\\\/03\\\/cropped-logo-lanalden-removebg-preview.png\",\"contentUrl\":\"https:\\\/\\\/www.lanalden.com\\\/wp-content\\\/uploads\\\/2025\\\/03\\\/cropped-logo-lanalden-removebg-preview.png\",\"width\":150,\"height\":150,\"caption\":\"Lanalden\"},\"image\":{\"@id\":\"https:\\\/\\\/www.lanalden.com\\\/#\\\/schema\\\/logo\\\/image\\\/\"},\"sameAs\":[\"https:\\\/\\\/www.facebook.com\\\/lanalden\",\"https:\\\/\\\/x.com\\\/lanalden\",\"https:\\\/\\\/es.linkedin.com\\\/company\\\/lanalden\",\"https:\\\/\\\/www.instagram.com\\\/lanaldendb\\\/\"]}]}<\/script>\n<!-- \/ Yoast SEO plugin. -->","yoast_head_json":{"title":"Distribuci\u00f3n - Lanalden","description":"Descubre las soluciones personalizadas de Lanalden para el sector distribuci\u00f3n, dise\u00f1adas para mejorar la eficiencia y potenciar tu negocio.","robots":{"index":"index","follow":"follow","max-snippet":"max-snippet:-1","max-image-preview":"max-image-preview:large","max-video-preview":"max-video-preview:-1"},"canonical":"https:\/\/www.lanalden.com\/en\/servicios-sector-distribucion\/","og_locale":"en_GB","og_type":"article","og_title":"Distribuci\u00f3n - Lanalden","og_description":"Descubre las soluciones personalizadas de Lanalden para el sector distribuci\u00f3n, dise\u00f1adas para mejorar la eficiencia y potenciar tu negocio.","og_url":"https:\/\/www.lanalden.com\/en\/servicios-sector-distribucion\/","og_site_name":"Lanalden","article_publisher":"https:\/\/www.facebook.com\/lanalden","article_modified_time":"2025-05-29T09:14:50+00:00","og_image":[{"url":"https:\/\/www.lanalden.com\/wp-content\/uploads\/2024\/07\/sector-distribucion.jpg.jpg","type":"","width":"","height":""}],"twitter_card":"summary_large_image","twitter_site":"@lanalden","twitter_misc":{"Estimated reading time":"2 minutes"},"schema":{"@context":"https:\/\/schema.org","@graph":[{"@type":"WebPage","@id":"https:\/\/www.lanalden.com\/servicios-sector-distribucion\/","url":"https:\/\/www.lanalden.com\/servicios-sector-distribucion\/","name":"Distribuci\u00f3n - Lanalden","isPartOf":{"@id":"https:\/\/www.lanalden.com\/#website"},"primaryImageOfPage":{"@id":"https:\/\/www.lanalden.com\/servicios-sector-distribucion\/#primaryimage"},"image":{"@id":"https:\/\/www.lanalden.com\/servicios-sector-distribucion\/#primaryimage"},"thumbnailUrl":"https:\/\/www.lanalden.com\/wp-content\/uploads\/2024\/07\/sector-distribucion.jpg.jpg","datePublished":"2024-07-24T12:50:47+00:00","dateModified":"2025-05-29T09:14:50+00:00","description":"Descubre las soluciones personalizadas de Lanalden para el sector distribuci\u00f3n, dise\u00f1adas para mejorar la eficiencia y potenciar tu negocio.","breadcrumb":{"@id":"https:\/\/www.lanalden.com\/servicios-sector-distribucion\/#breadcrumb"},"inLanguage":"en-GB","potentialAction":[{"@type":"ReadAction","target":["https:\/\/www.lanalden.com\/servicios-sector-distribucion\/"]}]},{"@type":"ImageObject","inLanguage":"en-GB","@id":"https:\/\/www.lanalden.com\/servicios-sector-distribucion\/#primaryimage","url":"https:\/\/www.lanalden.com\/wp-content\/uploads\/2024\/07\/sector-distribucion.jpg.jpg","contentUrl":"https:\/\/www.lanalden.com\/wp-content\/uploads\/2024\/07\/sector-distribucion.jpg.jpg"},{"@type":"BreadcrumbList","@id":"https:\/\/www.lanalden.com\/servicios-sector-distribucion\/#breadcrumb","itemListElement":[{"@type":"ListItem","position":1,"name":"Home","item":"https:\/\/www.lanalden.com\/"},{"@type":"ListItem","position":2,"name":"Distribuci\u00f3n"}]},{"@type":"WebSite","@id":"https:\/\/www.lanalden.com\/#website","url":"https:\/\/www.lanalden.com\/","name":"https:\/\/www.lanalden.com\/","description":"","publisher":{"@id":"https:\/\/www.lanalden.com\/#organization"},"potentialAction":[{"@type":"SearchAction","target":{"@type":"EntryPoint","urlTemplate":"https:\/\/www.lanalden.com\/?s={search_term_string}"},"query-input":{"@type":"PropertyValueSpecification","valueRequired":true,"valueName":"search_term_string"}}],"inLanguage":"en-GB"},{"@type":"Organization","@id":"https:\/\/www.lanalden.com\/#organization","name":"Lanalden","url":"https:\/\/www.lanalden.com\/","logo":{"@type":"ImageObject","inLanguage":"en-GB","@id":"https:\/\/www.lanalden.com\/#\/schema\/logo\/image\/","url":"https:\/\/www.lanalden.com\/wp-content\/uploads\/2025\/03\/cropped-logo-lanalden-removebg-preview.png","contentUrl":"https:\/\/www.lanalden.com\/wp-content\/uploads\/2025\/03\/cropped-logo-lanalden-removebg-preview.png","width":150,"height":150,"caption":"Lanalden"},"image":{"@id":"https:\/\/www.lanalden.com\/#\/schema\/logo\/image\/"},"sameAs":["https:\/\/www.facebook.com\/lanalden","https:\/\/x.com\/lanalden","https:\/\/es.linkedin.com\/company\/lanalden","https:\/\/www.instagram.com\/lanaldendb\/"]}]}},"_links":{"self":[{"href":"https:\/\/www.lanalden.com\/en\/wp-json\/wp\/v2\/pages\/20521","targetHints":{"allow":["GET"]}}],"collection":[{"href":"https:\/\/www.lanalden.com\/en\/wp-json\/wp\/v2\/pages"}],"about":[{"href":"https:\/\/www.lanalden.com\/en\/wp-json\/wp\/v2\/types\/page"}],"author":[{"embeddable":true,"href":"https:\/\/www.lanalden.com\/en\/wp-json\/wp\/v2\/users\/1"}],"replies":[{"embeddable":true,"href":"https:\/\/www.lanalden.com\/en\/wp-json\/wp\/v2\/comments?post=20521"}],"version-history":[{"count":13,"href":"https:\/\/www.lanalden.com\/en\/wp-json\/wp\/v2\/pages\/20521\/revisions"}],"predecessor-version":[{"id":27893,"href":"https:\/\/www.lanalden.com\/en\/wp-json\/wp\/v2\/pages\/20521\/revisions\/27893"}],"wp:attachment":[{"href":"https:\/\/www.lanalden.com\/en\/wp-json\/wp\/v2\/media?parent=20521"}],"curies":[{"name":"wp","href":"https:\/\/api.w.org\/{rel}","templated":true}]}}