{"id":20523,"date":"2024-07-24T14:51:31","date_gmt":"2024-07-24T12:51:31","guid":{"rendered":"https:\/\/pre.lanalden.com\/?page_id=20523"},"modified":"2025-05-29T10:59:46","modified_gmt":"2025-05-29T08:59:46","slug":"servicios-sector-climatizacion","status":"publish","type":"page","link":"https:\/\/www.lanalden.com\/en\/servicios-sector-climatizacion\/","title":{"rendered":"Climatizaci\u00f3n"},"content":{"rendered":"<div data-elementor-type=\"wp-page\" data-elementor-id=\"20523\" class=\"elementor elementor-20523\">\n\t\t\t\t<div class=\"elementor-element elementor-element-f4f3802 e-flex e-con-boxed e-con e-parent\" data-id=\"f4f3802\" data-element_type=\"container\" data-e-type=\"container\">\n\t\t\t\t\t<div class=\"e-con-inner\">\n\t\t\t\t<div class=\"elementor-element elementor-element-e74510d elementor-widget elementor-widget-image\" data-id=\"e74510d\" data-element_type=\"widget\" data-e-type=\"widget\" data-widget_type=\"image.default\">\n\t\t\t\t<div class=\"elementor-widget-container\">\n\t\t\t\t\t\t\t\t\t\t\t\t\t\t\t<img fetchpriority=\"high\" decoding=\"async\" width=\"1368\" height=\"768\" src=\"https:\/\/www.lanalden.com\/wp-content\/uploads\/2024\/07\/sector-climatizacion-3.jpg\" class=\"attachment-full size-full wp-image-20573\" alt=\"\" srcset=\"https:\/\/www.lanalden.com\/wp-content\/uploads\/2024\/07\/sector-climatizacion-3.jpg 1368w, https:\/\/www.lanalden.com\/wp-content\/uploads\/2024\/07\/sector-climatizacion-3-300x168.jpg 300w, https:\/\/www.lanalden.com\/wp-content\/uploads\/2024\/07\/sector-climatizacion-3-1024x575.jpg 1024w, https:\/\/www.lanalden.com\/wp-content\/uploads\/2024\/07\/sector-climatizacion-3-768x431.jpg 768w, https:\/\/www.lanalden.com\/wp-content\/uploads\/2024\/07\/sector-climatizacion-3-18x10.jpg 18w\" sizes=\"(max-width: 1368px) 100vw, 1368px\" \/>\t\t\t\t\t\t\t\t\t\t\t\t\t\t\t<\/div>\n\t\t\t\t<\/div>\n\t\t<div class=\"elementor-element elementor-element-e791f3f e-con-full e-flex e-con e-child\" data-id=\"e791f3f\" data-element_type=\"container\" data-e-type=\"container\">\n\t\t\t\t<div class=\"elementor-element elementor-element-a027e9b elementor-widget__width-initial elementor-widget elementor-widget-text-editor\" data-id=\"a027e9b\" data-element_type=\"widget\" data-e-type=\"widget\" data-widget_type=\"text-editor.default\">\n\t\t\t\t<div class=\"elementor-widget-container\">\n\t\t\t\t\t\t\t\t\t<div class=\"flex-shrink-0 flex flex-col relative items-end\"><p>\u00a0<\/p><div class=\"pt-0\"><div class=\"gizmo-bot-avatar flex h-8 w-8 items-center justify-center overflow-hidden rounded-full\"><div class=\"relative p-1 rounded-sm flex items-center justify-center bg-token-main-surface-primary text-token-text-primary h-8 w-8\"><p class=\"\" data-start=\"0\" data-end=\"438\">Ofrecemos un servicio integral que abarca desde la atenci\u00f3n al usuario final hasta un <strong>servicio especializado<\/strong> en el <strong>seguimiento de avisos relacionados con incidencias<\/strong>, garantizando una experiencia completa y satisfactoria para nuestros clientes. Nos enfocamos en cubrir todas las necesidades del usuario, desde consultas generales hasta la resoluci\u00f3n de problemas complejos, asegurando que cada interacci\u00f3n sea eficiente y de alta calidad.<\/p><p class=\"\" data-start=\"440\" data-end=\"965\"><strong>Atendemos<\/strong> a nuestros clientes a trav\u00e9s de <strong>diversas v\u00edas de comunicaci\u00f3n<\/strong>, adapt\u00e1ndonos a sus preferencias y estilos de contacto, ya sea a trav\u00e9s de llamadas telef\u00f3nicas, correos electr\u00f3nicos, chat en vivo o redes sociales. Este enfoque multicanal nos permite ofrecer una atenci\u00f3n accesible y directa, facilitando que los usuarios elijan el medio que les resulte m\u00e1s conveniente y c\u00f3modo. Al ser flexibles en cuanto a los canales de comunicaci\u00f3n, podemos garantizar que la experiencia de cada cliente sea lo m\u00e1s fluida posible.<\/p><p class=\"\" data-start=\"967\" data-end=\"1505\">Gracias a este enfoque personalizado y accesible, somos capaces de brindar un <strong>servicio \u00e1gil y adaptado a las necesidades espec\u00edficas de cada cliente<\/strong>. Adem\u00e1s, nuestra atenci\u00f3n se caracteriza por ser proactiva y resolutiva, asegurando que cada solicitud, ya sea una consulta simple o un caso m\u00e1s complejo, se gestione de manera r\u00e1pida, eficaz y con la m\u00e1xima profesionalidad. De esta manera, optimizamos el tiempo de respuesta y conseguimos una mayor satisfacci\u00f3n del cliente, fortaleciendo la relaci\u00f3n y la confianza en nuestros servicios.<\/p><\/div><\/div><\/div><\/div>\t\t\t\t\t\t\t\t<\/div>\n\t\t\t\t<\/div>\n\t\t\t\t<\/div>\n\t\t\t\t\t<\/div>\n\t\t\t\t<\/div>\n\t\t<div class=\"elementor-element elementor-element-771d9c6 e-flex e-con-boxed e-con e-parent\" data-id=\"771d9c6\" data-element_type=\"container\" data-e-type=\"container\">\n\t\t\t\t\t<div class=\"e-con-inner\">\n\t\t\t\t<div class=\"elementor-element elementor-element-2576424 elementor-widget elementor-widget-spacer\" data-id=\"2576424\" data-element_type=\"widget\" data-e-type=\"widget\" data-widget_type=\"spacer.default\">\n\t\t\t\t<div class=\"elementor-widget-container\">\n\t\t\t\t\t\t\t<div class=\"elementor-spacer\">\n\t\t\t<div class=\"elementor-spacer-inner\"><\/div>\n\t\t<\/div>\n\t\t\t\t\t\t<\/div>\n\t\t\t\t<\/div>\n\t\t\t\t\t<\/div>\n\t\t\t\t<\/div>\n\t\t<div class=\"elementor-element elementor-element-309c266 e-grid e-con-boxed e-con e-parent\" data-id=\"309c266\" data-element_type=\"container\" data-e-type=\"container\">\n\t\t\t\t\t<div class=\"e-con-inner\">\n\t\t\t\t<div class=\"elementor-element elementor-element-ebe3684 elementor-widget elementor-widget-image\" data-id=\"ebe3684\" data-element_type=\"widget\" data-e-type=\"widget\" data-widget_type=\"image.default\">\n\t\t\t\t<div class=\"elementor-widget-container\">\n\t\t\t\t\t\t\t\t\t\t\t\t\t\t\t<img decoding=\"async\" width=\"1024\" height=\"575\" src=\"https:\/\/www.lanalden.com\/wp-content\/uploads\/2024\/07\/sector-teleco-1024x575.jpg\" class=\"attachment-large size-large wp-image-20424\" alt=\"\" srcset=\"https:\/\/www.lanalden.com\/wp-content\/uploads\/2024\/07\/sector-teleco-1024x575.jpg 1024w, https:\/\/www.lanalden.com\/wp-content\/uploads\/2024\/07\/sector-teleco-300x168.jpg 300w, https:\/\/www.lanalden.com\/wp-content\/uploads\/2024\/07\/sector-teleco-768x431.jpg 768w, https:\/\/www.lanalden.com\/wp-content\/uploads\/2024\/07\/sector-teleco-18x10.jpg 18w, https:\/\/www.lanalden.com\/wp-content\/uploads\/2024\/07\/sector-teleco.jpg 1368w\" sizes=\"(max-width: 1024px) 100vw, 1024px\" \/>\t\t\t\t\t\t\t\t\t\t\t\t\t\t\t<\/div>\n\t\t\t\t<\/div>\n\t\t\t\t<div class=\"elementor-element elementor-element-7d005e4 elementor-widget elementor-widget-text-editor\" data-id=\"7d005e4\" data-element_type=\"widget\" data-e-type=\"widget\" data-widget_type=\"text-editor.default\">\n\t\t\t\t<div class=\"elementor-widget-container\">\n\t\t\t\t\t\t\t\t\t<h2><strong>Servicios<\/strong><\/h2><ul><li>Servicio integral de atenci\u00f3n.<\/li><li>Comunicaci\u00f3n multicanal.<\/li><li>Atenci\u00f3n personalizada.<\/li><li>Gesti\u00f3n r\u00e1pida y eficaz de solicitudes.<\/li><li>Soporte especializado para empresas.<\/li><\/ul>\t\t\t\t\t\t\t\t<\/div>\n\t\t\t\t<\/div>\n\t\t\t\t\t<\/div>\n\t\t\t\t<\/div>\n\t\t\t\t<\/div>","protected":false},"excerpt":{"rendered":"<p>\u00a0 Ofrecemos un servicio integral que abarca desde la atenci\u00f3n al usuario final hasta un servicio especializado en el seguimiento de avisos relacionados con incidencias, garantizando una experiencia completa y satisfactoria para nuestros clientes. Nos enfocamos en cubrir todas las necesidades del usuario, desde consultas generales hasta la resoluci\u00f3n de problemas complejos, asegurando que cada [&hellip;]<\/p>\n","protected":false},"author":1,"featured_media":0,"parent":0,"menu_order":0,"comment_status":"closed","ping_status":"closed","template":"","meta":{"_eb_attr":"","footnotes":""},"class_list":["post-20523","page","type-page","status-publish","hentry"],"yoast_head":"<!-- This site is optimized with the Yoast SEO plugin v27.5 - https:\/\/yoast.com\/product\/yoast-seo-wordpress\/ -->\n<title>Climatizaci\u00f3n - Lanalden<\/title>\n<meta name=\"description\" content=\"Descubre las soluciones que ofrecemos en Lanalden para optimizar la atenci\u00f3n al cliente en el sector de climatizaci\u00f3n.\" \/>\n<meta name=\"robots\" content=\"index, follow, max-snippet:-1, max-image-preview:large, max-video-preview:-1\" \/>\n<link rel=\"canonical\" href=\"https:\/\/www.lanalden.com\/en\/servicios-sector-climatizacion\/\" \/>\n<meta property=\"og:locale\" content=\"en_GB\" \/>\n<meta property=\"og:type\" content=\"article\" \/>\n<meta property=\"og:title\" content=\"Climatizaci\u00f3n - Lanalden\" \/>\n<meta property=\"og:description\" content=\"Descubre las soluciones que ofrecemos en Lanalden para optimizar la atenci\u00f3n al cliente en el sector de climatizaci\u00f3n.\" \/>\n<meta property=\"og:url\" content=\"https:\/\/www.lanalden.com\/en\/servicios-sector-climatizacion\/\" \/>\n<meta property=\"og:site_name\" content=\"Lanalden\" \/>\n<meta property=\"article:publisher\" content=\"https:\/\/www.facebook.com\/lanalden\" \/>\n<meta property=\"article:modified_time\" content=\"2025-05-29T08:59:46+00:00\" \/>\n<meta property=\"og:image\" content=\"https:\/\/www.lanalden.com\/wp-content\/uploads\/2024\/07\/sector-climatizacion-3.jpg\" \/>\n<meta name=\"twitter:card\" content=\"summary_large_image\" \/>\n<meta name=\"twitter:site\" content=\"@lanalden\" \/>\n<meta name=\"twitter:label1\" content=\"Estimated reading time\" \/>\n\t<meta name=\"twitter:data1\" content=\"2 minutes\" \/>\n<script type=\"application\/ld+json\" class=\"yoast-schema-graph\">{\"@context\":\"https:\\\/\\\/schema.org\",\"@graph\":[{\"@type\":\"WebPage\",\"@id\":\"https:\\\/\\\/www.lanalden.com\\\/servicios-sector-climatizacion\\\/\",\"url\":\"https:\\\/\\\/www.lanalden.com\\\/servicios-sector-climatizacion\\\/\",\"name\":\"Climatizaci\u00f3n - Lanalden\",\"isPartOf\":{\"@id\":\"https:\\\/\\\/www.lanalden.com\\\/#website\"},\"primaryImageOfPage\":{\"@id\":\"https:\\\/\\\/www.lanalden.com\\\/servicios-sector-climatizacion\\\/#primaryimage\"},\"image\":{\"@id\":\"https:\\\/\\\/www.lanalden.com\\\/servicios-sector-climatizacion\\\/#primaryimage\"},\"thumbnailUrl\":\"https:\\\/\\\/www.lanalden.com\\\/wp-content\\\/uploads\\\/2024\\\/07\\\/sector-climatizacion-3.jpg\",\"datePublished\":\"2024-07-24T12:51:31+00:00\",\"dateModified\":\"2025-05-29T08:59:46+00:00\",\"description\":\"Descubre las soluciones que ofrecemos en Lanalden para optimizar la atenci\u00f3n al cliente en el sector de climatizaci\u00f3n.\",\"breadcrumb\":{\"@id\":\"https:\\\/\\\/www.lanalden.com\\\/servicios-sector-climatizacion\\\/#breadcrumb\"},\"inLanguage\":\"en-GB\",\"potentialAction\":[{\"@type\":\"ReadAction\",\"target\":[\"https:\\\/\\\/www.lanalden.com\\\/servicios-sector-climatizacion\\\/\"]}]},{\"@type\":\"ImageObject\",\"inLanguage\":\"en-GB\",\"@id\":\"https:\\\/\\\/www.lanalden.com\\\/servicios-sector-climatizacion\\\/#primaryimage\",\"url\":\"https:\\\/\\\/www.lanalden.com\\\/wp-content\\\/uploads\\\/2024\\\/07\\\/sector-climatizacion-3.jpg\",\"contentUrl\":\"https:\\\/\\\/www.lanalden.com\\\/wp-content\\\/uploads\\\/2024\\\/07\\\/sector-climatizacion-3.jpg\"},{\"@type\":\"BreadcrumbList\",\"@id\":\"https:\\\/\\\/www.lanalden.com\\\/servicios-sector-climatizacion\\\/#breadcrumb\",\"itemListElement\":[{\"@type\":\"ListItem\",\"position\":1,\"name\":\"Home\",\"item\":\"https:\\\/\\\/www.lanalden.com\\\/\"},{\"@type\":\"ListItem\",\"position\":2,\"name\":\"Climatizaci\u00f3n\"}]},{\"@type\":\"WebSite\",\"@id\":\"https:\\\/\\\/www.lanalden.com\\\/#website\",\"url\":\"https:\\\/\\\/www.lanalden.com\\\/\",\"name\":\"https:\\\/\\\/www.lanalden.com\\\/\",\"description\":\"\",\"publisher\":{\"@id\":\"https:\\\/\\\/www.lanalden.com\\\/#organization\"},\"potentialAction\":[{\"@type\":\"SearchAction\",\"target\":{\"@type\":\"EntryPoint\",\"urlTemplate\":\"https:\\\/\\\/www.lanalden.com\\\/?s={search_term_string}\"},\"query-input\":{\"@type\":\"PropertyValueSpecification\",\"valueRequired\":true,\"valueName\":\"search_term_string\"}}],\"inLanguage\":\"en-GB\"},{\"@type\":\"Organization\",\"@id\":\"https:\\\/\\\/www.lanalden.com\\\/#organization\",\"name\":\"Lanalden\",\"url\":\"https:\\\/\\\/www.lanalden.com\\\/\",\"logo\":{\"@type\":\"ImageObject\",\"inLanguage\":\"en-GB\",\"@id\":\"https:\\\/\\\/www.lanalden.com\\\/#\\\/schema\\\/logo\\\/image\\\/\",\"url\":\"https:\\\/\\\/www.lanalden.com\\\/wp-content\\\/uploads\\\/2025\\\/03\\\/cropped-logo-lanalden-removebg-preview.png\",\"contentUrl\":\"https:\\\/\\\/www.lanalden.com\\\/wp-content\\\/uploads\\\/2025\\\/03\\\/cropped-logo-lanalden-removebg-preview.png\",\"width\":150,\"height\":150,\"caption\":\"Lanalden\"},\"image\":{\"@id\":\"https:\\\/\\\/www.lanalden.com\\\/#\\\/schema\\\/logo\\\/image\\\/\"},\"sameAs\":[\"https:\\\/\\\/www.facebook.com\\\/lanalden\",\"https:\\\/\\\/x.com\\\/lanalden\",\"https:\\\/\\\/es.linkedin.com\\\/company\\\/lanalden\",\"https:\\\/\\\/www.instagram.com\\\/lanaldendb\\\/\"]}]}<\/script>\n<!-- \/ Yoast SEO plugin. -->","yoast_head_json":{"title":"Climatizaci\u00f3n - Lanalden","description":"Descubre las soluciones que ofrecemos en Lanalden para optimizar la atenci\u00f3n al cliente en el sector de climatizaci\u00f3n.","robots":{"index":"index","follow":"follow","max-snippet":"max-snippet:-1","max-image-preview":"max-image-preview:large","max-video-preview":"max-video-preview:-1"},"canonical":"https:\/\/www.lanalden.com\/en\/servicios-sector-climatizacion\/","og_locale":"en_GB","og_type":"article","og_title":"Climatizaci\u00f3n - Lanalden","og_description":"Descubre las soluciones que ofrecemos en Lanalden para optimizar la atenci\u00f3n al cliente en el sector de climatizaci\u00f3n.","og_url":"https:\/\/www.lanalden.com\/en\/servicios-sector-climatizacion\/","og_site_name":"Lanalden","article_publisher":"https:\/\/www.facebook.com\/lanalden","article_modified_time":"2025-05-29T08:59:46+00:00","og_image":[{"url":"https:\/\/www.lanalden.com\/wp-content\/uploads\/2024\/07\/sector-climatizacion-3.jpg","type":"","width":"","height":""}],"twitter_card":"summary_large_image","twitter_site":"@lanalden","twitter_misc":{"Estimated reading time":"2 minutes"},"schema":{"@context":"https:\/\/schema.org","@graph":[{"@type":"WebPage","@id":"https:\/\/www.lanalden.com\/servicios-sector-climatizacion\/","url":"https:\/\/www.lanalden.com\/servicios-sector-climatizacion\/","name":"Climatizaci\u00f3n - Lanalden","isPartOf":{"@id":"https:\/\/www.lanalden.com\/#website"},"primaryImageOfPage":{"@id":"https:\/\/www.lanalden.com\/servicios-sector-climatizacion\/#primaryimage"},"image":{"@id":"https:\/\/www.lanalden.com\/servicios-sector-climatizacion\/#primaryimage"},"thumbnailUrl":"https:\/\/www.lanalden.com\/wp-content\/uploads\/2024\/07\/sector-climatizacion-3.jpg","datePublished":"2024-07-24T12:51:31+00:00","dateModified":"2025-05-29T08:59:46+00:00","description":"Descubre las soluciones que ofrecemos en Lanalden para optimizar la atenci\u00f3n al cliente en el sector de climatizaci\u00f3n.","breadcrumb":{"@id":"https:\/\/www.lanalden.com\/servicios-sector-climatizacion\/#breadcrumb"},"inLanguage":"en-GB","potentialAction":[{"@type":"ReadAction","target":["https:\/\/www.lanalden.com\/servicios-sector-climatizacion\/"]}]},{"@type":"ImageObject","inLanguage":"en-GB","@id":"https:\/\/www.lanalden.com\/servicios-sector-climatizacion\/#primaryimage","url":"https:\/\/www.lanalden.com\/wp-content\/uploads\/2024\/07\/sector-climatizacion-3.jpg","contentUrl":"https:\/\/www.lanalden.com\/wp-content\/uploads\/2024\/07\/sector-climatizacion-3.jpg"},{"@type":"BreadcrumbList","@id":"https:\/\/www.lanalden.com\/servicios-sector-climatizacion\/#breadcrumb","itemListElement":[{"@type":"ListItem","position":1,"name":"Home","item":"https:\/\/www.lanalden.com\/"},{"@type":"ListItem","position":2,"name":"Climatizaci\u00f3n"}]},{"@type":"WebSite","@id":"https:\/\/www.lanalden.com\/#website","url":"https:\/\/www.lanalden.com\/","name":"https:\/\/www.lanalden.com\/","description":"","publisher":{"@id":"https:\/\/www.lanalden.com\/#organization"},"potentialAction":[{"@type":"SearchAction","target":{"@type":"EntryPoint","urlTemplate":"https:\/\/www.lanalden.com\/?s={search_term_string}"},"query-input":{"@type":"PropertyValueSpecification","valueRequired":true,"valueName":"search_term_string"}}],"inLanguage":"en-GB"},{"@type":"Organization","@id":"https:\/\/www.lanalden.com\/#organization","name":"Lanalden","url":"https:\/\/www.lanalden.com\/","logo":{"@type":"ImageObject","inLanguage":"en-GB","@id":"https:\/\/www.lanalden.com\/#\/schema\/logo\/image\/","url":"https:\/\/www.lanalden.com\/wp-content\/uploads\/2025\/03\/cropped-logo-lanalden-removebg-preview.png","contentUrl":"https:\/\/www.lanalden.com\/wp-content\/uploads\/2025\/03\/cropped-logo-lanalden-removebg-preview.png","width":150,"height":150,"caption":"Lanalden"},"image":{"@id":"https:\/\/www.lanalden.com\/#\/schema\/logo\/image\/"},"sameAs":["https:\/\/www.facebook.com\/lanalden","https:\/\/x.com\/lanalden","https:\/\/es.linkedin.com\/company\/lanalden","https:\/\/www.instagram.com\/lanaldendb\/"]}]}},"_links":{"self":[{"href":"https:\/\/www.lanalden.com\/en\/wp-json\/wp\/v2\/pages\/20523","targetHints":{"allow":["GET"]}}],"collection":[{"href":"https:\/\/www.lanalden.com\/en\/wp-json\/wp\/v2\/pages"}],"about":[{"href":"https:\/\/www.lanalden.com\/en\/wp-json\/wp\/v2\/types\/page"}],"author":[{"embeddable":true,"href":"https:\/\/www.lanalden.com\/en\/wp-json\/wp\/v2\/users\/1"}],"replies":[{"embeddable":true,"href":"https:\/\/www.lanalden.com\/en\/wp-json\/wp\/v2\/comments?post=20523"}],"version-history":[{"count":25,"href":"https:\/\/www.lanalden.com\/en\/wp-json\/wp\/v2\/pages\/20523\/revisions"}],"predecessor-version":[{"id":27902,"href":"https:\/\/www.lanalden.com\/en\/wp-json\/wp\/v2\/pages\/20523\/revisions\/27902"}],"wp:attachment":[{"href":"https:\/\/www.lanalden.com\/en\/wp-json\/wp\/v2\/media?parent=20523"}],"curies":[{"name":"wp","href":"https:\/\/api.w.org\/{rel}","templated":true}]}}