{"id":20525,"date":"2024-07-24T14:52:59","date_gmt":"2024-07-24T12:52:59","guid":{"rendered":"https:\/\/pre.lanalden.com\/?page_id=20525"},"modified":"2025-05-29T10:20:47","modified_gmt":"2025-05-29T08:20:47","slug":"servicios-sector-automocion","status":"publish","type":"page","link":"https:\/\/www.lanalden.com\/en\/servicios-sector-automocion\/","title":{"rendered":"Automoci\u00f3n"},"content":{"rendered":"<div data-elementor-type=\"wp-page\" data-elementor-id=\"20525\" class=\"elementor elementor-20525\">\n\t\t\t\t<div class=\"elementor-element elementor-element-f4f3802 e-flex e-con-boxed e-con e-parent\" data-id=\"f4f3802\" data-element_type=\"container\" data-e-type=\"container\">\n\t\t\t\t\t<div class=\"e-con-inner\">\n\t\t<div class=\"elementor-element elementor-element-e791f3f e-con-full e-flex e-con e-child\" data-id=\"e791f3f\" data-element_type=\"container\" data-e-type=\"container\">\n\t\t\t\t<div class=\"elementor-element elementor-element-e74510d elementor-widget elementor-widget-image\" data-id=\"e74510d\" data-element_type=\"widget\" data-e-type=\"widget\" data-widget_type=\"image.default\">\n\t\t\t\t<div class=\"elementor-widget-container\">\n\t\t\t\t\t\t\t\t\t\t\t\t\t\t\t<img fetchpriority=\"high\" decoding=\"async\" width=\"1368\" height=\"768\" src=\"https:\/\/www.lanalden.com\/wp-content\/uploads\/2024\/07\/servicio-automocion.jpg\" class=\"attachment-full size-full wp-image-20552\" alt=\"Imagen relacionada con las soluciones que ofrece Lanalden al sector automoci\u00f3n.\" srcset=\"https:\/\/www.lanalden.com\/wp-content\/uploads\/2024\/07\/servicio-automocion.jpg 1368w, https:\/\/www.lanalden.com\/wp-content\/uploads\/2024\/07\/servicio-automocion-300x168.jpg 300w, https:\/\/www.lanalden.com\/wp-content\/uploads\/2024\/07\/servicio-automocion-1024x575.jpg 1024w, https:\/\/www.lanalden.com\/wp-content\/uploads\/2024\/07\/servicio-automocion-768x431.jpg 768w, https:\/\/www.lanalden.com\/wp-content\/uploads\/2024\/07\/servicio-automocion-18x10.jpg 18w\" sizes=\"(max-width: 1368px) 100vw, 1368px\" \/>\t\t\t\t\t\t\t\t\t\t\t\t\t\t\t<\/div>\n\t\t\t\t<\/div>\n\t\t\t\t<div class=\"elementor-element elementor-element-a027e9b elementor-widget__width-initial elementor-widget elementor-widget-text-editor\" data-id=\"a027e9b\" data-element_type=\"widget\" data-e-type=\"widget\" data-widget_type=\"text-editor.default\">\n\t\t\t\t<div class=\"elementor-widget-container\">\n\t\t\t\t\t\t\t\t\t<p class=\"\" data-start=\"0\" data-end=\"513\">Ofrecemos una<strong> amplia gama de servicios<\/strong> que cubren tanto las <strong>operaciones fundamentales del sector<\/strong> de la automoci\u00f3n como soluciones especializadas que mejoran la <strong>eficiencia, sostenibilidad y competitividad<\/strong> en la cadena de producci\u00f3n y distribuci\u00f3n de veh\u00edculos. Nuestro enfoque abarca todas las fases del ciclo automotriz, proporcionando soluciones que optimizan la producci\u00f3n, reducen los costos y contribuyen a la sostenibilidad, garantizando que cada eslab\u00f3n de la cadena se desempe\u00f1e de la mejor manera posible.<\/p><p class=\"\" data-start=\"515\" data-end=\"1064\">Este proyecto se presenta como una soluci\u00f3n integral que optimiza cada etapa del proceso automotriz, desde la gesti\u00f3n y control de inventarios de piezas y componentes hasta la implementaci\u00f3n de soluciones log\u00edsticas avanzadas, que incluyen la optimizaci\u00f3n de rutas, la automatizaci\u00f3n de procesos y el seguimiento en tiempo real de las entregas. Estas soluciones est\u00e1n dise\u00f1adas para mejorar la eficiencia operativa, minimizar los tiempos de inactividad y asegurar que todos los elementos del proceso se realicen de manera fluida y sin contratiempos.<\/p><p class=\"\" data-start=\"1066\" data-end=\"1615\">Adem\u00e1s, brindamos un soporte personalizado que se ajusta a las necesidades particulares de cada cliente y del sector en general. Nuestro equipo de expertos altamente capacitados ofrece un servicio \u00e1gil, especializado y de calidad, respaldado por a\u00f1os de experiencia y un profundo conocimiento del sector. Este equipo no solo est\u00e1 preparado para ofrecer soluciones t\u00e9cnicas, sino tambi\u00e9n para proporcionar asesor\u00eda estrat\u00e9gica que ayude a las empresas a adaptarse a las demandas cambiantes del mercado y a alcanzar sus objetivos de manera m\u00e1s eficaz.<\/p><p class=\"\" data-start=\"1617\" data-end=\"1923\">Con este enfoque integral y especializado, no solo optimizamos los procesos automotrices, sino que tambi\u00e9n contribuimos a la mejora continua de la competitividad y sostenibilidad de nuestros clientes, asegurando que cada etapa del proceso sea realizada con los m\u00e1s altos est\u00e1ndares de calidad y eficiencia.<\/p>\t\t\t\t\t\t\t\t<\/div>\n\t\t\t\t<\/div>\n\t\t\t\t<\/div>\n\t\t\t\t\t<\/div>\n\t\t\t\t<\/div>\n\t\t<div class=\"elementor-element elementor-element-0252c23 e-flex e-con-boxed e-con e-parent\" data-id=\"0252c23\" data-element_type=\"container\" data-e-type=\"container\">\n\t\t\t\t\t<div class=\"e-con-inner\">\n\t\t\t\t<div class=\"elementor-element elementor-element-71deb96 elementor-widget elementor-widget-spacer\" data-id=\"71deb96\" data-element_type=\"widget\" data-e-type=\"widget\" data-widget_type=\"spacer.default\">\n\t\t\t\t<div class=\"elementor-widget-container\">\n\t\t\t\t\t\t\t<div class=\"elementor-spacer\">\n\t\t\t<div class=\"elementor-spacer-inner\"><\/div>\n\t\t<\/div>\n\t\t\t\t\t\t<\/div>\n\t\t\t\t<\/div>\n\t\t\t\t\t<\/div>\n\t\t\t\t<\/div>\n\t\t<div class=\"elementor-element elementor-element-309c266 e-grid e-con-boxed e-con e-parent\" data-id=\"309c266\" data-element_type=\"container\" data-e-type=\"container\">\n\t\t\t\t\t<div class=\"e-con-inner\">\n\t\t\t\t<div class=\"elementor-element elementor-element-ebe3684 elementor-widget elementor-widget-image\" data-id=\"ebe3684\" data-element_type=\"widget\" data-e-type=\"widget\" data-widget_type=\"image.default\">\n\t\t\t\t<div class=\"elementor-widget-container\">\n\t\t\t\t\t\t\t\t\t\t\t\t\t\t\t<img decoding=\"async\" width=\"1024\" height=\"575\" src=\"https:\/\/www.lanalden.com\/wp-content\/uploads\/2024\/07\/servicios-sector-teleco-1024x575.jpg\" class=\"attachment-large size-large wp-image-20434\" alt=\"\" srcset=\"https:\/\/www.lanalden.com\/wp-content\/uploads\/2024\/07\/servicios-sector-teleco-1024x575.jpg 1024w, https:\/\/www.lanalden.com\/wp-content\/uploads\/2024\/07\/servicios-sector-teleco-300x168.jpg 300w, https:\/\/www.lanalden.com\/wp-content\/uploads\/2024\/07\/servicios-sector-teleco-768x431.jpg 768w, https:\/\/www.lanalden.com\/wp-content\/uploads\/2024\/07\/servicios-sector-teleco-18x10.jpg 18w, https:\/\/www.lanalden.com\/wp-content\/uploads\/2024\/07\/servicios-sector-teleco.jpg 1368w\" sizes=\"(max-width: 1024px) 100vw, 1024px\" \/>\t\t\t\t\t\t\t\t\t\t\t\t\t\t\t<\/div>\n\t\t\t\t<\/div>\n\t\t\t\t<div class=\"elementor-element elementor-element-7d005e4 elementor-widget elementor-widget-text-editor\" data-id=\"7d005e4\" data-element_type=\"widget\" data-e-type=\"widget\" data-widget_type=\"text-editor.default\">\n\t\t\t\t<div class=\"elementor-widget-container\">\n\t\t\t\t\t\t\t\t\t<h2><strong>Servicios<\/strong><\/h2><ul><li>Mejora de la eficiencia en la cadena de suministro.<\/li><li>Soluciones log\u00edsticas avanzadas.<\/li><li>Atenci\u00f3n personalizada al sector de la automoci\u00f3n.<\/li><li>Soporte especializado en operaciones automotrices.<\/li><li>Gesti\u00f3n de soluciones avanzadas para la industria.<\/li><\/ul>\t\t\t\t\t\t\t\t<\/div>\n\t\t\t\t<\/div>\n\t\t\t\t\t<\/div>\n\t\t\t\t<\/div>\n\t\t\t\t<\/div>","protected":false},"excerpt":{"rendered":"<p>Ofrecemos una amplia gama de servicios que cubren tanto las operaciones fundamentales del sector de la automoci\u00f3n como soluciones especializadas que mejoran la eficiencia, sostenibilidad y competitividad en la cadena de producci\u00f3n y distribuci\u00f3n de veh\u00edculos. Nuestro enfoque abarca todas las fases del ciclo automotriz, proporcionando soluciones que optimizan la producci\u00f3n, reducen los costos y [&hellip;]<\/p>\n","protected":false},"author":1,"featured_media":0,"parent":0,"menu_order":0,"comment_status":"closed","ping_status":"closed","template":"","meta":{"_eb_attr":"","footnotes":""},"class_list":["post-20525","page","type-page","status-publish","hentry"],"yoast_head":"<!-- This site is optimized with the Yoast SEO plugin v27.5 - https:\/\/yoast.com\/product\/yoast-seo-wordpress\/ -->\n<title>Automoci\u00f3n - Lanalden<\/title>\n<meta name=\"description\" content=\"Tecnolog\u00edas y servicios que ofrecemos en Lanalden para optimizar procesos y atenci\u00f3n en el sector automoci\u00f3n.\" \/>\n<meta name=\"robots\" content=\"index, follow, max-snippet:-1, max-image-preview:large, max-video-preview:-1\" \/>\n<link rel=\"canonical\" href=\"https:\/\/www.lanalden.com\/en\/servicios-sector-automocion\/\" \/>\n<meta property=\"og:locale\" content=\"en_GB\" \/>\n<meta property=\"og:type\" content=\"article\" \/>\n<meta property=\"og:title\" content=\"Automoci\u00f3n - Lanalden\" \/>\n<meta property=\"og:description\" content=\"Tecnolog\u00edas y servicios que ofrecemos en Lanalden para optimizar procesos y atenci\u00f3n en el sector automoci\u00f3n.\" \/>\n<meta property=\"og:url\" content=\"https:\/\/www.lanalden.com\/en\/servicios-sector-automocion\/\" \/>\n<meta property=\"og:site_name\" content=\"Lanalden\" \/>\n<meta property=\"article:publisher\" content=\"https:\/\/www.facebook.com\/lanalden\" \/>\n<meta property=\"article:modified_time\" content=\"2025-05-29T08:20:47+00:00\" \/>\n<meta property=\"og:image\" content=\"https:\/\/www.lanalden.com\/wp-content\/uploads\/2024\/07\/servicio-automocion.jpg\" \/>\n\t<meta property=\"og:image:width\" content=\"1368\" \/>\n\t<meta property=\"og:image:height\" content=\"768\" \/>\n\t<meta property=\"og:image:type\" content=\"image\/jpeg\" \/>\n<meta name=\"twitter:card\" content=\"summary_large_image\" \/>\n<meta name=\"twitter:site\" content=\"@lanalden\" \/>\n<meta name=\"twitter:label1\" content=\"Estimated reading time\" \/>\n\t<meta name=\"twitter:data1\" content=\"2 minutes\" \/>\n<script type=\"application\/ld+json\" class=\"yoast-schema-graph\">{\"@context\":\"https:\\\/\\\/schema.org\",\"@graph\":[{\"@type\":\"WebPage\",\"@id\":\"https:\\\/\\\/www.lanalden.com\\\/servicios-sector-automocion\\\/\",\"url\":\"https:\\\/\\\/www.lanalden.com\\\/servicios-sector-automocion\\\/\",\"name\":\"Automoci\u00f3n - Lanalden\",\"isPartOf\":{\"@id\":\"https:\\\/\\\/www.lanalden.com\\\/#website\"},\"primaryImageOfPage\":{\"@id\":\"https:\\\/\\\/www.lanalden.com\\\/servicios-sector-automocion\\\/#primaryimage\"},\"image\":{\"@id\":\"https:\\\/\\\/www.lanalden.com\\\/servicios-sector-automocion\\\/#primaryimage\"},\"thumbnailUrl\":\"https:\\\/\\\/www.lanalden.com\\\/wp-content\\\/uploads\\\/2024\\\/07\\\/servicio-automocion.jpg\",\"datePublished\":\"2024-07-24T12:52:59+00:00\",\"dateModified\":\"2025-05-29T08:20:47+00:00\",\"description\":\"Tecnolog\u00edas y servicios que ofrecemos en Lanalden para optimizar procesos y atenci\u00f3n en el sector automoci\u00f3n.\",\"breadcrumb\":{\"@id\":\"https:\\\/\\\/www.lanalden.com\\\/servicios-sector-automocion\\\/#breadcrumb\"},\"inLanguage\":\"en-GB\",\"potentialAction\":[{\"@type\":\"ReadAction\",\"target\":[\"https:\\\/\\\/www.lanalden.com\\\/servicios-sector-automocion\\\/\"]}]},{\"@type\":\"ImageObject\",\"inLanguage\":\"en-GB\",\"@id\":\"https:\\\/\\\/www.lanalden.com\\\/servicios-sector-automocion\\\/#primaryimage\",\"url\":\"https:\\\/\\\/www.lanalden.com\\\/wp-content\\\/uploads\\\/2024\\\/07\\\/servicio-automocion.jpg\",\"contentUrl\":\"https:\\\/\\\/www.lanalden.com\\\/wp-content\\\/uploads\\\/2024\\\/07\\\/servicio-automocion.jpg\"},{\"@type\":\"BreadcrumbList\",\"@id\":\"https:\\\/\\\/www.lanalden.com\\\/servicios-sector-automocion\\\/#breadcrumb\",\"itemListElement\":[{\"@type\":\"ListItem\",\"position\":1,\"name\":\"Home\",\"item\":\"https:\\\/\\\/www.lanalden.com\\\/\"},{\"@type\":\"ListItem\",\"position\":2,\"name\":\"Automoci\u00f3n\"}]},{\"@type\":\"WebSite\",\"@id\":\"https:\\\/\\\/www.lanalden.com\\\/#website\",\"url\":\"https:\\\/\\\/www.lanalden.com\\\/\",\"name\":\"https:\\\/\\\/www.lanalden.com\\\/\",\"description\":\"\",\"publisher\":{\"@id\":\"https:\\\/\\\/www.lanalden.com\\\/#organization\"},\"potentialAction\":[{\"@type\":\"SearchAction\",\"target\":{\"@type\":\"EntryPoint\",\"urlTemplate\":\"https:\\\/\\\/www.lanalden.com\\\/?s={search_term_string}\"},\"query-input\":{\"@type\":\"PropertyValueSpecification\",\"valueRequired\":true,\"valueName\":\"search_term_string\"}}],\"inLanguage\":\"en-GB\"},{\"@type\":\"Organization\",\"@id\":\"https:\\\/\\\/www.lanalden.com\\\/#organization\",\"name\":\"Lanalden\",\"url\":\"https:\\\/\\\/www.lanalden.com\\\/\",\"logo\":{\"@type\":\"ImageObject\",\"inLanguage\":\"en-GB\",\"@id\":\"https:\\\/\\\/www.lanalden.com\\\/#\\\/schema\\\/logo\\\/image\\\/\",\"url\":\"https:\\\/\\\/www.lanalden.com\\\/wp-content\\\/uploads\\\/2025\\\/03\\\/cropped-logo-lanalden-removebg-preview.png\",\"contentUrl\":\"https:\\\/\\\/www.lanalden.com\\\/wp-content\\\/uploads\\\/2025\\\/03\\\/cropped-logo-lanalden-removebg-preview.png\",\"width\":150,\"height\":150,\"caption\":\"Lanalden\"},\"image\":{\"@id\":\"https:\\\/\\\/www.lanalden.com\\\/#\\\/schema\\\/logo\\\/image\\\/\"},\"sameAs\":[\"https:\\\/\\\/www.facebook.com\\\/lanalden\",\"https:\\\/\\\/x.com\\\/lanalden\",\"https:\\\/\\\/es.linkedin.com\\\/company\\\/lanalden\",\"https:\\\/\\\/www.instagram.com\\\/lanaldendb\\\/\"]}]}<\/script>\n<!-- \/ Yoast SEO plugin. -->","yoast_head_json":{"title":"Automoci\u00f3n - Lanalden","description":"Tecnolog\u00edas y servicios que ofrecemos en Lanalden para optimizar procesos y atenci\u00f3n en el sector automoci\u00f3n.","robots":{"index":"index","follow":"follow","max-snippet":"max-snippet:-1","max-image-preview":"max-image-preview:large","max-video-preview":"max-video-preview:-1"},"canonical":"https:\/\/www.lanalden.com\/en\/servicios-sector-automocion\/","og_locale":"en_GB","og_type":"article","og_title":"Automoci\u00f3n - Lanalden","og_description":"Tecnolog\u00edas y servicios que ofrecemos en Lanalden para optimizar procesos y atenci\u00f3n en el sector automoci\u00f3n.","og_url":"https:\/\/www.lanalden.com\/en\/servicios-sector-automocion\/","og_site_name":"Lanalden","article_publisher":"https:\/\/www.facebook.com\/lanalden","article_modified_time":"2025-05-29T08:20:47+00:00","og_image":[{"width":1368,"height":768,"url":"https:\/\/www.lanalden.com\/wp-content\/uploads\/2024\/07\/servicio-automocion.jpg","type":"image\/jpeg"}],"twitter_card":"summary_large_image","twitter_site":"@lanalden","twitter_misc":{"Estimated reading time":"2 minutes"},"schema":{"@context":"https:\/\/schema.org","@graph":[{"@type":"WebPage","@id":"https:\/\/www.lanalden.com\/servicios-sector-automocion\/","url":"https:\/\/www.lanalden.com\/servicios-sector-automocion\/","name":"Automoci\u00f3n - Lanalden","isPartOf":{"@id":"https:\/\/www.lanalden.com\/#website"},"primaryImageOfPage":{"@id":"https:\/\/www.lanalden.com\/servicios-sector-automocion\/#primaryimage"},"image":{"@id":"https:\/\/www.lanalden.com\/servicios-sector-automocion\/#primaryimage"},"thumbnailUrl":"https:\/\/www.lanalden.com\/wp-content\/uploads\/2024\/07\/servicio-automocion.jpg","datePublished":"2024-07-24T12:52:59+00:00","dateModified":"2025-05-29T08:20:47+00:00","description":"Tecnolog\u00edas y servicios que ofrecemos en Lanalden para optimizar procesos y atenci\u00f3n en el sector automoci\u00f3n.","breadcrumb":{"@id":"https:\/\/www.lanalden.com\/servicios-sector-automocion\/#breadcrumb"},"inLanguage":"en-GB","potentialAction":[{"@type":"ReadAction","target":["https:\/\/www.lanalden.com\/servicios-sector-automocion\/"]}]},{"@type":"ImageObject","inLanguage":"en-GB","@id":"https:\/\/www.lanalden.com\/servicios-sector-automocion\/#primaryimage","url":"https:\/\/www.lanalden.com\/wp-content\/uploads\/2024\/07\/servicio-automocion.jpg","contentUrl":"https:\/\/www.lanalden.com\/wp-content\/uploads\/2024\/07\/servicio-automocion.jpg"},{"@type":"BreadcrumbList","@id":"https:\/\/www.lanalden.com\/servicios-sector-automocion\/#breadcrumb","itemListElement":[{"@type":"ListItem","position":1,"name":"Home","item":"https:\/\/www.lanalden.com\/"},{"@type":"ListItem","position":2,"name":"Automoci\u00f3n"}]},{"@type":"WebSite","@id":"https:\/\/www.lanalden.com\/#website","url":"https:\/\/www.lanalden.com\/","name":"https:\/\/www.lanalden.com\/","description":"","publisher":{"@id":"https:\/\/www.lanalden.com\/#organization"},"potentialAction":[{"@type":"SearchAction","target":{"@type":"EntryPoint","urlTemplate":"https:\/\/www.lanalden.com\/?s={search_term_string}"},"query-input":{"@type":"PropertyValueSpecification","valueRequired":true,"valueName":"search_term_string"}}],"inLanguage":"en-GB"},{"@type":"Organization","@id":"https:\/\/www.lanalden.com\/#organization","name":"Lanalden","url":"https:\/\/www.lanalden.com\/","logo":{"@type":"ImageObject","inLanguage":"en-GB","@id":"https:\/\/www.lanalden.com\/#\/schema\/logo\/image\/","url":"https:\/\/www.lanalden.com\/wp-content\/uploads\/2025\/03\/cropped-logo-lanalden-removebg-preview.png","contentUrl":"https:\/\/www.lanalden.com\/wp-content\/uploads\/2025\/03\/cropped-logo-lanalden-removebg-preview.png","width":150,"height":150,"caption":"Lanalden"},"image":{"@id":"https:\/\/www.lanalden.com\/#\/schema\/logo\/image\/"},"sameAs":["https:\/\/www.facebook.com\/lanalden","https:\/\/x.com\/lanalden","https:\/\/es.linkedin.com\/company\/lanalden","https:\/\/www.instagram.com\/lanaldendb\/"]}]}},"_links":{"self":[{"href":"https:\/\/www.lanalden.com\/en\/wp-json\/wp\/v2\/pages\/20525","targetHints":{"allow":["GET"]}}],"collection":[{"href":"https:\/\/www.lanalden.com\/en\/wp-json\/wp\/v2\/pages"}],"about":[{"href":"https:\/\/www.lanalden.com\/en\/wp-json\/wp\/v2\/types\/page"}],"author":[{"embeddable":true,"href":"https:\/\/www.lanalden.com\/en\/wp-json\/wp\/v2\/users\/1"}],"replies":[{"embeddable":true,"href":"https:\/\/www.lanalden.com\/en\/wp-json\/wp\/v2\/comments?post=20525"}],"version-history":[{"count":25,"href":"https:\/\/www.lanalden.com\/en\/wp-json\/wp\/v2\/pages\/20525\/revisions"}],"predecessor-version":[{"id":28281,"href":"https:\/\/www.lanalden.com\/en\/wp-json\/wp\/v2\/pages\/20525\/revisions\/28281"}],"wp:attachment":[{"href":"https:\/\/www.lanalden.com\/en\/wp-json\/wp\/v2\/media?parent=20525"}],"curies":[{"name":"wp","href":"https:\/\/api.w.org\/{rel}","templated":true}]}}