{"id":27206,"date":"2025-02-26T14:54:44","date_gmt":"2025-02-26T12:54:44","guid":{"rendered":"https:\/\/www.lanalden.com\/?page_id=27206"},"modified":"2026-02-05T16:33:30","modified_gmt":"2026-02-05T14:33:30","slug":"canal-etico","status":"publish","type":"page","link":"https:\/\/www.lanalden.com\/en\/canal-etico\/","title":{"rendered":"Canal \u00c9tico"},"content":{"rendered":"<div data-elementor-type=\"wp-page\" data-elementor-id=\"27206\" class=\"elementor elementor-27206\">\n\t\t\t\t\t\t<section class=\"elementor-section elementor-top-section elementor-element elementor-element-25434705 elementor-section-full_width elementor-section-height-default elementor-section-height-default\" data-id=\"25434705\" data-element_type=\"section\" data-e-type=\"section\">\n\t\t\t\t\t\t<div class=\"elementor-container elementor-column-gap-default\">\n\t\t\t\t\t<div class=\"elementor-column elementor-col-100 elementor-top-column elementor-element elementor-element-5aa2d5b3\" data-id=\"5aa2d5b3\" data-element_type=\"column\" data-e-type=\"column\">\n\t\t\t<div class=\"elementor-widget-wrap elementor-element-populated\">\n\t\t\t\t\t\t<div class=\"elementor-element elementor-element-4bb4e95 elementor-widget elementor-widget-text-editor\" data-id=\"4bb4e95\" data-element_type=\"widget\" data-e-type=\"widget\" data-widget_type=\"text-editor.default\">\n\t\t\t\t<div class=\"elementor-widget-container\">\n\t\t\t\t\t\t\t\t\t<p>La \u00e9tica es el fundamento de nuestra conducta, son los valores que nos gu\u00edan cuando tomamos una decisi\u00f3n, cuando nos relacionamos con nuestro entorno: un comportamiento \u00e9tico es lo que nos acerca a cumplir nuestros m\u00e1s altos fines, como organizaci\u00f3n y como personas.<\/p><p>En LANALDEN entendemos que la \u00e9tica y los negocios van de la mano, tenemos la obligaci\u00f3n de que todo lo que hacemos est\u00e9 basado en los valores de integridad, cooperaci\u00f3n, igualdad, responsabilidad, orientaci\u00f3n al cliente e innovaci\u00f3n, con arreglo a los principios de lealtad a la organizaci\u00f3n, respeto a la legalidad y a los valores \u00e9ticos.<\/p><p>Todas las Personas debemos asumir una conducta individual y profesionalmente \u00e9tica al aceptar la responsabilidad propia del puesto de trabajo que cada uno ocupamos. Esto en un contexto de honestidad, integridad y legalidad que se sustenta en compartir la responsabilidad de alcanzar los objetivos y en cumplir adecuadamente con los compromisos adquiridos.<\/p><p>El Canal \u00c9tico es una herramienta para ayudar a identificar potenciales incumplimientos o infracciones del C\u00f3digo \u00c9tico y de conducta y las normativas que los desarrollan. Lanalden pone a disposici\u00f3n de sus profesionales, sus clientes y proveedores, as\u00ed como de cualquier tercero incluido dentro de grupos de inter\u00e9s, el Canal \u00c9tico con el\u00a0<a href=\"https:\/\/canaletico.lanalden.com\/\"><span style=\"text-decoration: underline; color: blue;\">siguiente formulario<\/span><\/a>\u00a0donde registrar estas notificaciones.<\/p><p>El Sistema Interno de informaci\u00f3n es el cauce preferente para informar. Toda persona f\u00edsica, adem\u00e1s de poder comunicarlo a trav\u00e9s de este Canal Interno, podr\u00e1 informar ante la Autoridad Independiente de Protecci\u00f3n del Informante, A.A.I., o ante las autoridades u \u00f3rganos auton\u00f3micos correspondientes, de la comisi\u00f3n de cualesquiera acciones u omisiones incluidas en el \u00e1mbito de aplicaci\u00f3n de la Ley 2\/2023, de 20 de febrero, reguladora de la protecci\u00f3n de las personas que informen sobre infracciones normativas y de lucha contra la corrupci\u00f3n.<\/p><p>Las comunicaciones al Canal son recibidas y tramitadas por el Comit\u00e9 de Cumplimiento garantizando su confidencialidad. La finalidad de solicitar un correo electr\u00f3nico (tambi\u00e9n puede indicarse un domicilio o lugar seguro) al informante es para posibilidad remitir notificaciones, como el acuse de recibo de la comunicaci\u00f3n; en caso de considerar necesario solicitar informaci\u00f3n adicional. Si se desea se puede realizar la comunicaci\u00f3n de manera an\u00f3nima. Por ello, se pueden dejar sin cumplimentar los campos \u201cNombre\u201d (identificaci\u00f3n del comunicante), \u201cTel\u00e9fono de contacto\u201d; en correo electr\u00f3nico se puede facilitar uno anonimizado con el objetivo de recibir notificaciones.<\/p>\t\t\t\t\t\t\t\t<\/div>\n\t\t\t\t<\/div>\n\t\t\t\t\t<\/div>\n\t\t<\/div>\n\t\t\t\t\t<\/div>\n\t\t<\/section>\n\t\t\t\t<\/div>","protected":false},"excerpt":{"rendered":"<p>La \u00e9tica es el fundamento de nuestra conducta, son los valores que nos gu\u00edan cuando tomamos una decisi\u00f3n, cuando nos relacionamos con nuestro entorno: un comportamiento \u00e9tico es lo que nos acerca a cumplir nuestros m\u00e1s altos fines, como organizaci\u00f3n y como personas. En LANALDEN entendemos que la \u00e9tica y los negocios van de la [&hellip;]<\/p>\n","protected":false},"author":1,"featured_media":0,"parent":0,"menu_order":0,"comment_status":"closed","ping_status":"closed","template":"","meta":{"_eb_attr":"","footnotes":""},"class_list":["post-27206","page","type-page","status-publish","hentry"],"yoast_head":"<!-- This site is optimized with the Yoast SEO plugin v27.5 - https:\/\/yoast.com\/product\/yoast-seo-wordpress\/ -->\n<title>Canal \u00c9tico - Lanalden<\/title>\n<meta name=\"description\" content=\"Canal \u00e9tico de Lanalden para comunicar de forma confidencial y garantizar el cumplimiento del c\u00f3digo \u00e9tico y la normativa interna.\" \/>\n<meta name=\"robots\" content=\"index, follow, max-snippet:-1, max-image-preview:large, max-video-preview:-1\" \/>\n<link rel=\"canonical\" href=\"https:\/\/www.lanalden.com\/en\/canal-etico\/\" \/>\n<meta property=\"og:locale\" content=\"en_GB\" \/>\n<meta property=\"og:type\" content=\"article\" \/>\n<meta property=\"og:title\" content=\"Canal \u00c9tico - Lanalden\" \/>\n<meta property=\"og:description\" content=\"Canal \u00e9tico de Lanalden para comunicar de forma confidencial y garantizar el cumplimiento del c\u00f3digo \u00e9tico y la normativa interna.\" \/>\n<meta property=\"og:url\" content=\"https:\/\/www.lanalden.com\/en\/canal-etico\/\" \/>\n<meta property=\"og:site_name\" content=\"Lanalden\" \/>\n<meta property=\"article:publisher\" content=\"https:\/\/www.facebook.com\/lanalden\" \/>\n<meta property=\"article:modified_time\" content=\"2026-02-05T14:33:30+00:00\" \/>\n<meta name=\"twitter:card\" content=\"summary_large_image\" \/>\n<meta name=\"twitter:site\" content=\"@lanalden\" \/>\n<meta name=\"twitter:label1\" content=\"Estimated reading time\" \/>\n\t<meta name=\"twitter:data1\" content=\"2 minutes\" \/>\n<script type=\"application\/ld+json\" class=\"yoast-schema-graph\">{\"@context\":\"https:\\\/\\\/schema.org\",\"@graph\":[{\"@type\":\"WebPage\",\"@id\":\"https:\\\/\\\/www.lanalden.com\\\/canal-etico\\\/\",\"url\":\"https:\\\/\\\/www.lanalden.com\\\/canal-etico\\\/\",\"name\":\"Canal \u00c9tico - Lanalden\",\"isPartOf\":{\"@id\":\"https:\\\/\\\/www.lanalden.com\\\/#website\"},\"datePublished\":\"2025-02-26T12:54:44+00:00\",\"dateModified\":\"2026-02-05T14:33:30+00:00\",\"description\":\"Canal \u00e9tico de Lanalden para comunicar de forma confidencial y garantizar el cumplimiento del c\u00f3digo \u00e9tico y la normativa interna.\",\"breadcrumb\":{\"@id\":\"https:\\\/\\\/www.lanalden.com\\\/canal-etico\\\/#breadcrumb\"},\"inLanguage\":\"en-GB\",\"potentialAction\":[{\"@type\":\"ReadAction\",\"target\":[\"https:\\\/\\\/www.lanalden.com\\\/canal-etico\\\/\"]}]},{\"@type\":\"BreadcrumbList\",\"@id\":\"https:\\\/\\\/www.lanalden.com\\\/canal-etico\\\/#breadcrumb\",\"itemListElement\":[{\"@type\":\"ListItem\",\"position\":1,\"name\":\"Home\",\"item\":\"https:\\\/\\\/www.lanalden.com\\\/\"},{\"@type\":\"ListItem\",\"position\":2,\"name\":\"Canal \u00c9tico\"}]},{\"@type\":\"WebSite\",\"@id\":\"https:\\\/\\\/www.lanalden.com\\\/#website\",\"url\":\"https:\\\/\\\/www.lanalden.com\\\/\",\"name\":\"https:\\\/\\\/www.lanalden.com\\\/\",\"description\":\"\",\"publisher\":{\"@id\":\"https:\\\/\\\/www.lanalden.com\\\/#organization\"},\"potentialAction\":[{\"@type\":\"SearchAction\",\"target\":{\"@type\":\"EntryPoint\",\"urlTemplate\":\"https:\\\/\\\/www.lanalden.com\\\/?s={search_term_string}\"},\"query-input\":{\"@type\":\"PropertyValueSpecification\",\"valueRequired\":true,\"valueName\":\"search_term_string\"}}],\"inLanguage\":\"en-GB\"},{\"@type\":\"Organization\",\"@id\":\"https:\\\/\\\/www.lanalden.com\\\/#organization\",\"name\":\"Lanalden\",\"url\":\"https:\\\/\\\/www.lanalden.com\\\/\",\"logo\":{\"@type\":\"ImageObject\",\"inLanguage\":\"en-GB\",\"@id\":\"https:\\\/\\\/www.lanalden.com\\\/#\\\/schema\\\/logo\\\/image\\\/\",\"url\":\"https:\\\/\\\/www.lanalden.com\\\/wp-content\\\/uploads\\\/2025\\\/03\\\/cropped-logo-lanalden-removebg-preview.png\",\"contentUrl\":\"https:\\\/\\\/www.lanalden.com\\\/wp-content\\\/uploads\\\/2025\\\/03\\\/cropped-logo-lanalden-removebg-preview.png\",\"width\":150,\"height\":150,\"caption\":\"Lanalden\"},\"image\":{\"@id\":\"https:\\\/\\\/www.lanalden.com\\\/#\\\/schema\\\/logo\\\/image\\\/\"},\"sameAs\":[\"https:\\\/\\\/www.facebook.com\\\/lanalden\",\"https:\\\/\\\/x.com\\\/lanalden\",\"https:\\\/\\\/es.linkedin.com\\\/company\\\/lanalden\",\"https:\\\/\\\/www.instagram.com\\\/lanaldendb\\\/\"]}]}<\/script>\n<!-- \/ Yoast SEO plugin. -->","yoast_head_json":{"title":"Canal \u00c9tico - Lanalden","description":"Canal \u00e9tico de Lanalden para comunicar de forma confidencial y garantizar el cumplimiento del c\u00f3digo \u00e9tico y la normativa interna.","robots":{"index":"index","follow":"follow","max-snippet":"max-snippet:-1","max-image-preview":"max-image-preview:large","max-video-preview":"max-video-preview:-1"},"canonical":"https:\/\/www.lanalden.com\/en\/canal-etico\/","og_locale":"en_GB","og_type":"article","og_title":"Canal \u00c9tico - Lanalden","og_description":"Canal \u00e9tico de Lanalden para comunicar de forma confidencial y garantizar el cumplimiento del c\u00f3digo \u00e9tico y la normativa interna.","og_url":"https:\/\/www.lanalden.com\/en\/canal-etico\/","og_site_name":"Lanalden","article_publisher":"https:\/\/www.facebook.com\/lanalden","article_modified_time":"2026-02-05T14:33:30+00:00","twitter_card":"summary_large_image","twitter_site":"@lanalden","twitter_misc":{"Estimated reading time":"2 minutes"},"schema":{"@context":"https:\/\/schema.org","@graph":[{"@type":"WebPage","@id":"https:\/\/www.lanalden.com\/canal-etico\/","url":"https:\/\/www.lanalden.com\/canal-etico\/","name":"Canal \u00c9tico - Lanalden","isPartOf":{"@id":"https:\/\/www.lanalden.com\/#website"},"datePublished":"2025-02-26T12:54:44+00:00","dateModified":"2026-02-05T14:33:30+00:00","description":"Canal \u00e9tico de Lanalden para comunicar de forma confidencial y garantizar el cumplimiento del c\u00f3digo \u00e9tico y la normativa interna.","breadcrumb":{"@id":"https:\/\/www.lanalden.com\/canal-etico\/#breadcrumb"},"inLanguage":"en-GB","potentialAction":[{"@type":"ReadAction","target":["https:\/\/www.lanalden.com\/canal-etico\/"]}]},{"@type":"BreadcrumbList","@id":"https:\/\/www.lanalden.com\/canal-etico\/#breadcrumb","itemListElement":[{"@type":"ListItem","position":1,"name":"Home","item":"https:\/\/www.lanalden.com\/"},{"@type":"ListItem","position":2,"name":"Canal \u00c9tico"}]},{"@type":"WebSite","@id":"https:\/\/www.lanalden.com\/#website","url":"https:\/\/www.lanalden.com\/","name":"https:\/\/www.lanalden.com\/","description":"","publisher":{"@id":"https:\/\/www.lanalden.com\/#organization"},"potentialAction":[{"@type":"SearchAction","target":{"@type":"EntryPoint","urlTemplate":"https:\/\/www.lanalden.com\/?s={search_term_string}"},"query-input":{"@type":"PropertyValueSpecification","valueRequired":true,"valueName":"search_term_string"}}],"inLanguage":"en-GB"},{"@type":"Organization","@id":"https:\/\/www.lanalden.com\/#organization","name":"Lanalden","url":"https:\/\/www.lanalden.com\/","logo":{"@type":"ImageObject","inLanguage":"en-GB","@id":"https:\/\/www.lanalden.com\/#\/schema\/logo\/image\/","url":"https:\/\/www.lanalden.com\/wp-content\/uploads\/2025\/03\/cropped-logo-lanalden-removebg-preview.png","contentUrl":"https:\/\/www.lanalden.com\/wp-content\/uploads\/2025\/03\/cropped-logo-lanalden-removebg-preview.png","width":150,"height":150,"caption":"Lanalden"},"image":{"@id":"https:\/\/www.lanalden.com\/#\/schema\/logo\/image\/"},"sameAs":["https:\/\/www.facebook.com\/lanalden","https:\/\/x.com\/lanalden","https:\/\/es.linkedin.com\/company\/lanalden","https:\/\/www.instagram.com\/lanaldendb\/"]}]}},"_links":{"self":[{"href":"https:\/\/www.lanalden.com\/en\/wp-json\/wp\/v2\/pages\/27206","targetHints":{"allow":["GET"]}}],"collection":[{"href":"https:\/\/www.lanalden.com\/en\/wp-json\/wp\/v2\/pages"}],"about":[{"href":"https:\/\/www.lanalden.com\/en\/wp-json\/wp\/v2\/types\/page"}],"author":[{"embeddable":true,"href":"https:\/\/www.lanalden.com\/en\/wp-json\/wp\/v2\/users\/1"}],"replies":[{"embeddable":true,"href":"https:\/\/www.lanalden.com\/en\/wp-json\/wp\/v2\/comments?post=27206"}],"version-history":[{"count":19,"href":"https:\/\/www.lanalden.com\/en\/wp-json\/wp\/v2\/pages\/27206\/revisions"}],"predecessor-version":[{"id":30109,"href":"https:\/\/www.lanalden.com\/en\/wp-json\/wp\/v2\/pages\/27206\/revisions\/30109"}],"wp:attachment":[{"href":"https:\/\/www.lanalden.com\/en\/wp-json\/wp\/v2\/media?parent=27206"}],"curies":[{"name":"wp","href":"https:\/\/api.w.org\/{rel}","templated":true}]}}