{"id":27766,"date":"2025-04-10T13:48:04","date_gmt":"2025-04-10T11:48:04","guid":{"rendered":"https:\/\/www.lanalden.com\/?page_id=27766"},"modified":"2025-05-29T11:31:49","modified_gmt":"2025-05-29T09:31:49","slug":"unete-a-nuestra-newsletter","status":"publish","type":"page","link":"https:\/\/www.lanalden.com\/en\/unete-a-nuestra-newsletter\/","title":{"rendered":"\u00danete a nuestra Newsletter"},"content":{"rendered":"\t\t<div data-elementor-type=\"wp-page\" data-elementor-id=\"27766\" class=\"elementor elementor-27766\">\n\t\t\t\t<div class=\"elementor-element elementor-element-a22d097 e-flex e-con-boxed e-con e-parent\" data-id=\"a22d097\" data-element_type=\"container\" data-e-type=\"container\">\n\t\t\t\t\t<div class=\"e-con-inner\">\n\t\t\t\t<div class=\"elementor-element elementor-element-3415fc1 elementor-widget elementor-widget-text-editor\" data-id=\"3415fc1\" data-element_type=\"widget\" data-e-type=\"widget\" data-widget_type=\"text-editor.default\">\n\t\t\t\t<div class=\"elementor-widget-container\">\n\t\t\t\t\t\t\t\t\t<h2>\u00a1Mantente al d\u00eda con las \u00faltimas novedades!<\/h2>\n\n<p>\u00bfQuieres recibir las noticias m\u00e1s relevantes, actualizaciones y contenido exclusivo directamente en tu bandeja de entrada? \u00danete a nuestra newsletter y no te pierdas nada sobre innovaciones en Contact Centers, soluciones digitales y todo lo relacionado con el mundo de la tecnolog\u00eda y el servicio al cliente.<\/p>\t\t\t\t\t\t\t\t<\/div>\n\t\t\t\t<\/div>\n\t\t\t\t\t<\/div>\n\t\t\t\t<\/div>\n\t\t<div class=\"elementor-element elementor-element-b732976 e-flex e-con-boxed e-con e-parent\" data-id=\"b732976\" data-element_type=\"container\" data-e-type=\"container\">\n\t\t\t\t\t<div class=\"e-con-inner\">\n\t\t\t\t<div class=\"elementor-element elementor-element-fb75168 elementor-widget elementor-widget-qi_addons_for_elementor_contact_form_7\" data-id=\"fb75168\" data-element_type=\"widget\" data-e-type=\"widget\" data-widget_type=\"qi_addons_for_elementor_contact_form_7.default\">\n\t\t\t\t<div class=\"elementor-widget-container\">\n\t\t\t\t\t<div class=\"qodef-shortcode qodef-m qodef-qi-contact-form-7\">\n\t\n<div class=\"wpcf7 no-js\" id=\"wpcf7-f6933-o1\" lang=\"en-US\" dir=\"ltr\" data-wpcf7-id=\"6933\">\n<div class=\"screen-reader-response\"><p role=\"status\" aria-live=\"polite\" aria-atomic=\"true\"><\/p> <ul><\/ul><\/div>\n<form action=\"\/en\/wp-json\/wp\/v2\/pages\/27766#wpcf7-f6933-o1\" method=\"post\" class=\"wpcf7-form init\" aria-label=\"Contact form\" novalidate=\"novalidate\" data-status=\"init\">\n<fieldset class=\"hidden-fields-container\"><input type=\"hidden\" name=\"_wpcf7\" value=\"6933\" \/><input type=\"hidden\" name=\"_wpcf7_version\" value=\"6.1.5\" \/><input type=\"hidden\" name=\"_wpcf7_locale\" value=\"en_US\" \/><input type=\"hidden\" name=\"_wpcf7_unit_tag\" value=\"wpcf7-f6933-o1\" \/><input type=\"hidden\" name=\"_wpcf7_container_post\" value=\"0\" \/><input type=\"hidden\" name=\"_wpcf7_posted_data_hash\" value=\"\" \/>\n<\/fieldset>\n<style type=\"text\/css\">.fabeecdd { position: absolute !important; left: -9999vw !important; }<\/style><div id=\"\" class=\"fabeecdd\"><label for=\"website-fabeecdd\">Website<\/label><input type=\"url\" name=\"website\" value=\"\" autocomplete=\"disable\" tabindex=\"-1\" id=\"website-fabeecdd\"  \/><label for=\"firstname-fabeecdd\">First Name<\/label><input type=\"text\" name=\"firstname\" value=\"\" autocomplete=\"disable\" tabindex=\"-1\" id=\"firstname-fabeecdd\"  \/><label for=\"lastname-fabeecdd\">Last Name<\/label><input type=\"text\" name=\"lastname\" value=\"\" autocomplete=\"disable\" tabindex=\"-1\" id=\"lastname-fabeecdd\"  \/><label for=\"email-fabeecdd\">Email<\/label><input type=\"email\" name=\"email\" value=\"\" autocomplete=\"disable\" tabindex=\"-1\" id=\"email-fabeecdd\"  \/><label for=\"25f7abee2834c6533254111d0708d1-fabeecdd\">Lanalden<\/label><input type=\"text\" name=\"25f7abee2834c6533254111d0708d1\" value=\"\" autocomplete=\"disable\" tabindex=\"-1\" id=\"25f7abee2834c6533254111d0708d1-fabeecdd\"  \/><\/div><style>\n  \/* Formulario *\/\n  .wpcf7-form {\n    width: 100%;  \/* Asegura que el formulario ocupe todo el ancho disponible *\/\n    max-width: 100%;  \/* Sin restricci\u00f3n de m\u00e1ximo ancho *\/\n    margin: 0 auto;\n    font-family: 'Segoe UI', sans-serif;\n    background-color: #fff;\n    padding: 25px;\n    border-radius: 12px;\n    box-shadow: 0 4px 10px rgba(0, 0, 0, 0.1);\n    color: #333;\n  }\n\n  \/* T\u00edtulo del formulario *\/\n  .wpcf7-form label {\n    display: block;\n    font-size: 15px;\n    font-weight: 500;\n    color: #333;\n    margin-bottom: 10px;\n  }\n\n  \/* Campo de entrada (correo electr\u00f3nico) *\/\n  .wpcf7-form input[type=\"email\"] {\n    width: 100%;  \/* Hace que el campo ocupe todo el ancho *\/\n    padding: 14px 18px;\n    font-size: 14px;\n    border: 1px solid #ccc;\n    border-radius: 8px;\n    background-color: #f5f5f5;\n    margin-bottom: 16px;\n    transition: border-color 0.3s ease;\n  }\n\n  \/* Efecto en el campo de correo al hacer focus *\/\n  .wpcf7-form input[type=\"email\"]:focus {\n    border-color: #005caa;\n    outline: none;\n  }\n\n  \/* Campo de aceptaci\u00f3n (checkbox) *\/\n  .wpcf7-form input[type=\"checkbox\"] {\n    margin-right: 8px;\n  }\n\n  .wpcf7-form label[for=\"consent-accept\"] {\n    font-size: 14px;\n    color: #777;\n  }\n\n  \/* Estilo del bot\u00f3n *\/\n  .wpcf7-form input[type=\"submit\"] {\n    background-color: #005caa;\n    color: #fff;\n    font-size: 15px;\n    padding: 1px 0;\n    border: none;\n    border-radius: 8px;\n    cursor: pointer;\n    text-transform: uppercase;\n    transition: background-color 0.3s ease;\n    width: 30%;  \/* Hace que el bot\u00f3n ocupe todo el ancho *\/\n    margin-top: 12px;\n    height: 40px;\n  }\n\n  \/* Efecto hover sobre el bot\u00f3n *\/\n  .wpcf7-form input[type=\"submit\"]:hover {\n    background-color: #004d90;\n  }\n<\/style>\n\n<div class=\"wpcf7-form\">\n  <label for=\"your-email\">Correo Electr\u00f3nico:<\/label>\n  <span class=\"wpcf7-form-control-wrap\" data-name=\"your-email\"><input size=\"40\" maxlength=\"400\" class=\"wpcf7-form-control wpcf7-email wpcf7-validates-as-required wpcf7-text wpcf7-validates-as-email\" id=\"your-email\" aria-required=\"true\" aria-invalid=\"false\" value=\"\" type=\"email\" name=\"your-email\" \/><\/span>\n\n  <label for=\"consent-accept\">\n    <span class=\"wpcf7-form-control-wrap\" data-name=\"consent-accept\"><span class=\"wpcf7-form-control wpcf7-checkbox wpcf7-validates-as-required\"><span class=\"wpcf7-list-item first last\"><input type=\"checkbox\" name=\"consent-accept[]\" value=\"Acepto recibir comunicaciones por parte de Lanalden\" \/><span class=\"wpcf7-list-item-label\">Acepto recibir comunicaciones por parte de Lanalden<\/span><\/span><\/span><\/span>\n  <\/label>\n\n  <input class=\"wpcf7-form-control wpcf7-hidden timestamp\" id=\"timestamp\" value=\"\" type=\"hidden\" name=\"timestamp\" \/>\n\n  <input type=\"submit\" value=\"Enviar\">\n<\/div>\n\n<script>\n  document.addEventListener('DOMContentLoaded', function () {\n    let form = document.querySelector('.wpcf7-form');\n\n    if (form) {\n      let timestampField = form.querySelector('input[name=\"timestamp\"]');\n\n      if (!timestampField) {\n        console.error(\"El campo 'timestamp' no se encontr\u00f3 en el formulario.\");\n        return;\n      }\n\n      form.addEventListener('submit', function (event) {\n        let now = new Date();\n        let localDateTime = now.toLocaleString(\"es-ES\", { timeZone: \"Europe\/Madrid\" });\n        timestampField.setAttribute('value', localDateTime);\n      }, true);\n    }\n  });\n<\/script><div class=\"wpcf7-response-output\" aria-hidden=\"true\"><\/div>\n<\/form>\n<\/div>\n<\/div>\n\t\t\t\t<\/div>\n\t\t\t\t<\/div>\n\t\t\t\t\t<\/div>\n\t\t\t\t<\/div>\n\t\t\t\t<\/div>\n\t\t","protected":false},"excerpt":{"rendered":"<p>\u00a1Mantente al d\u00eda con las \u00faltimas novedades! \u00bfQuieres recibir las noticias m\u00e1s relevantes, actualizaciones y contenido exclusivo directamente en tu bandeja de entrada? \u00danete a nuestra newsletter y no te pierdas nada sobre innovaciones en Contact Centers, soluciones digitales y todo lo relacionado con el mundo de la tecnolog\u00eda y el servicio al cliente. WebsiteFirst [&hellip;]<\/p>\n","protected":false},"author":1,"featured_media":0,"parent":0,"menu_order":0,"comment_status":"closed","ping_status":"closed","template":"","meta":{"_eb_attr":"","footnotes":""},"class_list":["post-27766","page","type-page","status-publish","hentry"],"yoast_head":"<!-- This site is optimized with the Yoast SEO plugin v27.5 - https:\/\/yoast.com\/product\/yoast-seo-wordpress\/ -->\n<title>\u00danete a nuestra Newsletter - Lanalden<\/title>\n<meta name=\"description\" content=\"\u00danete a nuestra newsletter para recibir novedades y tendencias sobre contact center, tecnolog\u00eda e inteligencia artificial.\" \/>\n<meta name=\"robots\" content=\"index, follow, max-snippet:-1, max-image-preview:large, max-video-preview:-1\" \/>\n<link rel=\"canonical\" href=\"https:\/\/www.lanalden.com\/en\/unete-a-nuestra-newsletter\/\" \/>\n<meta property=\"og:locale\" content=\"en_GB\" \/>\n<meta property=\"og:type\" content=\"article\" \/>\n<meta property=\"og:title\" content=\"\u00danete a nuestra Newsletter - Lanalden\" \/>\n<meta property=\"og:description\" content=\"\u00danete a nuestra newsletter para recibir novedades y tendencias sobre contact center, tecnolog\u00eda e inteligencia artificial.\" \/>\n<meta property=\"og:url\" content=\"https:\/\/www.lanalden.com\/en\/unete-a-nuestra-newsletter\/\" \/>\n<meta property=\"og:site_name\" content=\"Lanalden\" \/>\n<meta property=\"article:publisher\" content=\"https:\/\/www.facebook.com\/lanalden\" \/>\n<meta property=\"article:modified_time\" content=\"2025-05-29T09:31:49+00:00\" \/>\n<meta name=\"twitter:card\" content=\"summary_large_image\" \/>\n<meta name=\"twitter:site\" content=\"@lanalden\" \/>\n<meta name=\"twitter:label1\" content=\"Estimated reading time\" \/>\n\t<meta name=\"twitter:data1\" content=\"1 minute\" \/>\n<script type=\"application\/ld+json\" class=\"yoast-schema-graph\">{\"@context\":\"https:\\\/\\\/schema.org\",\"@graph\":[{\"@type\":\"WebPage\",\"@id\":\"https:\\\/\\\/www.lanalden.com\\\/unete-a-nuestra-newsletter\\\/\",\"url\":\"https:\\\/\\\/www.lanalden.com\\\/unete-a-nuestra-newsletter\\\/\",\"name\":\"\u00danete a nuestra Newsletter - Lanalden\",\"isPartOf\":{\"@id\":\"https:\\\/\\\/www.lanalden.com\\\/#website\"},\"datePublished\":\"2025-04-10T11:48:04+00:00\",\"dateModified\":\"2025-05-29T09:31:49+00:00\",\"description\":\"\u00danete a nuestra newsletter para recibir novedades y tendencias sobre contact center, tecnolog\u00eda e inteligencia artificial.\",\"breadcrumb\":{\"@id\":\"https:\\\/\\\/www.lanalden.com\\\/unete-a-nuestra-newsletter\\\/#breadcrumb\"},\"inLanguage\":\"en-GB\",\"potentialAction\":[{\"@type\":\"ReadAction\",\"target\":[\"https:\\\/\\\/www.lanalden.com\\\/unete-a-nuestra-newsletter\\\/\"]}]},{\"@type\":\"BreadcrumbList\",\"@id\":\"https:\\\/\\\/www.lanalden.com\\\/unete-a-nuestra-newsletter\\\/#breadcrumb\",\"itemListElement\":[{\"@type\":\"ListItem\",\"position\":1,\"name\":\"Home\",\"item\":\"https:\\\/\\\/www.lanalden.com\\\/\"},{\"@type\":\"ListItem\",\"position\":2,\"name\":\"\u00danete a nuestra Newsletter\"}]},{\"@type\":\"WebSite\",\"@id\":\"https:\\\/\\\/www.lanalden.com\\\/#website\",\"url\":\"https:\\\/\\\/www.lanalden.com\\\/\",\"name\":\"https:\\\/\\\/www.lanalden.com\\\/\",\"description\":\"\",\"publisher\":{\"@id\":\"https:\\\/\\\/www.lanalden.com\\\/#organization\"},\"potentialAction\":[{\"@type\":\"SearchAction\",\"target\":{\"@type\":\"EntryPoint\",\"urlTemplate\":\"https:\\\/\\\/www.lanalden.com\\\/?s={search_term_string}\"},\"query-input\":{\"@type\":\"PropertyValueSpecification\",\"valueRequired\":true,\"valueName\":\"search_term_string\"}}],\"inLanguage\":\"en-GB\"},{\"@type\":\"Organization\",\"@id\":\"https:\\\/\\\/www.lanalden.com\\\/#organization\",\"name\":\"Lanalden\",\"url\":\"https:\\\/\\\/www.lanalden.com\\\/\",\"logo\":{\"@type\":\"ImageObject\",\"inLanguage\":\"en-GB\",\"@id\":\"https:\\\/\\\/www.lanalden.com\\\/#\\\/schema\\\/logo\\\/image\\\/\",\"url\":\"https:\\\/\\\/www.lanalden.com\\\/wp-content\\\/uploads\\\/2025\\\/03\\\/cropped-logo-lanalden-removebg-preview.png\",\"contentUrl\":\"https:\\\/\\\/www.lanalden.com\\\/wp-content\\\/uploads\\\/2025\\\/03\\\/cropped-logo-lanalden-removebg-preview.png\",\"width\":150,\"height\":150,\"caption\":\"Lanalden\"},\"image\":{\"@id\":\"https:\\\/\\\/www.lanalden.com\\\/#\\\/schema\\\/logo\\\/image\\\/\"},\"sameAs\":[\"https:\\\/\\\/www.facebook.com\\\/lanalden\",\"https:\\\/\\\/x.com\\\/lanalden\",\"https:\\\/\\\/es.linkedin.com\\\/company\\\/lanalden\",\"https:\\\/\\\/www.instagram.com\\\/lanaldendb\\\/\"]}]}<\/script>\n<!-- \/ Yoast SEO plugin. -->","yoast_head_json":{"title":"\u00danete a nuestra Newsletter - Lanalden","description":"\u00danete a nuestra newsletter para recibir novedades y tendencias sobre contact center, tecnolog\u00eda e inteligencia artificial.","robots":{"index":"index","follow":"follow","max-snippet":"max-snippet:-1","max-image-preview":"max-image-preview:large","max-video-preview":"max-video-preview:-1"},"canonical":"https:\/\/www.lanalden.com\/en\/unete-a-nuestra-newsletter\/","og_locale":"en_GB","og_type":"article","og_title":"\u00danete a nuestra Newsletter - Lanalden","og_description":"\u00danete a nuestra newsletter para recibir novedades y tendencias sobre contact center, tecnolog\u00eda e inteligencia artificial.","og_url":"https:\/\/www.lanalden.com\/en\/unete-a-nuestra-newsletter\/","og_site_name":"Lanalden","article_publisher":"https:\/\/www.facebook.com\/lanalden","article_modified_time":"2025-05-29T09:31:49+00:00","twitter_card":"summary_large_image","twitter_site":"@lanalden","twitter_misc":{"Estimated reading time":"1 minute"},"schema":{"@context":"https:\/\/schema.org","@graph":[{"@type":"WebPage","@id":"https:\/\/www.lanalden.com\/unete-a-nuestra-newsletter\/","url":"https:\/\/www.lanalden.com\/unete-a-nuestra-newsletter\/","name":"\u00danete a nuestra Newsletter - Lanalden","isPartOf":{"@id":"https:\/\/www.lanalden.com\/#website"},"datePublished":"2025-04-10T11:48:04+00:00","dateModified":"2025-05-29T09:31:49+00:00","description":"\u00danete a nuestra newsletter para recibir novedades y tendencias sobre contact center, tecnolog\u00eda e inteligencia artificial.","breadcrumb":{"@id":"https:\/\/www.lanalden.com\/unete-a-nuestra-newsletter\/#breadcrumb"},"inLanguage":"en-GB","potentialAction":[{"@type":"ReadAction","target":["https:\/\/www.lanalden.com\/unete-a-nuestra-newsletter\/"]}]},{"@type":"BreadcrumbList","@id":"https:\/\/www.lanalden.com\/unete-a-nuestra-newsletter\/#breadcrumb","itemListElement":[{"@type":"ListItem","position":1,"name":"Home","item":"https:\/\/www.lanalden.com\/"},{"@type":"ListItem","position":2,"name":"\u00danete a nuestra Newsletter"}]},{"@type":"WebSite","@id":"https:\/\/www.lanalden.com\/#website","url":"https:\/\/www.lanalden.com\/","name":"https:\/\/www.lanalden.com\/","description":"","publisher":{"@id":"https:\/\/www.lanalden.com\/#organization"},"potentialAction":[{"@type":"SearchAction","target":{"@type":"EntryPoint","urlTemplate":"https:\/\/www.lanalden.com\/?s={search_term_string}"},"query-input":{"@type":"PropertyValueSpecification","valueRequired":true,"valueName":"search_term_string"}}],"inLanguage":"en-GB"},{"@type":"Organization","@id":"https:\/\/www.lanalden.com\/#organization","name":"Lanalden","url":"https:\/\/www.lanalden.com\/","logo":{"@type":"ImageObject","inLanguage":"en-GB","@id":"https:\/\/www.lanalden.com\/#\/schema\/logo\/image\/","url":"https:\/\/www.lanalden.com\/wp-content\/uploads\/2025\/03\/cropped-logo-lanalden-removebg-preview.png","contentUrl":"https:\/\/www.lanalden.com\/wp-content\/uploads\/2025\/03\/cropped-logo-lanalden-removebg-preview.png","width":150,"height":150,"caption":"Lanalden"},"image":{"@id":"https:\/\/www.lanalden.com\/#\/schema\/logo\/image\/"},"sameAs":["https:\/\/www.facebook.com\/lanalden","https:\/\/x.com\/lanalden","https:\/\/es.linkedin.com\/company\/lanalden","https:\/\/www.instagram.com\/lanaldendb\/"]}]}},"_links":{"self":[{"href":"https:\/\/www.lanalden.com\/en\/wp-json\/wp\/v2\/pages\/27766","targetHints":{"allow":["GET"]}}],"collection":[{"href":"https:\/\/www.lanalden.com\/en\/wp-json\/wp\/v2\/pages"}],"about":[{"href":"https:\/\/www.lanalden.com\/en\/wp-json\/wp\/v2\/types\/page"}],"author":[{"embeddable":true,"href":"https:\/\/www.lanalden.com\/en\/wp-json\/wp\/v2\/users\/1"}],"replies":[{"embeddable":true,"href":"https:\/\/www.lanalden.com\/en\/wp-json\/wp\/v2\/comments?post=27766"}],"version-history":[{"count":7,"href":"https:\/\/www.lanalden.com\/en\/wp-json\/wp\/v2\/pages\/27766\/revisions"}],"predecessor-version":[{"id":27775,"href":"https:\/\/www.lanalden.com\/en\/wp-json\/wp\/v2\/pages\/27766\/revisions\/27775"}],"wp:attachment":[{"href":"https:\/\/www.lanalden.com\/en\/wp-json\/wp\/v2\/media?parent=27766"}],"curies":[{"name":"wp","href":"https:\/\/api.w.org\/{rel}","templated":true}]}}